{"id":33015,"date":"2023-12-21T18:00:09","date_gmt":"2023-12-21T18:00:09","guid":{"rendered":"https:\/\/e.kosmolat.eu\/product\/dd-balzams-tauksakne-un-purva-varnkaja-75-ml\/"},"modified":"2026-04-07T13:24:35","modified_gmt":"2026-04-07T13:24:35","slug":"dd-balzams-tauksakne-un-purva-varnkaja-75-ml","status":"publish","type":"product","link":"https:\/\/e.kosmolat.eu\/lv\/product\/dd-balzams-tauksakne-un-purva-varnkaja-75-ml\/","title":{"rendered":"&#8220;DD&#8221; Balzams &#8220;Tauksakne un purva v\u0101rnk\u0101ja&#8221;, 75 ml"},"content":{"rendered":"<p>Ieteicams izmantot loc\u012btavu un saistaudu st\u0101vok\u013ca uzlabo&scaron;anai. Balzama vesel\u012bguma un efekta pamat\u0101 ir atsevi&scaron;\u0137as sast\u0101vda\u013cas, kuras ietilpst t\u0101 sast\u0101v\u0101.<\/p>\n<p>Purva v\u0101rnk\u0101jai piem\u012bt ipa&scaron;\u012bbas mazin\u0101t s\u0101pes, izmanto pret reimatisk\u0101m s\u0101p\u0113m un artr\u012btu. Tauksaknei piem\u012bt pretiekaisuma un prets\u0101pju iedarb\u012bba. Veicina kaulaudu atjauno&scaron;anu.<\/p>\n<p>Nav \u0101rstniec\u012bbas l\u012bdzeklis.<\/p>\n<p><strong>Lieto&scaron;ana:<\/strong>&nbsp;nelielu daudzumu balzama uzkl\u0101t uz problem\u0101tisk\u0101s \u0137erme\u0146a da\u013cas. Pamas\u0113t 3 &#8211; 5 min\u016btes, kam\u0113r balzams ies\u016bcas \u0101d\u0101. Proced\u016bru veikt 2 &#8211; 3 reizes dien\u0101 7 &#8211; 10 dienas.<\/p>\n<p><strong>Piesardz\u012bbas pas\u0101kumi:<\/strong>&nbsp;tikai \u0101r\u012bgai lieto&scaron;anai. Izvair\u012bties no nok\u013c\u016b&scaron;anas uz g\u013cot\u0101das (deguns, acis), atkl\u0101t\u0101m br\u016bc\u0113m. Nok\u013c\u016bstot ac\u012bs, mazg\u0101t ar \u016bdeni.<\/p>\n<p><strong>Kontrindik\u0101cijas:&nbsp;<\/strong>Nav ieteicams gr\u016btniec\u0113m un ar kr\u016bti barojo&scaron;\u0101m sieviet\u0113m, pie paaugstin\u0101tas jut\u012bbas pret k\u0101du no sast\u0101vda\u013c\u0101m. B\u0113rniem l\u012bdz 18 gdu vecumam.<\/p>\n<p><strong>Uzlgab\u0101&scaron;ana:<\/strong> no +5 &deg;\u0421 l\u012bdz +25 &deg;\u0421.&nbsp;<\/p>\n","protected":false},"excerpt":{"rendered":"<p>Ieteicams izmantot loc\u012btavu un saistaudu st\u0101vok\u013ca uzlabo&scaron;anai. Balzama vesel\u012bguma un efekta pamat\u0101 ir atsevi&scaron;\u0137as sast\u0101vda\u013cas, kuras ietilpst t\u0101 sast\u0101v\u0101. Purva v\u0101rnk\u0101jai piem\u012bt ipa&scaron;\u012bbas mazin\u0101t s\u0101pes, izmanto pret reimatisk\u0101m s\u0101p\u0113m un artr\u012btu. Tauksaknei piem\u012bt pretiekaisuma un prets\u0101pju iedarb\u012bba. Veicina kaulaudu atjauno&scaron;anu. Nav \u0101rstniec\u012bbas l\u012bdzeklis. Lieto&scaron;ana:&nbsp;nelielu daudzumu balzama uzkl\u0101t uz problem\u0101tisk\u0101s \u0137erme\u0146a da\u013cas. Pamas\u0113t 3 &#8211; 5 [&#8230;]\n","protected":false},"featured_media":96606,"template":"","meta":[],"product_cat":[1388],"product_tag":[],"class_list":{"0":"post-33015","1":"product","2":"type-product","3":"status-publish","4":"has-post-thumbnail","6":"product_brand-elfa_ua","7":"product_cat-kermena-kremi-pienini-sviesti","9":"first","10":"outofstock","11":"taxable","12":"shipping-taxable","13":"product-type-simple"},"_links":{"self":[{"href":"https:\/\/e.kosmolat.eu\/lv\/wp-json\/wp\/v2\/product\/33015","targetHints":{"allow":["GET"]}}],"collection":[{"href":"https:\/\/e.kosmolat.eu\/lv\/wp-json\/wp\/v2\/product"}],"about":[{"href":"https:\/\/e.kosmolat.eu\/lv\/wp-json\/wp\/v2\/types\/product"}],"wp:featuredmedia":[{"embeddable":true,"href":"https:\/\/e.kosmolat.eu\/lv\/wp-json\/wp\/v2\/media\/96606"}],"wp:attachment":[{"href":"https:\/\/e.kosmolat.eu\/lv\/wp-json\/wp\/v2\/media?parent=33015"}],"wp:term":[{"taxonomy":"product_cat","embeddable":true,"href":"https:\/\/e.kosmolat.eu\/lv\/wp-json\/wp\/v2\/product_cat?post=33015"},{"taxonomy":"product_tag","embeddable":true,"href":"https:\/\/e.kosmolat.eu\/lv\/wp-json\/wp\/v2\/product_tag?post=33015"}],"curies":[{"name":"wp","href":"https:\/\/api.w.org\/{rel}","templated":true}]}}