{"id":33011,"date":"2023-12-21T17:59:47","date_gmt":"2023-12-21T17:59:47","guid":{"rendered":"https:\/\/e.kosmolat.eu\/product\/dr-s-cucumber-sejas-krems-50-ml\/"},"modified":"2026-04-23T12:16:43","modified_gmt":"2026-04-23T12:16:43","slug":"dr-s-cucumber-sejas-krems-50-ml","status":"publish","type":"product","link":"https:\/\/e.kosmolat.eu\/lv\/product\/dr-s-cucumber-sejas-krems-50-ml\/","title":{"rendered":"&#8220;Dr.S.Cucumber&#8221; Sejas kr\u0113ms, 50 ml"},"content":{"rendered":"<p>Kr\u0113ms nodro&scaron;ina nepiecie&scaron;amo kop&scaron;anu norm\u0101lai \u0101dai un \u0101dai ar p\u0101rm\u0113r\u012bgu taukain\u012bbu. &nbsp;Acumirkl\u012b nov\u0113r&scaron; taukainu sp\u012bdumu un sniedz maigu mat\u0113jo&scaron;u efektu. Nodro&scaron;ina mitrin\u0101&scaron;anu un baro&scaron;anu. Piem\u0113rots lieto&scaron;anai jebkur\u0101 diennakts laikam.<\/p>\n<p>\u012apa&scaron;\u012bbas:<\/p>\n<ul>\n<li>Nesatur miner\u0101le\u013c\u013cas, parab\u0113nus, kr\u0101svielas, alerg\u0113nus.<\/li>\n<li>\u0100das mat\u0113&scaron;ana, poru sa&scaron;aurin\u0101&scaron;ana, tauku dziedzeru darb\u012bbas regul\u0113&scaron;ana. Gur\u0137a un citrona ekstrakti normaliz\u0113 keratiniz\u0101cijas procesu un regul\u0113 tauku dziedzeru darb\u012bbu. Nov\u0113r&scaron; poru aizsprosto&scaron;anos. Nov\u0113r&scaron; taukainu sp\u012bdumu, pie&scaron;\u0137ir \u0101dai vienm\u0113r\u012bgu mat\u0113tu toni. Toniz\u0113, sa&scaron;aurina poras, uzlabo sejas kr\u0101su.<\/li>\n<li>Mitrin\u0101&scaron;ana, baro&scaron;ana, aizsardz\u012bba. &Scaron;\u012b sviests un Roibasa ekstrakts &#8211; dab\u012bgie UV-filtri, aizsarg\u0101 no saules staru negat\u012bv\u0101s iedarb\u012bbas, paildzinot \u0101das jaun\u012bbu. Mitrina un baro, nodro&scaron;ina ar vitam\u012bniem.<\/li>\n<li>J\u016bras a\u013c\u0123es pies\u0101tina s\u016bnas ar miner\u0101liem, veicina &scaron;\u016bnu&nbsp;vielmai\u0146as procesu pa\u0101trin\u0101&scaron;anu, paaugstina \u0101das elast\u012bbu.<\/li>\n<li>Acnacidol komplekss sniedz antibakteri\u0101lo iedarb\u012bbu, kav\u0113jot iekaisuma procesus.<\/li>\n<li>A un E vitam\u012bni nomierina \u0101du, nodro&scaron;ina antioksidantu aizsardz\u012bbu.<\/li>\n<li>S\u012bko grumbu izl\u012bdzin\u0101&scaron;ana<strong>.<\/strong> Mitrin\u0101&scaron;ana, kas tiek nodro&scaron;in\u0101ta ar l\u012bdzek\u013ca akt\u012bvo sast\u0101vda\u013cu darb\u012bbu, taj\u0101 skait\u0101 dab\u012bgu e\u013c\u013cu un ekstraktu, nodro&scaron;ina s\u012bku grumbu izl\u012bdzin\u0101&scaron;anu.<\/li>\n<\/ul>\n<p><strong>Lieto&scaron;ana:&nbsp;<\/strong>ar viegl\u0101m mas\u0113jo&scaron;\u0101m kust\u012bb\u0101m uzkl\u0101t uz att\u012br\u012btas sejas \u0101das.&nbsp;<\/p>\n","protected":false},"excerpt":{"rendered":"<p>Kr\u0113ms nodro&scaron;ina nepiecie&scaron;amo kop&scaron;anu norm\u0101lai \u0101dai un \u0101dai ar p\u0101rm\u0113r\u012bgu taukain\u012bbu. &nbsp;Acumirkl\u012b nov\u0113r&scaron; taukainu sp\u012bdumu un sniedz maigu mat\u0113jo&scaron;u efektu. Nodro&scaron;ina mitrin\u0101&scaron;anu un baro&scaron;anu. Piem\u0113rots lieto&scaron;anai jebkur\u0101 diennakts laikam. \u012apa&scaron;\u012bbas: Nesatur miner\u0101le\u013c\u013cas, parab\u0113nus, kr\u0101svielas, alerg\u0113nus. \u0100das mat\u0113&scaron;ana, poru sa&scaron;aurin\u0101&scaron;ana, tauku dziedzeru darb\u012bbas regul\u0113&scaron;ana. Gur\u0137a un citrona ekstrakti normaliz\u0113 keratiniz\u0101cijas procesu un regul\u0113 tauku dziedzeru darb\u012bbu. [&#8230;]\n","protected":false},"featured_media":79626,"template":"","meta":[],"product_cat":[1323],"product_tag":[],"class_list":{"0":"post-33011","1":"product","2":"type-product","3":"status-publish","4":"has-post-thumbnail","6":"product_brand-elfa_ua","7":"product_cat-1323","9":"first","10":"instock","11":"taxable","12":"shipping-taxable","13":"product-type-simple"},"_links":{"self":[{"href":"https:\/\/e.kosmolat.eu\/lv\/wp-json\/wp\/v2\/product\/33011","targetHints":{"allow":["GET"]}}],"collection":[{"href":"https:\/\/e.kosmolat.eu\/lv\/wp-json\/wp\/v2\/product"}],"about":[{"href":"https:\/\/e.kosmolat.eu\/lv\/wp-json\/wp\/v2\/types\/product"}],"wp:featuredmedia":[{"embeddable":true,"href":"https:\/\/e.kosmolat.eu\/lv\/wp-json\/wp\/v2\/media\/79626"}],"wp:attachment":[{"href":"https:\/\/e.kosmolat.eu\/lv\/wp-json\/wp\/v2\/media?parent=33011"}],"wp:term":[{"taxonomy":"product_cat","embeddable":true,"href":"https:\/\/e.kosmolat.eu\/lv\/wp-json\/wp\/v2\/product_cat?post=33011"},{"taxonomy":"product_tag","embeddable":true,"href":"https:\/\/e.kosmolat.eu\/lv\/wp-json\/wp\/v2\/product_tag?post=33011"}],"curies":[{"name":"wp","href":"https:\/\/api.w.org\/{rel}","templated":true}]}}