{"id":33007,"date":"2023-12-21T17:59:24","date_gmt":"2023-12-21T17:59:24","guid":{"rendered":"https:\/\/e.kosmolat.eu\/product\/dr-s-cucumber-micelarais-udens-sejai-200-ml\/"},"modified":"2026-04-21T07:50:18","modified_gmt":"2026-04-21T07:50:18","slug":"dr-s-cucumber-micelarais-udens-sejai-200-ml","status":"publish","type":"product","link":"https:\/\/e.kosmolat.eu\/lv\/product\/dr-s-cucumber-micelarais-udens-sejai-200-ml\/","title":{"rendered":"&#8220;Dr.S.Cucumber&#8221; Micel\u0101rais \u016bdens sejai, 200 ml"},"content":{"rendered":"<ul>\n<li><span style=\"line-height: 1.42857;\">Mat\u0113jo\u0161s efekts<\/span><\/li>\n<li>Norm\u0101lai \u0101dai un \u0101dai tend\u0113tai uz taukainumu<\/li>\n<li>0% spirta, ziepju, smar\u017evielu, parab\u0113nu, kr\u0101svielu<\/li>\n<\/ul>\n<p>Cucumber s\u0113rijas micel\u0101rais \u016bdens &#8211; ide\u0101ls sejas un dekolt\u0113 zonas att\u012br\u012b\u0161anas l\u012bdzeklis norm\u0101lai \u0101dai un \u0101dai tend\u0113tai uz taukainumu. Izgatavots uz speci\u0101l\u0101 m\u012bkstin\u0101ta \u016bde\u0146a b\u0101zes. Micellas apv\u0101ko makij\u0101\u017eas da\u013ci\u0146as un efekt\u012bvi likvid\u0113 tos. L\u012bdzek\u013ca m\u016bsdienu formula toniz\u0113, atgrie\u017e \u0101dai t\u012br\u012bbu un svaigumu.<\/p>\n<p>L\u012bdzeklis piem\u0113rots visiem \u0101das tipiem, \u012bpa\u0161i j\u016bt\u012bgai \u0101dai acu zon\u0101. Ide\u0101li piem\u0113rots att\u012br\u012b\u0161anai piknik\u0101, vasarn\u012bc\u0101, transport\u0101 u.c.<\/p>\n<h4>Lieto\u0161ana:<\/h4>\n<p>samitrin\u0101t spon\u017eu un att\u012br\u012bt seju un dekolt\u0113 zonu. L\u012bdzek\u013ca p\u0101rpalikumus var not\u012br\u012bt ar salveti. Nav j\u0101nomazg\u0101, nekairina un sausina \u0101du.<\/p>\n","protected":false},"excerpt":{"rendered":"<p>Mat\u0113jo\u0161s efekts Norm\u0101lai \u0101dai un \u0101dai tend\u0113tai uz taukainumu 0% spirta, ziepju, smar\u017evielu, parab\u0113nu, kr\u0101svielu Cucumber s\u0113rijas micel\u0101rais \u016bdens &#8211; ide\u0101ls sejas un dekolt\u0113 zonas att\u012br\u012b\u0161anas l\u012bdzeklis norm\u0101lai \u0101dai un \u0101dai tend\u0113tai uz taukainumu. Izgatavots uz speci\u0101l\u0101 m\u012bkstin\u0101ta \u016bde\u0146a b\u0101zes. Micellas apv\u0101ko makij\u0101\u017eas da\u013ci\u0146as un efekt\u012bvi likvid\u0113 tos. L\u012bdzek\u013ca m\u016bsdienu formula toniz\u0113, atgrie\u017e \u0101dai t\u012br\u012bbu [&#8230;]\n","protected":false},"featured_media":96582,"template":"","meta":[],"product_cat":[1568],"product_tag":[],"class_list":{"0":"post-33007","1":"product","2":"type-product","3":"status-publish","4":"has-post-thumbnail","6":"product_brand-elfa_ua","7":"product_cat-micelarais-udens","9":"first","10":"instock","11":"taxable","12":"shipping-taxable","13":"product-type-simple"},"_links":{"self":[{"href":"https:\/\/e.kosmolat.eu\/lv\/wp-json\/wp\/v2\/product\/33007","targetHints":{"allow":["GET"]}}],"collection":[{"href":"https:\/\/e.kosmolat.eu\/lv\/wp-json\/wp\/v2\/product"}],"about":[{"href":"https:\/\/e.kosmolat.eu\/lv\/wp-json\/wp\/v2\/types\/product"}],"wp:featuredmedia":[{"embeddable":true,"href":"https:\/\/e.kosmolat.eu\/lv\/wp-json\/wp\/v2\/media\/96582"}],"wp:attachment":[{"href":"https:\/\/e.kosmolat.eu\/lv\/wp-json\/wp\/v2\/media?parent=33007"}],"wp:term":[{"taxonomy":"product_cat","embeddable":true,"href":"https:\/\/e.kosmolat.eu\/lv\/wp-json\/wp\/v2\/product_cat?post=33007"},{"taxonomy":"product_tag","embeddable":true,"href":"https:\/\/e.kosmolat.eu\/lv\/wp-json\/wp\/v2\/product_tag?post=33007"}],"curies":[{"name":"wp","href":"https:\/\/api.w.org\/{rel}","templated":true}]}}