{"id":33003,"date":"2023-12-21T17:58:57","date_gmt":"2023-12-21T17:58:57","guid":{"rendered":"https:\/\/e.kosmolat.eu\/product\/dd-balzams-maska-altaja-mumijs-un-medus-stimulejosa-500-ml\/"},"modified":"2025-07-08T14:28:55","modified_gmt":"2025-07-08T14:28:55","slug":"i_dd-balzams-maska-altaja-mumijs-un-medus-stimulejosa-500-ml","status":"publish","type":"product","link":"https:\/\/e.kosmolat.eu\/lv\/product\/i_dd-balzams-maska-altaja-mumijs-un-medus-stimulejosa-500-ml\/","title":{"rendered":"I_&#8221;DD&#8221; Balzams-maska &#8220;Altaja m\u016bmijs un medus&#8221; Stimulejo\u0161a, 500 ml"},"content":{"rendered":"<p>Balzams-maska ar sabalans\u0113tu sast\u0101vda\u013cu kompleksu. Pla\u0161i izmanto matu s\u012bpoli\u0146u un matu aug\u0161anas stimul\u0113\u0161anai un stiprin\u0101\u0161anai. Linu e\u013c\u013cai piem\u012bt atjaunojo\u0161a un antbakteri\u0101la iedarb\u012bba, mitrina matus un galvas \u0101du. Balzama-maskas sast\u0101vda\u013cas matus padara z\u012bdainus un mirdzo\u0161us. P\u0113c lieto\u0161anas mati ir viegl\u0101k \u0137emm\u0113jami un pak\u013c\u0101v\u012bg\u0101ki.<br \/>\nM\u016bmija ekstrakts &#8211;  &#8220;kalnu asara&#8221; &#8211; dab\u012bgs organisko un neorganisko vielu mais\u012bjums, kas sast\u0101v no vair\u0101k nek\u0101 80 sast\u0101vda\u013c\u0101m. Uzlabo matu \u0101r\u0113jo izskatu, pastiprina dab\u012bgo skaistumu.<br \/>\nMedus ekstrakts matiem pie\u0161\u0137ir pat\u012bkamu z\u012bdainumu.<\/p>\n<p>LIETO\u0160ANA: uzkl\u0101t piesak\u0146u zon\u0101 un izl\u012bdzin\u0101t vis\u0101 matu garum\u0101, nomazg\u0101t ar \u016bdeni. Neizmantot polietil\u0113na cepur\u012bti.<\/p>\n<p>PIESARDZ\u012aBA: tikai \u0101r\u012bgai lieto\u0161anai. Nok\u013c\u016bstot ac\u012bs, mazg\u0101t ar \u016bdeni. <\/p>\n<p>Uzglab\u0101\u0161ana: no 0 l\u012bdz +25\u00b0\u0421.<\/p>\n","protected":false},"excerpt":{"rendered":"<p>Balzams-maska ar sabalans\u0113tu sast\u0101vda\u013cu kompleksu. Pla\u0161i izmanto matu s\u012bpoli\u0146u un matu aug\u0161anas stimul\u0113\u0161anai un stiprin\u0101\u0161anai. Linu e\u013c\u013cai piem\u012bt atjaunojo\u0161a un antbakteri\u0101la iedarb\u012bba, mitrina matus un galvas \u0101du. Balzama-maskas sast\u0101vda\u013cas matus padara z\u012bdainus un mirdzo\u0161us. P\u0113c lieto\u0161anas mati ir viegl\u0101k \u0137emm\u0113jami un pak\u013c\u0101v\u012bg\u0101ki. M\u016bmija ekstrakts &#8211; &#8220;kalnu asara&#8221; &#8211; dab\u012bgs organisko un neorganisko vielu mais\u012bjums, kas [&#8230;]\n","protected":false},"featured_media":28592,"template":"","meta":[],"product_cat":[1638],"product_tag":[],"class_list":{"0":"post-33003","1":"product","2":"type-product","3":"status-publish","4":"has-post-thumbnail","6":"product_brand-elfa_ua","7":"product_cat-balzami","9":"first","10":"outofstock","11":"taxable","12":"shipping-taxable","13":"product-type-simple"},"_links":{"self":[{"href":"https:\/\/e.kosmolat.eu\/lv\/wp-json\/wp\/v2\/product\/33003","targetHints":{"allow":["GET"]}}],"collection":[{"href":"https:\/\/e.kosmolat.eu\/lv\/wp-json\/wp\/v2\/product"}],"about":[{"href":"https:\/\/e.kosmolat.eu\/lv\/wp-json\/wp\/v2\/types\/product"}],"wp:featuredmedia":[{"embeddable":true,"href":"https:\/\/e.kosmolat.eu\/lv\/wp-json\/wp\/v2\/media\/28592"}],"wp:attachment":[{"href":"https:\/\/e.kosmolat.eu\/lv\/wp-json\/wp\/v2\/media?parent=33003"}],"wp:term":[{"taxonomy":"product_cat","embeddable":true,"href":"https:\/\/e.kosmolat.eu\/lv\/wp-json\/wp\/v2\/product_cat?post=33003"},{"taxonomy":"product_tag","embeddable":true,"href":"https:\/\/e.kosmolat.eu\/lv\/wp-json\/wp\/v2\/product_tag?post=33003"}],"curies":[{"name":"wp","href":"https:\/\/api.w.org\/{rel}","templated":true}]}}