{"id":32999,"date":"2023-12-21T17:58:29","date_gmt":"2023-12-21T17:58:29","guid":{"rendered":"https:\/\/e.kosmolat.eu\/product\/dd-balzams-maska-olas-dzeltenums-un-zelta-stiga-nostiprinosa-500-ml\/"},"modified":"2025-08-22T13:01:40","modified_gmt":"2025-08-22T13:01:40","slug":"i_dd-balzams-maska-olas-dzeltenums-un-zelta-stiga-nostiprinosa-500-ml","status":"publish","type":"product","link":"https:\/\/e.kosmolat.eu\/lv\/product\/i_dd-balzams-maska-olas-dzeltenums-un-zelta-stiga-nostiprinosa-500-ml\/","title":{"rendered":"I_&#8221;DD&#8221; Balzams-maska &#8220;Olas dzeltenums un zelta st\u012bga&#8221; Nostiprino\u0161a, 500 ml"},"content":{"rendered":"<p>Balzams-maska ar sabalans\u0113tu sast\u0101vda\u013cu kompleksu kop&scaron; seniem laikiem izmanto nov\u0101jin\u0101tu matu stiprin\u0101&scaron;anai. Lins\u0113klu e\u013c\u013cai piem\u012bt atjaunojo&scaron;a un antibakteri\u0101la iedarb\u012bba, mitrina matus un galvas \u0101du. P\u0113c balzama-maskas lieto&scaron;anas mati ir viegl\u0101k \u0137emm\u0113jami, k\u013c\u016bst pak\u013c\u0101v\u012bg\u0101ki, z\u012bdain\u0101ki un mirdzo&scaron;\u0101ki.<\/p>\n<p>Olas dzeltenumu ekstrakts ir lielisks vielu avots, kuras izmanto matu baro&scaron;anai un stiprin\u0101&scaron;anai. Satur A, E, D vitam\u012bnus un fosfolip\u012bdus, kuri veicina vesel\u012bgu un skaistu matu aug&scaron;anu. Zelta st\u012bgas ekstrakts stiprina matus, uzlabo to dab\u012bgo skaistumu.<\/p>\n<p><strong>Lieto&scaron;ana:<\/strong> uzkl\u0101t piesak\u0146u zon\u0101 un izl\u012bdzin\u0101t no sakn\u0113m l\u012bdz matu galiem, nomazg\u0101t ar \u016bdeni. Neizmantot polietil\u0113na cepur\u012bti.<\/p>\n<p><strong>Piesardz\u012bba:<\/strong> tikai \u0101r\u012bgai lieto&scaron;anai. Nok\u013c\u016bstot ac\u012bs, mazg\u0101t ar \u016bdeni.<\/p>\n<p>Uzglab\u0101t temperat\u016br\u0101 no 0 &deg;\u0421&nbsp;l\u012bdz + 25 &deg;\u0421.<\/p>\n","protected":false},"excerpt":{"rendered":"<p>Balzams-maska ar sabalans\u0113tu sast\u0101vda\u013cu kompleksu kop&scaron; seniem laikiem izmanto nov\u0101jin\u0101tu matu stiprin\u0101&scaron;anai. Lins\u0113klu e\u013c\u013cai piem\u012bt atjaunojo&scaron;a un antibakteri\u0101la iedarb\u012bba, mitrina matus un galvas \u0101du. P\u0113c balzama-maskas lieto&scaron;anas mati ir viegl\u0101k \u0137emm\u0113jami, k\u013c\u016bst pak\u013c\u0101v\u012bg\u0101ki, z\u012bdain\u0101ki un mirdzo&scaron;\u0101ki. Olas dzeltenumu ekstrakts ir lielisks vielu avots, kuras izmanto matu baro&scaron;anai un stiprin\u0101&scaron;anai. Satur A, E, D vitam\u012bnus un [&#8230;]\n","protected":false},"featured_media":7074,"template":"","meta":[],"product_cat":[1638],"product_tag":[],"class_list":{"0":"post-32999","1":"product","2":"type-product","3":"status-publish","4":"has-post-thumbnail","6":"product_brand-elfa_ua","7":"product_cat-balzami","9":"first","10":"outofstock","11":"taxable","12":"shipping-taxable","13":"product-type-simple"},"_links":{"self":[{"href":"https:\/\/e.kosmolat.eu\/lv\/wp-json\/wp\/v2\/product\/32999","targetHints":{"allow":["GET"]}}],"collection":[{"href":"https:\/\/e.kosmolat.eu\/lv\/wp-json\/wp\/v2\/product"}],"about":[{"href":"https:\/\/e.kosmolat.eu\/lv\/wp-json\/wp\/v2\/types\/product"}],"wp:featuredmedia":[{"embeddable":true,"href":"https:\/\/e.kosmolat.eu\/lv\/wp-json\/wp\/v2\/media\/7074"}],"wp:attachment":[{"href":"https:\/\/e.kosmolat.eu\/lv\/wp-json\/wp\/v2\/media?parent=32999"}],"wp:term":[{"taxonomy":"product_cat","embeddable":true,"href":"https:\/\/e.kosmolat.eu\/lv\/wp-json\/wp\/v2\/product_cat?post=32999"},{"taxonomy":"product_tag","embeddable":true,"href":"https:\/\/e.kosmolat.eu\/lv\/wp-json\/wp\/v2\/product_tag?post=32999"}],"curies":[{"name":"wp","href":"https:\/\/api.w.org\/{rel}","templated":true}]}}