{"id":32995,"date":"2023-12-21T17:58:05","date_gmt":"2023-12-21T17:58:05","guid":{"rendered":"https:\/\/e.kosmolat.eu\/product\/dd-sampuns-kefirs-ar-bisu-pieninu-1-l\/"},"modified":"2025-08-27T10:51:26","modified_gmt":"2025-08-27T10:51:26","slug":"i_dd-sampuns-kefirs-ar-bisu-pieninu-1-l","status":"publish","type":"product","link":"https:\/\/e.kosmolat.eu\/lv\/product\/i_dd-sampuns-kefirs-ar-bisu-pieninu-1-l\/","title":{"rendered":"I_&#8221;DD&#8221; \u0160amp\u016bns &#8220;Kef\u012brs ar bi\u0161u pieni\u0146u&#8221;, 1 l"},"content":{"rendered":"<p>Matu baro\u0161anai un stiprin\u0101\u0161anai.<\/p>\n<p>Kef\u012bra \u0161amp\u016bns maigi att\u012bra matus un galvas \u0101du. Kef\u012brs ir visizplat\u012bt\u0101kais un pieejam\u0101kais l\u012bdzeklis matu kop\u0161anai. Satur prebioti\u0137us, kuri atjauno galvas \u0101das vesel\u012bgo mikrofloru. \u0160amp\u016bna sast\u0101v\u0101 ietilpst piensk\u0101bes hidroliz\u0101ts un bi\u0161u m\u0101\u0161u pieni\u0146\u0161 &#8211; speci\u0101li izraudz\u012bts komplekss matu baro\u0161anai un stiprin\u0101\u0161anai.<br \/>\nPiensk\u0101bes hidroliz\u0101ts mitrina galvas \u0101du un matus, uzlabo to strukt\u016bru un \u0101r\u0113jo izskatu.<br \/>\nBi\u0161u m\u0101\u0161u pieni\u0146\u0161 &#8211; p\u0113c sava sast\u0101va bag\u0101t\u0101k\u0101 viela, kas matu s\u012bpoli\u0146u pies\u0101tina ar v\u0113rt\u012bg\u0101m sast\u0101vda\u013c\u0101m, kas nepiecie\u0161amas stipru un z\u012bdainu matu aug\u0161anai.<\/p>\n<p>LIETO\u0160ANA: uzkl\u0101t uz mitrime matiem, saputot, nomazg\u0101t ar \u016bdeni. Nepiecie\u0161am\u012bbas gad\u012bjum\u0101 proced\u016bru atk\u0101rtot. Lai sasniegtu lab\u0101ku efektu, iesak\u0101m izmantot balzamu-masku &#8220;Kef\u012brs ar bi\u0161u pieni\u0146u&#8221; matu baro\u0161anai un stiprin\u0101\u0161anai.<\/p>\n<p>PIESARDZ\u012aBA: tikai \u0101r\u012bgai lieto\u0161anai. Nok\u013c\u016bstot ac\u012bs, t\u0101s izskalot ar \u016bdeni.<\/p>\n<p>Uzglab\u0101\u0161ana: no +5\u00b0\u0421 l\u012bdz +25\u00b0\u0421.<\/p>\n","protected":false},"excerpt":{"rendered":"<p>Matu baro\u0161anai un stiprin\u0101\u0161anai. Kef\u012bra \u0161amp\u016bns maigi att\u012bra matus un galvas \u0101du. Kef\u012brs ir visizplat\u012bt\u0101kais un pieejam\u0101kais l\u012bdzeklis matu kop\u0161anai. Satur prebioti\u0137us, kuri atjauno galvas \u0101das vesel\u012bgo mikrofloru. \u0160amp\u016bna sast\u0101v\u0101 ietilpst piensk\u0101bes hidroliz\u0101ts un bi\u0161u m\u0101\u0161u pieni\u0146\u0161 &#8211; speci\u0101li izraudz\u012bts komplekss matu baro\u0161anai un stiprin\u0101\u0161anai. Piensk\u0101bes hidroliz\u0101ts mitrina galvas \u0101du un matus, uzlabo to strukt\u016bru [&#8230;]\n","protected":false},"featured_media":7050,"template":"","meta":[],"product_cat":[1999],"product_tag":[],"class_list":{"0":"post-32995","1":"product","2":"type-product","3":"status-publish","4":"has-post-thumbnail","6":"product_brand-elfa_ua","7":"product_cat-bez-kategorijas","9":"first","10":"outofstock","11":"taxable","12":"shipping-taxable","13":"product-type-simple"},"_links":{"self":[{"href":"https:\/\/e.kosmolat.eu\/lv\/wp-json\/wp\/v2\/product\/32995","targetHints":{"allow":["GET"]}}],"collection":[{"href":"https:\/\/e.kosmolat.eu\/lv\/wp-json\/wp\/v2\/product"}],"about":[{"href":"https:\/\/e.kosmolat.eu\/lv\/wp-json\/wp\/v2\/types\/product"}],"wp:featuredmedia":[{"embeddable":true,"href":"https:\/\/e.kosmolat.eu\/lv\/wp-json\/wp\/v2\/media\/7050"}],"wp:attachment":[{"href":"https:\/\/e.kosmolat.eu\/lv\/wp-json\/wp\/v2\/media?parent=32995"}],"wp:term":[{"taxonomy":"product_cat","embeddable":true,"href":"https:\/\/e.kosmolat.eu\/lv\/wp-json\/wp\/v2\/product_cat?post=32995"},{"taxonomy":"product_tag","embeddable":true,"href":"https:\/\/e.kosmolat.eu\/lv\/wp-json\/wp\/v2\/product_tag?post=32995"}],"curies":[{"name":"wp","href":"https:\/\/api.w.org\/{rel}","templated":true}]}}