{"id":32991,"date":"2023-12-21T17:57:43","date_gmt":"2023-12-21T17:57:43","guid":{"rendered":"https:\/\/e.kosmolat.eu\/product\/dd-sampuns-altaja-mumijs-un-medus-1-l\/"},"modified":"2026-04-20T13:56:51","modified_gmt":"2026-04-20T13:56:51","slug":"i_dd-sampuns-altaja-mumijs-un-medus-1-l","status":"publish","type":"product","link":"https:\/\/e.kosmolat.eu\/lv\/product\/i_dd-sampuns-altaja-mumijs-un-medus-1-l\/","title":{"rendered":"I_&#8221;DD&#8221; \u0160amp\u016bns &#8220;Altaja m\u016bmijs un medus&#8221;, 1 l"},"content":{"rendered":"<p>Stimul\u0113jo&scaron;s &scaron;amp\u016bns. Stimul\u0113 matu aug&scaron;anu un stiptrina matu folikulus. Saudz\u012bgi att\u012bra matus un galvas \u0101du. M\u016bmijs jeb &quot;Kalnu asara&quot; ir dab\u012bgs organisko un neorganisko vielu mais\u012bjums, kas sast\u0101v no vair\u0101k nek\u0101 80 komponentiem. Uzlabo matu izskatu, pastiprina to dab\u012bgo skaistumu. Medus ekstrakts pie&scaron;\u0137ir matiem pat\u012bkamu z\u012bdainumu.<\/p>\n<p><strong>Lieto&scaron;ana: <\/strong>uzkl\u0101t uz mitriem matiem, saputot, nomazg\u0101t ar \u016bdeni. Nepiecie&scaron;am\u012bbas gad\u012bjum\u0101 proced\u016bru atk\u0101rtot.&nbsp;<\/p>\n<p><strong>Piesardz\u012bbas pas\u0101kumi:<\/strong> tikai \u0101r\u012bgai lieto&scaron;anai. Iek\u013c\u016bstot ac\u012bs, iskalot ar \u016bdeni.&nbsp;<\/p>\n<p>&nbsp;<\/p>\n","protected":false},"excerpt":{"rendered":"<p>Stimul\u0113jo&scaron;s &scaron;amp\u016bns. Stimul\u0113 matu aug&scaron;anu un stiptrina matu folikulus. Saudz\u012bgi att\u012bra matus un galvas \u0101du. M\u016bmijs jeb &quot;Kalnu asara&quot; ir dab\u012bgs organisko un neorganisko vielu mais\u012bjums, kas sast\u0101v no vair\u0101k nek\u0101 80 komponentiem. Uzlabo matu izskatu, pastiprina to dab\u012bgo skaistumu. Medus ekstrakts pie&scaron;\u0137ir matiem pat\u012bkamu z\u012bdainumu. Lieto&scaron;ana: uzkl\u0101t uz mitriem matiem, saputot, nomazg\u0101t ar \u016bdeni. [&#8230;]\n","protected":false},"featured_media":96537,"template":"","meta":[],"product_cat":[1248],"product_tag":[],"class_list":{"0":"post-32991","1":"product","2":"type-product","3":"status-publish","4":"has-post-thumbnail","6":"product_brand-elfa_ua","7":"product_cat-sampuni","9":"first","10":"instock","11":"taxable","12":"shipping-taxable","13":"product-type-simple"},"_links":{"self":[{"href":"https:\/\/e.kosmolat.eu\/lv\/wp-json\/wp\/v2\/product\/32991","targetHints":{"allow":["GET"]}}],"collection":[{"href":"https:\/\/e.kosmolat.eu\/lv\/wp-json\/wp\/v2\/product"}],"about":[{"href":"https:\/\/e.kosmolat.eu\/lv\/wp-json\/wp\/v2\/types\/product"}],"wp:featuredmedia":[{"embeddable":true,"href":"https:\/\/e.kosmolat.eu\/lv\/wp-json\/wp\/v2\/media\/96537"}],"wp:attachment":[{"href":"https:\/\/e.kosmolat.eu\/lv\/wp-json\/wp\/v2\/media?parent=32991"}],"wp:term":[{"taxonomy":"product_cat","embeddable":true,"href":"https:\/\/e.kosmolat.eu\/lv\/wp-json\/wp\/v2\/product_cat?post=32991"},{"taxonomy":"product_tag","embeddable":true,"href":"https:\/\/e.kosmolat.eu\/lv\/wp-json\/wp\/v2\/product_tag?post=32991"}],"curies":[{"name":"wp","href":"https:\/\/api.w.org\/{rel}","templated":true}]}}