{"id":32987,"date":"2023-12-21T17:57:16","date_gmt":"2023-12-21T17:57:16","guid":{"rendered":"https:\/\/e.kosmolat.eu\/product\/dd-sampuns-olas-dzeltenums-un-zelta-stiga-1-l\/"},"modified":"2025-09-02T10:29:15","modified_gmt":"2025-09-02T10:29:15","slug":"i_dd-sampuns-olas-dzeltenums-un-zelta-stiga-1-l","status":"publish","type":"product","link":"https:\/\/e.kosmolat.eu\/lv\/product\/i_dd-sampuns-olas-dzeltenums-un-zelta-stiga-1-l\/","title":{"rendered":"I_&#8221;DD&#8221; \u0160amp\u016bns &#8220;Olas dzeltenums un zelta st\u012bga&#8221;, 1 l"},"content":{"rendered":"","protected":false},"excerpt":{"rendered":"","protected":false},"featured_media":0,"template":"","meta":[],"product_cat":[1248],"product_tag":[],"class_list":{"0":"post-32987","1":"product","2":"type-product","3":"status-publish","5":"product_brand-elfa_ua","6":"product_cat-sampuni","8":"first","9":"outofstock","10":"taxable","11":"shipping-taxable","12":"product-type-simple"},"_links":{"self":[{"href":"https:\/\/e.kosmolat.eu\/lv\/wp-json\/wp\/v2\/product\/32987","targetHints":{"allow":["GET"]}}],"collection":[{"href":"https:\/\/e.kosmolat.eu\/lv\/wp-json\/wp\/v2\/product"}],"about":[{"href":"https:\/\/e.kosmolat.eu\/lv\/wp-json\/wp\/v2\/types\/product"}],"wp:attachment":[{"href":"https:\/\/e.kosmolat.eu\/lv\/wp-json\/wp\/v2\/media?parent=32987"}],"wp:term":[{"taxonomy":"product_cat","embeddable":true,"href":"https:\/\/e.kosmolat.eu\/lv\/wp-json\/wp\/v2\/product_cat?post=32987"},{"taxonomy":"product_tag","embeddable":true,"href":"https:\/\/e.kosmolat.eu\/lv\/wp-json\/wp\/v2\/product_tag?post=32987"}],"curies":[{"name":"wp","href":"https:\/\/api.w.org\/{rel}","templated":true}]}}