{"id":32983,"date":"2023-12-21T17:56:53","date_gmt":"2023-12-21T17:56:53","guid":{"rendered":"https:\/\/e.kosmolat.eu\/product\/dd-sampuns-triskarss-speks-1-l\/"},"modified":"2026-04-10T13:02:48","modified_gmt":"2026-04-10T13:02:48","slug":"i_dd-sampuns-triskarss-speks-1-l","status":"publish","type":"product","link":"https:\/\/e.kosmolat.eu\/lv\/product\/i_dd-sampuns-triskarss-speks-1-l\/","title":{"rendered":"I_&#8221;DD&#8221; \u0160amp\u016bns &#8220;Tr\u012bsk\u0101r\u0161s sp\u0113ks&#8221;, 1 l"},"content":{"rendered":"<p>Pret matu izkri\u0161anu. &Scaron;amp\u016bns maigi att\u012bra matus un galvas \u0101du. Satur dad\u017eu, r\u012bcinauga, rozmar\u012bna e\u013c\u013cas &#8211; sp\u0113c\u012bgu kompleksu pret matu izkri\u0161anu.<\/p>\n<ul>\n<li>Dad\u017eu e\u013c\u013ca ir viena no sp\u0113c\u012bg\u0101kaj\u0101m viel\u0101m, kas stimul\u0113 un stiprina vesel\u012bgu un skaistu matu aug\u0161anu. T\u0101s iedarb\u012bb\u0101 mati k\u013c\u016bst elast\u012bgi, m\u012bksti un mirdzo\u0161i.<\/li>\n<li>R\u012bcine\u013c\u013ca pastiprina matu aug\u0161anu. Pies\u0101tina ar dz\u012bv\u012bgumu.<\/li>\n<li>Rozmar\u012bna e\u013c\u013ca nov\u0113r\u0161 matu izkri\u0161anu.<\/li>\n<\/ul>\n<p><strong>Lieto\u0161ana:<\/strong> uzkl\u0101t uz mitriem matiem, saputot, nomazg\u0101t ar siltu \u016bdeni. Nepiecie\u0161am\u012bbas gad\u012bjum\u0101 proced\u016bru atk\u0101rtot. Lai sasniegtu lab\u0101ku efektu, ieteicams izmantot balzamu-masku &quot;Tr\u012bsk\u0101r\u0161s sp\u0113ks&quot; pret matu izkri\u0161anu.<\/p>\n<p><strong>Piesardz\u012bba: <\/strong>tikai \u0101r\u012bgai lieto\u0161anai. Nok\u013c\u016bstot ac\u012bs, t\u0101s izskalot ar \u016bdeni.<\/p>\n<p><strong>Uzglab\u0101\u0161ana: <\/strong>no +5&deg;\u0421 l\u012bdz +25&deg;\u0421.<\/p>\n","protected":false},"excerpt":{"rendered":"<p>Pret matu izkri\u0161anu. &Scaron;amp\u016bns maigi att\u012bra matus un galvas \u0101du. Satur dad\u017eu, r\u012bcinauga, rozmar\u012bna e\u013c\u013cas &#8211; sp\u0113c\u012bgu kompleksu pret matu izkri\u0161anu. Dad\u017eu e\u013c\u013ca ir viena no sp\u0113c\u012bg\u0101kaj\u0101m viel\u0101m, kas stimul\u0113 un stiprina vesel\u012bgu un skaistu matu aug\u0161anu. T\u0101s iedarb\u012bb\u0101 mati k\u013c\u016bst elast\u012bgi, m\u012bksti un mirdzo\u0161i. R\u012bcine\u013c\u013ca pastiprina matu aug\u0161anu. Pies\u0101tina ar dz\u012bv\u012bgumu. Rozmar\u012bna e\u013c\u013ca nov\u0113r\u0161 [&#8230;]\n","protected":false},"featured_media":96529,"template":"","meta":[],"product_cat":[1248],"product_tag":[],"class_list":{"0":"post-32983","1":"product","2":"type-product","3":"status-publish","4":"has-post-thumbnail","6":"product_brand-elfa_ua","7":"product_cat-sampuni","9":"first","10":"instock","11":"taxable","12":"shipping-taxable","13":"product-type-simple"},"_links":{"self":[{"href":"https:\/\/e.kosmolat.eu\/lv\/wp-json\/wp\/v2\/product\/32983","targetHints":{"allow":["GET"]}}],"collection":[{"href":"https:\/\/e.kosmolat.eu\/lv\/wp-json\/wp\/v2\/product"}],"about":[{"href":"https:\/\/e.kosmolat.eu\/lv\/wp-json\/wp\/v2\/types\/product"}],"wp:featuredmedia":[{"embeddable":true,"href":"https:\/\/e.kosmolat.eu\/lv\/wp-json\/wp\/v2\/media\/96529"}],"wp:attachment":[{"href":"https:\/\/e.kosmolat.eu\/lv\/wp-json\/wp\/v2\/media?parent=32983"}],"wp:term":[{"taxonomy":"product_cat","embeddable":true,"href":"https:\/\/e.kosmolat.eu\/lv\/wp-json\/wp\/v2\/product_cat?post=32983"},{"taxonomy":"product_tag","embeddable":true,"href":"https:\/\/e.kosmolat.eu\/lv\/wp-json\/wp\/v2\/product_tag?post=32983"}],"curies":[{"name":"wp","href":"https:\/\/api.w.org\/{rel}","templated":true}]}}