{"id":32979,"date":"2023-12-21T17:56:30","date_gmt":"2023-12-21T17:56:30","guid":{"rendered":"https:\/\/e.kosmolat.eu\/product\/dd-bernu-krems-ar-pantenolu-42-ml\/"},"modified":"2026-04-23T11:43:07","modified_gmt":"2026-04-23T11:43:07","slug":"dd-bernu-krems-ar-pantenolu-42-ml","status":"publish","type":"product","link":"https:\/\/e.kosmolat.eu\/lv\/product\/dd-bernu-krems-ar-pantenolu-42-ml\/","title":{"rendered":"&#8220;DD&#8221; B\u0113rnu kr\u0113ms ar pantenolu, 42 ml"},"content":{"rendered":"<p>B\u0113rnu kr\u0113ms maigi kopj b\u0113rnu \u0101du. Pantenols un piena prote\u012bni mitirna \u0101du,\u00a0 kav\u0113 t\u0101s sausumu un lob\u012b\u0161anos. Mazu\u013ca \u0101da k\u013c\u016bst gluda uz z\u012bdaina. Lieto\u0161ana: uzkl\u0101t uz sausas t\u012bras \u0101das. Piesardz\u012bbas pas\u0101kumi: tikai \u0101r\u012bgai lieto\u0161anai. Ja iek\u013c\u016bst ac\u012bs, nomazg\u0101t ar \u016bdeni.\u00a0<\/p>\n","protected":false},"excerpt":{"rendered":"<p>B\u0113rnu kr\u0113ms maigi kopj b\u0113rnu \u0101du. Pantenols un piena prote\u012bni mitirna \u0101du,\u00a0 kav\u0113 t\u0101s sausumu un lob\u012b\u0161anos. Mazu\u013ca \u0101da k\u013c\u016bst gluda uz z\u012bdaina. Lieto\u0161ana: uzkl\u0101t uz sausas t\u012bras \u0101das. Piesardz\u012bbas pas\u0101kumi: tikai \u0101r\u012bgai lieto\u0161anai. Ja iek\u013c\u016bst ac\u012bs, nomazg\u0101t ar \u016bdeni.\u00a0<\/p>\n","protected":false},"featured_media":96586,"template":"","meta":[],"product_cat":[1364],"product_tag":[],"class_list":{"0":"post-32979","1":"product","2":"type-product","3":"status-publish","4":"has-post-thumbnail","6":"product_brand-elfa_ua","7":"product_cat-1364","9":"first","10":"instock","11":"taxable","12":"shipping-taxable","13":"product-type-simple"},"_links":{"self":[{"href":"https:\/\/e.kosmolat.eu\/lv\/wp-json\/wp\/v2\/product\/32979","targetHints":{"allow":["GET"]}}],"collection":[{"href":"https:\/\/e.kosmolat.eu\/lv\/wp-json\/wp\/v2\/product"}],"about":[{"href":"https:\/\/e.kosmolat.eu\/lv\/wp-json\/wp\/v2\/types\/product"}],"wp:featuredmedia":[{"embeddable":true,"href":"https:\/\/e.kosmolat.eu\/lv\/wp-json\/wp\/v2\/media\/96586"}],"wp:attachment":[{"href":"https:\/\/e.kosmolat.eu\/lv\/wp-json\/wp\/v2\/media?parent=32979"}],"wp:term":[{"taxonomy":"product_cat","embeddable":true,"href":"https:\/\/e.kosmolat.eu\/lv\/wp-json\/wp\/v2\/product_cat?post=32979"},{"taxonomy":"product_tag","embeddable":true,"href":"https:\/\/e.kosmolat.eu\/lv\/wp-json\/wp\/v2\/product_tag?post=32979"}],"curies":[{"name":"wp","href":"https:\/\/api.w.org\/{rel}","templated":true}]}}