{"id":32971,"date":"2023-12-21T17:55:47","date_gmt":"2023-12-21T17:55:47","guid":{"rendered":"https:\/\/e.kosmolat.eu\/product\/dd-roku-krems-silikona-42-ml\/"},"modified":"2025-09-23T08:54:10","modified_gmt":"2025-09-23T08:54:10","slug":"i_dd-roku-krems-silikona-42-ml","status":"publish","type":"product","link":"https:\/\/e.kosmolat.eu\/lv\/product\/i_dd-roku-krems-silikona-42-ml\/","title":{"rendered":"I_&#8221;DD&#8221; Roku kr\u0113ms, silikona, 42 ml"},"content":{"rendered":"<p>Roku aizsardz\u012bba pret sadz\u012bves t\u012br\u012b\u0161anas l\u012bdzek\u013cu iedarb\u012bbu. Dermatolo\u0123iski p\u0101rbaud\u012bts.&nbsp;<\/p>\n<p><strong>Lieto\u0161ana: <\/strong>uzkl\u0101t uz sausas t\u012bras roku \u0101das pirms saimniec\u012bbas darbu veik\u0161anas.<\/p>\n<p><strong>Piesardz\u012bbas pas\u0101kumi:<\/strong> iesp\u0113jama paaugstin\u0101ta individu\u0101l\u0101 jut\u012bba pret atsevi\u0161\u0137\u0101m sast\u0101vda\u013c\u0101m.<\/p>\n<p>Uzglab\u0101t temperat\u016br\u0101 no +5 &deg;\u0421 l\u012bdz +25 &deg;C.<br \/>\n&nbsp;<\/p>\n","protected":false},"excerpt":{"rendered":"<p>Roku aizsardz\u012bba pret sadz\u012bves t\u012br\u012b\u0161anas l\u012bdzek\u013cu iedarb\u012bbu. Dermatolo\u0123iski p\u0101rbaud\u012bts.&nbsp; Lieto\u0161ana: uzkl\u0101t uz sausas t\u012bras roku \u0101das pirms saimniec\u012bbas darbu veik\u0161anas. Piesardz\u012bbas pas\u0101kumi: iesp\u0113jama paaugstin\u0101ta individu\u0101l\u0101 jut\u012bba pret atsevi\u0161\u0137\u0101m sast\u0101vda\u013c\u0101m. Uzglab\u0101t temperat\u016br\u0101 no +5 &deg;\u0421 l\u012bdz +25 &deg;C. &nbsp;<\/p>\n","protected":false},"featured_media":79674,"template":"","meta":[],"product_cat":[1302],"product_tag":[],"class_list":{"0":"post-32971","1":"product","2":"type-product","3":"status-publish","4":"has-post-thumbnail","6":"product_brand-elfa_ua","7":"product_cat-roku-kopsanas-kosmetika","9":"first","10":"outofstock","11":"taxable","12":"shipping-taxable","13":"product-type-simple"},"_links":{"self":[{"href":"https:\/\/e.kosmolat.eu\/lv\/wp-json\/wp\/v2\/product\/32971","targetHints":{"allow":["GET"]}}],"collection":[{"href":"https:\/\/e.kosmolat.eu\/lv\/wp-json\/wp\/v2\/product"}],"about":[{"href":"https:\/\/e.kosmolat.eu\/lv\/wp-json\/wp\/v2\/types\/product"}],"wp:featuredmedia":[{"embeddable":true,"href":"https:\/\/e.kosmolat.eu\/lv\/wp-json\/wp\/v2\/media\/79674"}],"wp:attachment":[{"href":"https:\/\/e.kosmolat.eu\/lv\/wp-json\/wp\/v2\/media?parent=32971"}],"wp:term":[{"taxonomy":"product_cat","embeddable":true,"href":"https:\/\/e.kosmolat.eu\/lv\/wp-json\/wp\/v2\/product_cat?post=32971"},{"taxonomy":"product_tag","embeddable":true,"href":"https:\/\/e.kosmolat.eu\/lv\/wp-json\/wp\/v2\/product_tag?post=32971"}],"curies":[{"name":"wp","href":"https:\/\/api.w.org\/{rel}","templated":true}]}}