{"id":32967,"date":"2023-12-21T17:55:16","date_gmt":"2023-12-21T17:55:16","guid":{"rendered":"https:\/\/e.kosmolat.eu\/product\/elfa-pharm-sampuns-7in1-7-ellas-200-ml\/"},"modified":"2026-04-22T09:14:24","modified_gmt":"2026-04-22T09:14:24","slug":"elfa-pharm-sampuns-7in1-7-ellas-200-ml","status":"publish","type":"product","link":"https:\/\/e.kosmolat.eu\/lv\/product\/elfa-pharm-sampuns-7in1-7-ellas-200-ml\/","title":{"rendered":"Elfa Pharm \u0160amp\u016bns 7in1, 7 e\u013c\u013cas, 200 ml"},"content":{"rendered":"<p>7 e\u013c\u013cu komplekss: dad\u017eu, r\u012bcinauga, linu, rozmar\u012bna, ciedru, avokado, &scaron;i e\u013c\u013cas. &Scaron;amp\u016bna maigais pamats nestur SLS un SLES, saudz\u012bgi att\u012bra matus un galvas \u0101du. &Scaron;amp\u016bna sast\u0101v\u0101 ietilpst 7, speci\u0101li izmekl\u0113tas e\u013c\u013cas, kuras nostiprina folikulas, saglab\u0101jot matu aizsargstrukt\u016bru, t\u0101d\u0113j\u0101di nov\u0113r&scaron;ot to sausumu un l\u016b&scaron;anu. Ide\u0101li piem\u0113rots nov\u0101jin\u0101tu matu kop&scaron;anai, ar tendenci uz izkri&scaron;anu. Piem\u0113rots Ikdienas lieto&scaron;anai.&nbsp;<\/p>\n<ul>\n<li><strong>Dad\u017eu e\u013c\u013ca: <\/strong>nostiprina matu saknes, toniz\u0113 galvas \u0101du, normaliz\u0113 tauku dziedzeru darb\u012bbu.&nbsp;<\/li>\n<li><strong>R\u012bcine\u013c\u013ca:<\/strong> aktiviz\u0113 matu aug&scaron;anu, pie&scaron;\u0137ir tiem sp\u012bdumu un z\u012bdainumu.&nbsp;<\/li>\n<li><strong>Lins\u0113klu&nbsp;e\u013c\u013ca:<\/strong> aktiviz\u0113 matu aug&scaron;anu. Satur E vitam\u012bnu, kam piem\u012bt mitrino&scaron;a iedarb\u012bba uz matiem un galvas \u0101du.&nbsp;<\/li>\n<li><strong>Rozmar\u012bna e\u013c\u013ca:<\/strong> uzlabo bar\u012bbas vielu uzs\u016bk&scaron;anos matu sakn\u0113s, nov\u0113r&scaron; to izkri&scaron;anu.&nbsp;<\/li>\n<li><strong>Ciedru e\u013c\u013ca:<\/strong>&nbsp;nostiprina matus un veicina to aug&scaron;anu. Piem\u012bt antiseptiska iedarb\u012bba.&nbsp;<\/li>\n<li><strong>Avokado e\u013c\u013ca:<\/strong> piem\u012bt kopjo&scaron;as \u012bpa&scaron;\u012bbas, aiztur mitrumu matos. Nov\u0113r&scaron; to sausumu un l\u016b&scaron;anu.&nbsp;<\/li>\n<li><strong>&Scaron;\u012b sviests<\/strong>: atjauno boj\u0101tu, sausu un trauslu matu strukt\u016bru. Dab\u012bgs UV filtrs.<\/li>\n<\/ul>\n<p><strong>Lieto&scaron;ana:<\/strong>&nbsp;&scaron;amp\u016bnu vienm\u0113r\u012bgi uzkl\u0101t uz mitriem matiem, saputot, nomazg\u0101t ar \u016bdeni. Nepiecie&scaron;am\u012bbas gad\u012bjum\u0101 proced\u016bru atk\u0101rtot. P\u0113c &scaron;amp\u016bna lieto&scaron;anas uzkl\u0101t intens\u012bvo masku no s\u0113rijas &quot;7 e\u013c\u013cas&quot;. &Scaron;amp\u016bnu var izmantot patst\u0101v\u012bgi. E\u013c\u013cas un &scaron;amp\u016bna pret matu izkri&scaron;anu kompleks\u0101s lieto&scaron;anas gad\u012bjum\u0101 matus ieteicams mazg\u0101t divas reizes.&nbsp;<\/p>\n<p><strong>Piesardz\u012bbas pas\u0101kumi: <\/strong>tikai \u0101r\u012bgai lieto&scaron;anai. Nok\u013c\u016bstot ac\u012bs, t\u0101s izmazg\u0101t ar \u016bdeni.&nbsp;<\/p>\n","protected":false},"excerpt":{"rendered":"<p>7 e\u013c\u013cu komplekss: dad\u017eu, r\u012bcinauga, linu, rozmar\u012bna, ciedru, avokado, &scaron;i e\u013c\u013cas. &Scaron;amp\u016bna maigais pamats nestur SLS un SLES, saudz\u012bgi att\u012bra matus un galvas \u0101du. &Scaron;amp\u016bna sast\u0101v\u0101 ietilpst 7, speci\u0101li izmekl\u0113tas e\u013c\u013cas, kuras nostiprina folikulas, saglab\u0101jot matu aizsargstrukt\u016bru, t\u0101d\u0113j\u0101di nov\u0113r&scaron;ot to sausumu un l\u016b&scaron;anu. Ide\u0101li piem\u0113rots nov\u0101jin\u0101tu matu kop&scaron;anai, ar tendenci uz izkri&scaron;anu. Piem\u0113rots Ikdienas lieto&scaron;anai.&nbsp; [&#8230;]\n","protected":false},"featured_media":104432,"template":"","meta":[],"product_cat":[1999],"product_tag":[],"class_list":{"0":"post-32967","1":"product","2":"type-product","3":"status-publish","4":"has-post-thumbnail","6":"product_brand-elfa_ua","7":"product_cat-bez-kategorijas","9":"first","10":"instock","11":"taxable","12":"shipping-taxable","13":"product-type-simple"},"_links":{"self":[{"href":"https:\/\/e.kosmolat.eu\/lv\/wp-json\/wp\/v2\/product\/32967","targetHints":{"allow":["GET"]}}],"collection":[{"href":"https:\/\/e.kosmolat.eu\/lv\/wp-json\/wp\/v2\/product"}],"about":[{"href":"https:\/\/e.kosmolat.eu\/lv\/wp-json\/wp\/v2\/types\/product"}],"wp:featuredmedia":[{"embeddable":true,"href":"https:\/\/e.kosmolat.eu\/lv\/wp-json\/wp\/v2\/media\/104432"}],"wp:attachment":[{"href":"https:\/\/e.kosmolat.eu\/lv\/wp-json\/wp\/v2\/media?parent=32967"}],"wp:term":[{"taxonomy":"product_cat","embeddable":true,"href":"https:\/\/e.kosmolat.eu\/lv\/wp-json\/wp\/v2\/product_cat?post=32967"},{"taxonomy":"product_tag","embeddable":true,"href":"https:\/\/e.kosmolat.eu\/lv\/wp-json\/wp\/v2\/product_tag?post=32967"}],"curies":[{"name":"wp","href":"https:\/\/api.w.org\/{rel}","templated":true}]}}