{"id":32963,"date":"2023-12-21T17:54:47","date_gmt":"2023-12-21T17:54:47","guid":{"rendered":"https:\/\/e.kosmolat.eu\/product\/7-masel-ella-matiem-7-1-100-ml\/"},"modified":"2026-04-22T13:30:26","modified_gmt":"2026-04-22T13:30:26","slug":"7-masel-matu-ella-7-1-100-ml","status":"publish","type":"product","link":"https:\/\/e.kosmolat.eu\/lv\/product\/7-masel-matu-ella-7-1-100-ml\/","title":{"rendered":"7 masel Matu e\u013c\u013ca 7 &#038; 1, 100 ml"},"content":{"rendered":"<p><strong>7 e\u013c\u013cu komplekss:<\/strong> dad\u017eu, r\u012bcinauga, linu, rozmar\u012bna, ciedru, avokado, &scaron;i e\u013c\u013cas. E\u013c\u013ca matiem paredz\u0113ta nov\u0101jin\u0101tu matu kop&scaron;anai ar tendenci uz izkri&scaron;anu. Satur 7, speci\u0101li izmekl\u0113tu e\u013c\u013cu kompleksu, kuras matus p\u0101rkl\u0101j ar nej\u016btamu aizsargpl\u0113v\u012bti, pateicoties kam, nov\u0113r&scaron; matu dab\u012bg\u0101 mitruma zudumu.E\u013c\u013cas stimul\u0113 asins mikrocirkul\u0101ciju, uzlabo matu folikulu apg\u0101di ar sk\u0101bekli, veicina lab\u0101ku bar\u012bbas vielu uzs\u016bk&scaron;anos.<\/p>\n<p><strong>Lieto&scaron;ana:<\/strong> e\u013c\u013cu ar pipeti vienm\u0113r\u012bgi uzkl\u0101t uz galvas \u0101das un ar mas\u0113jo&scaron;\u0101m kust\u012bb\u0101m ier\u012bv\u0113t matu sakn\u0113s, galv\u0101 uzvilkt polietil\u0113na cepur\u012bti un apkl\u0101t ar dvieli. P\u0113c 2 &#8211; 3 stund\u0101m nomazg\u0101t ar siltu \u016bdeni ar &scaron;amp\u016bnu &quot;7 e\u013c\u013cas&quot;. Proced\u016bru atk\u0101rtot 1 &#8211; 2 reizes ned\u0113\u013c\u0101 2 m\u0113ne&scaron;u laik\u0101. Intens\u012bvais kurss: lietot ik dienu 3 ned\u0113\u013cas. P\u0113c 1 m\u0113ne&scaron;a kursu atk\u0101rtot.<\/p>\n<p><strong>Piesardz\u012bbas pas\u0101kumi:<\/strong> tikai \u0101r\u012bgai lieto&scaron;anai. Nok\u013c\u016bstot ac\u012bs, t\u0101s mazg\u0101t ar \u016bdeni. Uzman\u012bbu! Prepar\u0101ts satur augstas koncentr\u0101cijas \u0113terisko e\u013c\u013cu. Nepie\u013caujiet e\u013c\u013cas iek\u013c\u016b&scaron;anu uz acu un mutes g\u013cot\u0101das. Iek\u013c\u016b&scaron;anas gad\u012bjum\u0101 nekav\u0113joties izmazg\u0101jiet ar lielu daudzumu \u016bdens un nepiecie&scaron;am\u012bbas gad\u012bjum\u0101 griezieties pie \u0101rsta.<\/p>\n<p>Uzglab\u0101t temperat\u016br\u0101 no +5 l\u012bdz +25&deg;C.<br \/>\n&nbsp;<\/p>\n","protected":false},"excerpt":{"rendered":"<p>7 e\u013c\u013cu komplekss: dad\u017eu, r\u012bcinauga, linu, rozmar\u012bna, ciedru, avokado, &scaron;i e\u013c\u013cas. E\u013c\u013ca matiem paredz\u0113ta nov\u0101jin\u0101tu matu kop&scaron;anai ar tendenci uz izkri&scaron;anu. Satur 7, speci\u0101li izmekl\u0113tu e\u013c\u013cu kompleksu, kuras matus p\u0101rkl\u0101j ar nej\u016btamu aizsargpl\u0113v\u012bti, pateicoties kam, nov\u0113r&scaron; matu dab\u012bg\u0101 mitruma zudumu.E\u013c\u013cas stimul\u0113 asins mikrocirkul\u0101ciju, uzlabo matu folikulu apg\u0101di ar sk\u0101bekli, veicina lab\u0101ku bar\u012bbas vielu uzs\u016bk&scaron;anos. Lieto&scaron;ana: [&#8230;]\n","protected":false},"featured_media":96598,"template":"","meta":[],"product_cat":[1999],"product_tag":[],"class_list":{"0":"post-32963","1":"product","2":"type-product","3":"status-publish","4":"has-post-thumbnail","6":"product_brand-elfa_ua","7":"product_cat-bez-kategorijas","9":"first","10":"outofstock","11":"taxable","12":"shipping-taxable","13":"product-type-simple"},"_links":{"self":[{"href":"https:\/\/e.kosmolat.eu\/lv\/wp-json\/wp\/v2\/product\/32963","targetHints":{"allow":["GET"]}}],"collection":[{"href":"https:\/\/e.kosmolat.eu\/lv\/wp-json\/wp\/v2\/product"}],"about":[{"href":"https:\/\/e.kosmolat.eu\/lv\/wp-json\/wp\/v2\/types\/product"}],"wp:featuredmedia":[{"embeddable":true,"href":"https:\/\/e.kosmolat.eu\/lv\/wp-json\/wp\/v2\/media\/96598"}],"wp:attachment":[{"href":"https:\/\/e.kosmolat.eu\/lv\/wp-json\/wp\/v2\/media?parent=32963"}],"wp:term":[{"taxonomy":"product_cat","embeddable":true,"href":"https:\/\/e.kosmolat.eu\/lv\/wp-json\/wp\/v2\/product_cat?post=32963"},{"taxonomy":"product_tag","embeddable":true,"href":"https:\/\/e.kosmolat.eu\/lv\/wp-json\/wp\/v2\/product_tag?post=32963"}],"curies":[{"name":"wp","href":"https:\/\/api.w.org\/{rel}","templated":true}]}}