{"id":32959,"date":"2023-12-21T17:54:19","date_gmt":"2023-12-21T17:54:19","guid":{"rendered":"https:\/\/e.kosmolat.eu\/product\/7-masel-intensiva-maska-matiem-7-1-200-ml\/"},"modified":"2026-04-21T07:47:55","modified_gmt":"2026-04-21T07:47:55","slug":"7-masel-intensiva-matu-maska-7-1-200-ml","status":"publish","type":"product","link":"https:\/\/e.kosmolat.eu\/lv\/product\/7-masel-intensiva-matu-maska-7-1-200-ml\/","title":{"rendered":"7 masel Intens\u012bva matu maska 7 &#038; 1, 200 ml"},"content":{"rendered":"<p>Komplekss 7 e\u013c\u013cas: dad\u017eu, r\u012bncinauga, linu, rozmar\u012bna, ciedru, avokado, &scaron;i e\u013c\u013cas. Maska piem\u0113rota nov\u0101jin\u0101tu matu kop&scaron;anai, ar tendenci uz izkri&scaron;anu. Satur 7, speci\u0101li izmekl\u0113tu e\u013c\u013cu kompleksu, kuras nostiprina folikulas, saglab\u0101 matu aizsargstrukt\u016bru, t\u0101d\u0113j\u0101di nov\u0113r&scaron;ot to sausumu un l\u016b&scaron;anu. E\u013c\u013cu iedarb\u012bbu pastiprina Vital Hair Aktive+ komplekss, kas stimul\u0113 asins mikrocirkul\u0101ciju, uzlabo matu folikulu apg\u0101di ar sk\u0101bekli,pies\u0101tina ar bar\u012bbas viel\u0101m. Maska ide\u0101li kopj galvas \u0101du, pal\u012bdz saglab\u0101t vesel\u012bgus matus gan sieviet\u0113m, gan v\u012brie&scaron;iem.  Dad\u017eu e\u013c\u013ca: nostiprina matu saknes, toniz\u0113 galvas \u0101du, normaliz\u0113 tauku dziedzeru darb\u012bbu.<\/p>\n<ul>\n<li><strong>R\u012bcine\u013c\u013ca: <\/strong>aktiviz\u0113 matu aug&scaron;anu, pie&scaron;\u0137ir tiem mirdzumu un z\u012bdain\u012bbu.<\/li>\n<li><strong>Lins\u0113klu&nbsp;e\u013c\u013ca: <\/strong>aktiviz\u0113 matu aug&scaron;anu. Satur E vitam\u012bnu, kam piem\u012bt mitrino&scaron;a iedarb\u012bba uz matiem un galvas \u0101du.<\/li>\n<li><strong>Rozmar\u012bna e\u013c\u013ca: <\/strong>uzlabo bar\u012bbas vielu uzs\u016bk&scaron;anos matu sakn\u0113s, nov\u0113r&scaron; to izkri&scaron;anu.<\/li>\n<li><strong>Ciedru e\u013c\u013ca: <\/strong>nostiprina matus un veicina to aug&scaron;anu. Piem\u012bt antiseptiska iedarb\u012bba.<\/li>\n<li><strong>Avokado e\u013c\u013ca:<\/strong> piem\u012bt kopjo&scaron;as \u012bpa&scaron;\u012bbas, aiztur mitrumu matos. Nov\u0113r&scaron; to sausumu un l\u016b&scaron;anu.<\/li>\n<li><strong>&Scaron;i e\u013c\u013ca: <\/strong>atjauno boj\u0101tu, sausu un trauslu matu strukt\u016bru. Dab\u012bgs UV filtrs.<\/li>\n<\/ul>\n<p><strong>Lieto&scaron;ana:<\/strong>&nbsp;p\u0113c mazg\u0101&scaron;anas ar &scaron;amp\u016bnu 7 vien\u0101 nepiecie&scaron;amo balzama-maskas daudzumu ar viegl\u0101m mas\u0113jo&scaron;\u0101m kust\u012bb\u0101m uzkl\u0101t uz mitriem matiem. Vienm\u0113r\u012bgi izl\u012bdzin\u0101t visu matu garum\u0101. Atkar\u012bb\u0101 no boj\u0101juma pak\u0101pes, balzamu-masku matos patur\u0113t 2 min\u016btes. Nomazg\u0101t ar \u016bdeni.<\/p>\n<p><strong>Piesardz\u012bbas pas\u0101kumi:<\/strong> tikai \u0101r\u012bgai lieto&scaron;anai. Nok\u013c\u016bstot ac\u012bs, t\u0101s izmazg\u0101t ar \u016bdeni.<\/p>\n<p>Uzglab\u0101t temperat\u016br\u0101 no 0 l\u012bdz +25&deg;C.<\/p>\n","protected":false},"excerpt":{"rendered":"<p>Komplekss 7 e\u013c\u013cas: dad\u017eu, r\u012bncinauga, linu, rozmar\u012bna, ciedru, avokado, &scaron;i e\u013c\u013cas. Maska piem\u0113rota nov\u0101jin\u0101tu matu kop&scaron;anai, ar tendenci uz izkri&scaron;anu. Satur 7, speci\u0101li izmekl\u0113tu e\u013c\u013cu kompleksu, kuras nostiprina folikulas, saglab\u0101 matu aizsargstrukt\u016bru, t\u0101d\u0113j\u0101di nov\u0113r&scaron;ot to sausumu un l\u016b&scaron;anu. E\u013c\u013cu iedarb\u012bbu pastiprina Vital Hair Aktive+ komplekss, kas stimul\u0113 asins mikrocirkul\u0101ciju, uzlabo matu folikulu apg\u0101di ar sk\u0101bekli,pies\u0101tina [&#8230;]\n","protected":false},"featured_media":104428,"template":"","meta":[],"product_cat":[1254],"product_tag":[],"class_list":{"0":"post-32959","1":"product","2":"type-product","3":"status-publish","4":"has-post-thumbnail","6":"product_brand-elfa_ua","7":"product_cat-maskas-matiem","9":"first","10":"instock","11":"taxable","12":"shipping-taxable","13":"product-type-simple"},"_links":{"self":[{"href":"https:\/\/e.kosmolat.eu\/lv\/wp-json\/wp\/v2\/product\/32959","targetHints":{"allow":["GET"]}}],"collection":[{"href":"https:\/\/e.kosmolat.eu\/lv\/wp-json\/wp\/v2\/product"}],"about":[{"href":"https:\/\/e.kosmolat.eu\/lv\/wp-json\/wp\/v2\/types\/product"}],"wp:featuredmedia":[{"embeddable":true,"href":"https:\/\/e.kosmolat.eu\/lv\/wp-json\/wp\/v2\/media\/104428"}],"wp:attachment":[{"href":"https:\/\/e.kosmolat.eu\/lv\/wp-json\/wp\/v2\/media?parent=32959"}],"wp:term":[{"taxonomy":"product_cat","embeddable":true,"href":"https:\/\/e.kosmolat.eu\/lv\/wp-json\/wp\/v2\/product_cat?post=32959"},{"taxonomy":"product_tag","embeddable":true,"href":"https:\/\/e.kosmolat.eu\/lv\/wp-json\/wp\/v2\/product_tag?post=32959"}],"curies":[{"name":"wp","href":"https:\/\/api.w.org\/{rel}","templated":true}]}}