{"id":32955,"date":"2023-12-21T17:53:53","date_gmt":"2023-12-21T17:53:53","guid":{"rendered":"https:\/\/e.kosmolat.eu\/product\/7-masel-serums-stimulejoss-7-1-100-ml\/"},"modified":"2026-04-17T13:57:51","modified_gmt":"2026-04-17T13:57:51","slug":"7-masel-serums-stimulejoss-7-1-100-ml","status":"publish","type":"product","link":"https:\/\/e.kosmolat.eu\/lv\/product\/7-masel-serums-stimulejoss-7-1-100-ml\/","title":{"rendered":"7 masel Serums stimul\u0113jo\u0161s 7 &#038; 1, 100 ml"},"content":{"rendered":"<p>7 e\u013c\u013cu komplekss: dad\u017eu, r\u012bcinauga, linu, rozmar\u012bna, ciedru, avokado, \u0161i e\u013c\u013cas.<br \/>\n&#8211; Ekspress-formula matu vesel\u012bbai.<br \/>\n&#8211; Nenoslogo matus.<br \/>\n&#8211; Nesatur spirtu. Nenomazg\u0101jama formula. <\/p>\n<p>Serums paredz\u0113ts nov\u0101jin\u0101tu matu kop\u0161anai ar tendenci uz izkri\u0161anu. Satur 7 speci\u0101li izv\u0113l\u0113tu e\u013c\u013cu kompleksu, kuras baro matu folikulas un nostiprina matus. E\u013c\u013cu iedarb\u012bbu pastiprina komplekss Vital Hair Aktive+, kas stimul\u0113 asins mikrocirkul\u0101ciju. Uzlabo matu folikulu apg\u0101di ar sk\u0101bekli, veicina lab\u0101ku bar\u012bbas vielu uzs\u016bk\u0161anos. Atjauno matus un b\u016btiski samazina to l\u016b\u0161anu.<br \/>\nSerums iede\u0101li kops galvas \u0101du. Pal\u012bdz saglab\u0101t vesel\u012bgus matus gan sieviet\u0113m, gan v\u012brie\u0161iem.<\/p>\n<p>Dad\u017eu e\u013c\u013ca: nostiprina matu saknes, toniz\u0113 galvas \u0101du, normaliz\u0113 tauku dziedzeru darb\u012bbu.<br \/>\nR\u012bcine\u013c\u013ca: aktiviz\u0113 matu aug\u0161anu, pie\u0161\u0137ir tiem mirdzumu un z\u012bdain\u012bbu.<\/p>\n<p>Linu e\u013c\u013ca: aktiviz\u0113 matu aug\u0161anu. Satur E vitam\u012bnu, kam piem\u012bt mitrino\u0161a iedarb\u012bba uz matiem un galvas \u0101du.<br \/>\nRozmar\u012bna e\u013c\u013ca: uzlabo bar\u012bbas vielu uzs\u016bk\u0161anos matu sakn\u0113s, nov\u0113r\u0161 to izkri\u0161anu.<\/p>\n<p>Ciedru e\u013c\u013ca: Nostiprina matus un veicina to aug\u0161anu. Piem\u012bt antiseptiska iedarb\u012bba.<\/p>\n<p>Avokado e\u013c\u013ca: piem\u012bt kopjo\u0161as \u012bpa\u0161\u012bbas, aiztur mitrumu matos. Nov\u0113r\u0161 to sausumu un l\u016b\u0161anu.<\/p>\n<p>\u0160i e\u013c\u013ca: atjauno boj\u0101tu, sausu un trauslu matu strukt\u016bru. Dab\u012bgs UV filtrs.<\/p>\n<p>LIETO\u0160ANA: uzkl\u0101t uz galvas \u0101das, ier\u012bv\u0113t ar viegl\u0101m mas\u0113jo\u0161\u0101m kust\u012bb\u0101m. Nenomazg\u0101t.P\u0113c uzkl\u0101\u0161anas var izmantot l\u012bdzek\u013cus matu veido\u0161anai, izmantot f\u0113nu. <\/p>\n<p>PIESARDZ\u012aBA: Tikai \u0101r\u012bgai lieto\u0161anai. Nok\u013c\u016bstot ac\u012bs, t\u0101s izmazg\u0101t ar \u016bdeni.<\/p>\n<p>Uzglab\u0101\u0161ana: no 0 l\u012bdz +25\u00b0C.<\/p>\n","protected":false},"excerpt":{"rendered":"<p>7 e\u013c\u013cu komplekss: dad\u017eu, r\u012bcinauga, linu, rozmar\u012bna, ciedru, avokado, \u0161i e\u013c\u013cas. &#8211; Ekspress-formula matu vesel\u012bbai. &#8211; Nenoslogo matus. &#8211; Nesatur spirtu. Nenomazg\u0101jama formula. Serums paredz\u0113ts nov\u0101jin\u0101tu matu kop\u0161anai ar tendenci uz izkri\u0161anu. Satur 7 speci\u0101li izv\u0113l\u0113tu e\u013c\u013cu kompleksu, kuras baro matu folikulas un nostiprina matus. E\u013c\u013cu iedarb\u012bbu pastiprina komplekss Vital Hair Aktive+, kas stimul\u0113 asins [&#8230;]\n","protected":false},"featured_media":104424,"template":"","meta":[],"product_cat":[1345],"product_tag":[],"class_list":{"0":"post-32955","1":"product","2":"type-product","3":"status-publish","4":"has-post-thumbnail","6":"product_brand-elfa_ua","7":"product_cat-kitos-plauku-prieziuros-priemones","9":"first","10":"outofstock","11":"taxable","12":"shipping-taxable","13":"product-type-simple"},"_links":{"self":[{"href":"https:\/\/e.kosmolat.eu\/lv\/wp-json\/wp\/v2\/product\/32955","targetHints":{"allow":["GET"]}}],"collection":[{"href":"https:\/\/e.kosmolat.eu\/lv\/wp-json\/wp\/v2\/product"}],"about":[{"href":"https:\/\/e.kosmolat.eu\/lv\/wp-json\/wp\/v2\/types\/product"}],"wp:featuredmedia":[{"embeddable":true,"href":"https:\/\/e.kosmolat.eu\/lv\/wp-json\/wp\/v2\/media\/104424"}],"wp:attachment":[{"href":"https:\/\/e.kosmolat.eu\/lv\/wp-json\/wp\/v2\/media?parent=32955"}],"wp:term":[{"taxonomy":"product_cat","embeddable":true,"href":"https:\/\/e.kosmolat.eu\/lv\/wp-json\/wp\/v2\/product_cat?post=32955"},{"taxonomy":"product_tag","embeddable":true,"href":"https:\/\/e.kosmolat.eu\/lv\/wp-json\/wp\/v2\/product_tag?post=32955"}],"curies":[{"name":"wp","href":"https:\/\/api.w.org\/{rel}","templated":true}]}}