{"id":32951,"date":"2023-12-21T17:53:30","date_gmt":"2023-12-21T17:53:30","guid":{"rendered":"https:\/\/e.kosmolat.eu\/product\/sila-72-cietas-saimniecibas-ziepes-ar-iepakojumu-180-g\/"},"modified":"2026-04-24T07:32:40","modified_gmt":"2026-04-24T07:32:40","slug":"sila-72-cietas-saimniecibas-ziepes-180-g","status":"publish","type":"product","link":"https:\/\/e.kosmolat.eu\/lv\/product\/sila-72-cietas-saimniecibas-ziepes-180-g\/","title":{"rendered":"SILA 72% Ciet\u0101s saimniec\u012bbas ziepes, 180 g"},"content":{"rendered":"<p><strong>Lieto\u0161ana:<\/strong> samitriniet auduma net\u012bro vietu, saputojiet, atst\u0101jiet uz 10-15 min\u016btes, p\u0113c tam noskalojiet ar siltu \u016bdeni un mazg\u0101jiet ar rok\u0101m k\u0101 parasti.<\/p>\n<p><strong>Piesardz\u012bbas pas\u0101kumi: <\/strong>ja iek\u013c\u016bst ac\u012bs, nekav\u0113joties izskalot ar \u016bdeni. Nenor\u012bt. Uzglab\u0101t b\u0113rniem nepieejam\u0101 viet\u0101, atsevi\u0161\u0137i no p\u0101rtikas produktiem.<\/p>\n<p><strong>Der\u012bguma termi\u0146\u0161: <\/strong>5 gadi no izgatavo\u0161anas datuma.<\/p>\n<p>&nbsp;<\/p>\n<p>&nbsp;<\/p>\n<p>&nbsp;<\/p>\n","protected":false},"excerpt":{"rendered":"<p>Lieto\u0161ana: samitriniet auduma net\u012bro vietu, saputojiet, atst\u0101jiet uz 10-15 min\u016btes, p\u0113c tam noskalojiet ar siltu \u016bdeni un mazg\u0101jiet ar rok\u0101m k\u0101 parasti. Piesardz\u012bbas pas\u0101kumi: ja iek\u013c\u016bst ac\u012bs, nekav\u0113joties izskalot ar \u016bdeni. Nenor\u012bt. Uzglab\u0101t b\u0113rniem nepieejam\u0101 viet\u0101, atsevi\u0161\u0137i no p\u0101rtikas produktiem. Der\u012bguma termi\u0146\u0161: 5 gadi no izgatavo\u0161anas datuma. &nbsp; &nbsp; &nbsp;<\/p>\n","protected":false},"featured_media":79610,"template":"","meta":[],"product_cat":[1481],"product_tag":[],"class_list":{"0":"post-32951","1":"product","2":"type-product","3":"status-publish","4":"has-post-thumbnail","6":"product_brand-slobozanskij-milovar_ua","7":"product_cat-velas-mazgasanas-lidzekli","9":"first","10":"instock","11":"taxable","12":"shipping-taxable","13":"product-type-simple"},"_links":{"self":[{"href":"https:\/\/e.kosmolat.eu\/lv\/wp-json\/wp\/v2\/product\/32951","targetHints":{"allow":["GET"]}}],"collection":[{"href":"https:\/\/e.kosmolat.eu\/lv\/wp-json\/wp\/v2\/product"}],"about":[{"href":"https:\/\/e.kosmolat.eu\/lv\/wp-json\/wp\/v2\/types\/product"}],"wp:featuredmedia":[{"embeddable":true,"href":"https:\/\/e.kosmolat.eu\/lv\/wp-json\/wp\/v2\/media\/79610"}],"wp:attachment":[{"href":"https:\/\/e.kosmolat.eu\/lv\/wp-json\/wp\/v2\/media?parent=32951"}],"wp:term":[{"taxonomy":"product_cat","embeddable":true,"href":"https:\/\/e.kosmolat.eu\/lv\/wp-json\/wp\/v2\/product_cat?post=32951"},{"taxonomy":"product_tag","embeddable":true,"href":"https:\/\/e.kosmolat.eu\/lv\/wp-json\/wp\/v2\/product_tag?post=32951"}],"curies":[{"name":"wp","href":"https:\/\/api.w.org\/{rel}","templated":true}]}}