{"id":32947,"date":"2023-12-21T17:53:08","date_gmt":"2023-12-21T17:53:08","guid":{"rendered":"https:\/\/e.kosmolat.eu\/product\/za-roku-un-nagu-krems-lotossoliva-100-ml\/"},"modified":"2025-09-19T16:21:18","modified_gmt":"2025-09-19T16:21:18","slug":"i_za-roku-un-nagu-krems-lotossoliva-100-ml","status":"publish","type":"product","link":"https:\/\/e.kosmolat.eu\/lv\/product\/i_za-roku-un-nagu-krems-lotossoliva-100-ml\/","title":{"rendered":"I_&#8221;ZA&#8221; Roku un nagu kr\u0113ms &#8220;Lotoss+Ol\u012bva&#8221;, 100 ml"},"content":{"rendered":"<ul>\n<li>Aizsarg\u0101jo&scaron;s, barojo&scaron;s<\/li>\n<\/ul>\n<p>Kr\u0113ma akt\u012bv\u0101s sast\u0101vda\u013cas nodro&scaron;ina roku \u0101dai dzi\u013cu mitrin\u0101&scaron;anu un sabalans\u0113tu baro&scaron;anai t\u0101s dab\u012bg\u0101 m\u012bkstuma un kopta izskata saglab\u0101&scaron;anai.&nbsp;<\/p>\n<p>Lotosa ekstrakts mitrina un m\u012bkstina \u0101du.<\/p>\n<p>Ol\u012bvu e\u013c\u013ca baro \u0101du. uztur t\u0101s jaun\u012bbu un tvirtumu. Aizsarg\u0101 \u0101du pret p\u0101rm\u0113r\u012bgo sausumu un nelabv\u0113l\u012bgo \u0101r\u0113jo iedarb\u012bbu.<\/p>\n<p>Ieteicams uzkl\u0101t no r\u012bta roku \u0101das aizsardz\u012bbai, dienas laik\u0101 p\u0113c katras roku mazg\u0101&scaron;anas un vakar\u0101 \u0101das baro&scaron;anai nakts laik\u0101.&nbsp;<\/p>\n","protected":false},"excerpt":{"rendered":"<p>Aizsarg\u0101jo&scaron;s, barojo&scaron;s Kr\u0113ma akt\u012bv\u0101s sast\u0101vda\u013cas nodro&scaron;ina roku \u0101dai dzi\u013cu mitrin\u0101&scaron;anu un sabalans\u0113tu baro&scaron;anai t\u0101s dab\u012bg\u0101 m\u012bkstuma un kopta izskata saglab\u0101&scaron;anai.&nbsp; Lotosa ekstrakts mitrina un m\u012bkstina \u0101du. Ol\u012bvu e\u013c\u013ca baro \u0101du. uztur t\u0101s jaun\u012bbu un tvirtumu. Aizsarg\u0101 \u0101du pret p\u0101rm\u0113r\u012bgo sausumu un nelabv\u0113l\u012bgo \u0101r\u0113jo iedarb\u012bbu. Ieteicams uzkl\u0101t no r\u012bta roku \u0101das aizsardz\u012bbai, dienas laik\u0101 p\u0113c katras [&#8230;]\n","protected":false},"featured_media":79590,"template":"","meta":[],"product_cat":[1302],"product_tag":[],"class_list":{"0":"post-32947","1":"product","2":"type-product","3":"status-publish","4":"has-post-thumbnail","6":"product_brand-elfa_ua","7":"product_cat-roku-kopsanas-kosmetika","9":"first","10":"outofstock","11":"taxable","12":"shipping-taxable","13":"product-type-simple"},"_links":{"self":[{"href":"https:\/\/e.kosmolat.eu\/lv\/wp-json\/wp\/v2\/product\/32947","targetHints":{"allow":["GET"]}}],"collection":[{"href":"https:\/\/e.kosmolat.eu\/lv\/wp-json\/wp\/v2\/product"}],"about":[{"href":"https:\/\/e.kosmolat.eu\/lv\/wp-json\/wp\/v2\/types\/product"}],"wp:featuredmedia":[{"embeddable":true,"href":"https:\/\/e.kosmolat.eu\/lv\/wp-json\/wp\/v2\/media\/79590"}],"wp:attachment":[{"href":"https:\/\/e.kosmolat.eu\/lv\/wp-json\/wp\/v2\/media?parent=32947"}],"wp:term":[{"taxonomy":"product_cat","embeddable":true,"href":"https:\/\/e.kosmolat.eu\/lv\/wp-json\/wp\/v2\/product_cat?post=32947"},{"taxonomy":"product_tag","embeddable":true,"href":"https:\/\/e.kosmolat.eu\/lv\/wp-json\/wp\/v2\/product_tag?post=32947"}],"curies":[{"name":"wp","href":"https:\/\/api.w.org\/{rel}","templated":true}]}}