{"id":32943,"date":"2023-12-21T17:52:48","date_gmt":"2023-12-21T17:52:48","guid":{"rendered":"https:\/\/e.kosmolat.eu\/product\/za-sejas-krems-baltinoss-100-ml\/"},"modified":"2026-04-17T09:27:25","modified_gmt":"2026-04-17T09:27:25","slug":"gp-sejas-krems-balinoss-100-ml","status":"publish","type":"product","link":"https:\/\/e.kosmolat.eu\/lv\/product\/gp-sejas-krems-balinoss-100-ml\/","title":{"rendered":"GP Sejas kr\u0113ms Balino\u0161s, 100 ml"},"content":{"rendered":"<p>Sejas kr\u0113ms moment\u0101ni mazina \u0101das savilkumu un diskomfortu, nodro\u0161inot pamata \u0101das kop\u0161anu. Piem\u0113rots lieto\u0161anai k\u0101 dienas un nakts kop\u0161anas l\u012bdzeklis.<\/p>\n<p>Akt\u012bv\u0101s sast\u0101vda\u013cas: citrona e\u013c\u013ca, p\u0113ters\u012b\u013cu ekstrakts, \u0161\u012b sviests un E vitam\u012bns.<br \/>\n\u2022 Izgaismo \u2014 citrona e\u013c\u013ca izgaismo \u0101du un pal\u012bdz saglab\u0101t t\u0101s elast\u012bbu.<br \/>\n\u2022 Pie\u0161\u0137ir mirdzumu \u2014 p\u0113ters\u012b\u013cu ekstrakts izl\u012bdzina \u0101das toni un pie\u0161\u0137ir \u0101dai vesel\u012bgu mirdzumu.<br \/>\n\u2022 Intens\u012bvi mitrina \u2014 \u0161\u012b sviests baro \u0101du un stiprina t\u0101s dabisko aizsargbarjeru.<br \/>\n\u2022 E vitam\u012bns \u2014 sp\u0113c\u012bgs antioksidants, kas aizsarg\u0101 \u0101du no br\u012bvajiem radik\u0101\u013ciem.<\/p>\n<p>Lieto\u0161ana: ar viegl\u0101m mas\u0113jo\u0161\u0101m kust\u012bb\u0101m uzkl\u0101t kr\u0113mu no r\u012bta un\/vai vakar\u0101 uz iepriek\u0161 att\u012br\u012btas sejas un kakla \u0101das.<\/p>\n<p>Piesardz\u012bbas pas\u0101kumi: iesp\u0113jama paaugstin\u0101ta individu\u0101l\u0101 jut\u012bba pret atsevi\u0161\u0137\u0101m sast\u0101vda\u013c\u0101m.<\/p>\n<p>Uzglab\u0101\u0161anas temperat\u016bra: no +5 \u00b0C l\u012bdz +25 \u00b0C.<\/p>\n<p>zgatavo\u0161anas datums datums: 30 m\u0113ne\u0161i pirms nor\u0101d\u012bt\u0101 der\u012bguma termi\u0146a beig\u0101m.<\/p>\n","protected":false},"excerpt":{"rendered":"<p>Sejas kr\u0113ms moment\u0101ni mazina \u0101das savilkumu un diskomfortu, nodro\u0161inot pamata \u0101das kop\u0161anu. Piem\u0113rots lieto\u0161anai k\u0101 dienas un nakts kop\u0161anas l\u012bdzeklis. Akt\u012bv\u0101s sast\u0101vda\u013cas: citrona e\u013c\u013ca, p\u0113ters\u012b\u013cu ekstrakts, \u0161\u012b sviests un E vitam\u012bns. \u2022 Izgaismo \u2014 citrona e\u013c\u013ca izgaismo \u0101du un pal\u012bdz saglab\u0101t t\u0101s elast\u012bbu. \u2022 Pie\u0161\u0137ir mirdzumu \u2014 p\u0113ters\u012b\u013cu ekstrakts izl\u012bdzina \u0101das toni un pie\u0161\u0137ir \u0101dai [&#8230;]\n","protected":false},"featured_media":104376,"template":"","meta":[],"product_cat":[1999],"product_tag":[],"class_list":{"0":"post-32943","1":"product","2":"type-product","3":"status-publish","4":"has-post-thumbnail","6":"product_brand-elfa_ua","7":"product_cat-bez-kategorijas","9":"first","10":"instock","11":"taxable","12":"shipping-taxable","13":"product-type-simple"},"_links":{"self":[{"href":"https:\/\/e.kosmolat.eu\/lv\/wp-json\/wp\/v2\/product\/32943","targetHints":{"allow":["GET"]}}],"collection":[{"href":"https:\/\/e.kosmolat.eu\/lv\/wp-json\/wp\/v2\/product"}],"about":[{"href":"https:\/\/e.kosmolat.eu\/lv\/wp-json\/wp\/v2\/types\/product"}],"wp:featuredmedia":[{"embeddable":true,"href":"https:\/\/e.kosmolat.eu\/lv\/wp-json\/wp\/v2\/media\/104376"}],"wp:attachment":[{"href":"https:\/\/e.kosmolat.eu\/lv\/wp-json\/wp\/v2\/media?parent=32943"}],"wp:term":[{"taxonomy":"product_cat","embeddable":true,"href":"https:\/\/e.kosmolat.eu\/lv\/wp-json\/wp\/v2\/product_cat?post=32943"},{"taxonomy":"product_tag","embeddable":true,"href":"https:\/\/e.kosmolat.eu\/lv\/wp-json\/wp\/v2\/product_tag?post=32943"}],"curies":[{"name":"wp","href":"https:\/\/api.w.org\/{rel}","templated":true}]}}