{"id":32931,"date":"2023-12-21T17:51:28","date_gmt":"2023-12-21T17:51:28","guid":{"rendered":"https:\/\/e.kosmolat.eu\/product\/cistin-lidzeklis-kanalizacijas-caurulu-tirisanai-500-g\/"},"modified":"2024-10-24T05:14:49","modified_gmt":"2024-10-24T05:14:49","slug":"cistin-lidzeklis-kanalizacijas-caurulu-tirisanai-500-g","status":"publish","type":"product","link":"https:\/\/e.kosmolat.eu\/lv\/product\/cistin-lidzeklis-kanalizacijas-caurulu-tirisanai-500-g\/","title":{"rendered":"&#8220;\u010cistin&#8221; L\u012bdzeklis kanaliz\u0101cijas cauru\u013cu t\u012br\u012b\u0161anai, 500 g"},"content":{"rendered":"<p>Paredz\u0113ts kanaliz\u0101cijas cauru\u013cu t\u012br\u012b&scaron;anai un profilaksei.<\/p>\n<p><strong>Lieto&scaron;ana: <\/strong>uzman\u012bgi ieliet \u017eeleju (250 ml) kanaliz\u0101cijas caurules notek\u0101, \u013caut iedarboties 5-15 min. Stipru aizs\u0113r\u0113jumu gad\u012bjum\u0101 atst\u0101t uz ilg\u0101ku laiku. Noskalot ar sp\u0113c\u012bgu \u016bdens str\u016bklu. Nepiecie&scaron;am\u012bbas gad\u012bjum\u0101 apstr\u0101di atk\u0101rtot. Profilakse: apstr\u0101di veikt 1 reizi m\u0113nes\u012b. L\u012bdzeklis ir dro&scaron;s jebkura veida kanaliz\u0101cijas caurul\u0113m.<\/p>\n<p><strong>Piesardz\u012bbas pas\u0101kumi: <\/strong>Nejaukt ar citiem balin\u0101&scaron;anas un t\u012br\u012b&scaron;anas l\u012bdzek\u013ciem. L\u012bdzeklis sasalst, p\u0113c atsal&scaron;anas saglab\u0101 savas \u012bpa&scaron;\u012bbas.<\/p>\n<p><strong>Sast\u0101v\u0101: <\/strong>maz\u0101k par 5 % balin\u0101t\u0101ja, kura pamat\u0101 ir hlors, maz\u0101k par 5 % anjonu virsmakt\u012bvo vielu, maz\u0101k par 5 % nejonu virsmakt\u012bvo vielu, maz\u0101k par 5 % EDTA s\u0101\u013cu. Smar\u017eas un arom\u0101tisk\u0101s kompoz\u012bcijas.<\/p>\n<p>&nbsp;<\/p>\n<p><strong><img decoding=\"async\" alt=\"\" src=\"file:\/\/\/C:\/Users\/masha\/Desktop\/GHS05.jpg\" style=\"height:40px; width:40px\" \/>GHS05 &nbsp;&nbsp;<img decoding=\"async\" alt=\"\" src=\"file:\/\/\/C:\/Users\/masha\/Desktop\/GHS09.jpg\" style=\"height:40px; width:40px\" \/>GHS09 B\u012bstami<\/strong><br \/>\nH290 Var kod\u012bgi iedarboties uz met\u0101liem.<br \/>\nH314 Izraisa smagus \u0101das apdegumus un acu boj\u0101jumus.<br \/>\nH400 \u013boti toksisks \u016bdens organismiem.<br \/>\nH411 Toksisks \u016bdens organismiem ar ilgsto&scaron;\u0101m sek\u0101m.<br \/>\nEUH 031 Saskaroties ar sk\u0101b\u0113m, izdala toksiskas g\u0101zes.<br \/>\nEUH 206 Br\u012bdin\u0101jums! Nelietot kop\u0101 ar citiem produktiem. Var izdal\u012bt b\u012bstamas g\u0101zes (hloru).<\/p>\n<p>Dro&scaron;\u012bbas pras\u012bbu apz\u012bm\u0113jumi:<br \/>\nP102 Sarg\u0101t no b\u0113rniem.<br \/>\nP234 Tur\u0113t tikai ori\u0123in\u0101liepakojum\u0101.<br \/>\n\u0420260 Neieelpot putek\u013cus\/tvaikus\/g\u0101zi\/d\u016bmus\/ izgarojumus\/smidzin\u0101jumu.<br \/>\nP264 P\u0113c izmanto&scaron;anas rokas k\u0101rt\u012bgi nomazg\u0101t.<br \/>\nP273 Izvair\u012bties no izplat\u012b&scaron;anas apk\u0101rt\u0113j\u0101 vid\u0113.<br \/>\nP280 Izmantot aizsargcimdus\/aizsargdr\u0113bes\/ acu aizsargus\/sejas aizsargus.<br \/>\nP305+P351+P338 Saskar\u0113 ar ac\u012bm: Uzman\u012bgi izskalot ar \u016bdeni vair\u0101kas min\u016btes. Iz\u0146emt kontaktl\u0113cas, ja t\u0101<\/p>\n","protected":false},"excerpt":{"rendered":"<p>Paredz\u0113ts kanaliz\u0101cijas cauru\u013cu t\u012br\u012b&scaron;anai un profilaksei. Lieto&scaron;ana: uzman\u012bgi ieliet \u017eeleju (250 ml) kanaliz\u0101cijas caurules notek\u0101, \u013caut iedarboties 5-15 min. Stipru aizs\u0113r\u0113jumu gad\u012bjum\u0101 atst\u0101t uz ilg\u0101ku laiku. Noskalot ar sp\u0113c\u012bgu \u016bdens str\u016bklu. Nepiecie&scaron;am\u012bbas gad\u012bjum\u0101 apstr\u0101di atk\u0101rtot. Profilakse: apstr\u0101di veikt 1 reizi m\u0113nes\u012b. L\u012bdzeklis ir dro&scaron;s jebkura veida kanaliz\u0101cijas caurul\u0113m. Piesardz\u012bbas pas\u0101kumi: Nejaukt ar citiem balin\u0101&scaron;anas un [&#8230;]\n","protected":false},"featured_media":6978,"template":"","meta":[],"product_cat":[1468],"product_tag":[],"class_list":{"0":"post-32931","1":"product","2":"type-product","3":"status-publish","4":"has-post-thumbnail","6":"product_brand-malina-akcija","7":"product_cat-virtuvei-namu-priezurai-namu-priezurai","9":"first","10":"outofstock","11":"taxable","12":"shipping-taxable","13":"product-type-simple"},"_links":{"self":[{"href":"https:\/\/e.kosmolat.eu\/lv\/wp-json\/wp\/v2\/product\/32931","targetHints":{"allow":["GET"]}}],"collection":[{"href":"https:\/\/e.kosmolat.eu\/lv\/wp-json\/wp\/v2\/product"}],"about":[{"href":"https:\/\/e.kosmolat.eu\/lv\/wp-json\/wp\/v2\/types\/product"}],"wp:featuredmedia":[{"embeddable":true,"href":"https:\/\/e.kosmolat.eu\/lv\/wp-json\/wp\/v2\/media\/6978"}],"wp:attachment":[{"href":"https:\/\/e.kosmolat.eu\/lv\/wp-json\/wp\/v2\/media?parent=32931"}],"wp:term":[{"taxonomy":"product_cat","embeddable":true,"href":"https:\/\/e.kosmolat.eu\/lv\/wp-json\/wp\/v2\/product_cat?post=32931"},{"taxonomy":"product_tag","embeddable":true,"href":"https:\/\/e.kosmolat.eu\/lv\/wp-json\/wp\/v2\/product_tag?post=32931"}],"curies":[{"name":"wp","href":"https:\/\/api.w.org\/{rel}","templated":true}]}}