{"id":32927,"date":"2023-12-21T17:50:58","date_gmt":"2023-12-21T17:50:58","guid":{"rendered":"https:\/\/e.kosmolat.eu\/product\/artcolor-basma-indija-25-g\/"},"modified":"2025-09-19T16:19:11","modified_gmt":"2025-09-19T16:19:11","slug":"artcolor-basma-indija-25-g","status":"publish","type":"product","link":"https:\/\/e.kosmolat.eu\/lv\/product\/artcolor-basma-indija-25-g\/","title":{"rendered":"&#8220;Artcolor&#8221; Basma Indija, 25 g"},"content":{"rendered":"<p>&#8211; Spilgta kr\u0101sa!<br \/>\n&#8211; Kupli mati bez blaugzn\u0101m!<br \/>\n&#8211; Stipras matu saknes!<\/p>\n<p>Indijas basma ATRKOLOR stimul\u0113 matu aug\u0161anu un uzlabo to strukt\u016bru, stiprina matu saknes un nov\u0113r\u0161 blaugznu veido\u0161anos, pie\u0161\u0137irot J\u016bsu matiem pies\u0101tin\u0101tu mirdzumu.<\/p>\n<p>IETEICAMS: No \u0137\u012bmisk\u0101s kr\u0101so\u0161anas noguru\u0161iem matiem.<\/p>\n<p>LIETO\u0160ANA: nokr\u0101sojiet matus ar hennu ARTKOLOR saska ar instrukciju uz paci\u0146as. T\u0101d\u0101 pa\u0161\u0101 veid\u0101 sagatavojiet masu no basmas un karstu uzkl\u0101jiet uz matiem, p\u0113c tam sa\u0137emm\u0113jiet uz pakau\u0161a un uzvelciet siltu cepur\u012bti. Kr\u0101sa atkar\u012bga no dab\u012bgo matu kr\u0101sas, strukt\u016bras un matu biezuma.Ist\u0101 kr\u0101sa par\u0101d\u0101s dienu p\u0113c gaisa sk\u0101bek\u013ca iedarb\u012bbas. Ja v\u0113lamais tonis uz matiem nav sasniegts, tad kr\u0101so\u0161anas procesu ar basmu ir v\u0113rts atk\u0101rtot.<\/p>\n<p>IESAK\u0100M: ziepes un \u0161amp\u016bnus matu mazg\u0101\u0161anai izmantojiet ne \u0101tr\u0101k k\u0101 3 dienas p\u0113c kr\u0101so\u0161anas. P\u0113c atv\u0113r\u0161anas uzglab\u0101t saus\u0101 un silt\u0101 viet\u0101 istabas temperat\u016br\u0101.<br \/>\n&#8212;&#8212;&#8212;&#8212;&#8212;&#8212;&#8212;&#8212;&#8212;&#8212;&#8212;&#8212;&#8211;<br \/>\nREZAULT\u0100TS: kai\u0161i kasta\u0146br\u016bna:<br \/>\nKr\u0101so\u0161anas laiks ar hennu:40 min.<br \/>\nKr\u0101so\u0161anas laiks ar basmu: 15- 20 min.<\/p>\n<p>REZAULT\u0100TS: tum\u0161i kasta\u0146br\u016bna,<br \/>\nKr\u0101so\u0161ans laiks ar hennu: 80-90 min.<br \/>\nKr\u0101so\u0161anas laiks ar basmu: 40-60 min.<\/p>\n<p>REZULT\u0100TS: melna<br \/>\nkr\u0101so\u0161ans laiks ar hennu:100-120 min.<br \/>\nKr\u0101so\u0161anas laiks ar basmu: 80-90 min.<\/p>\n<p>&#8212;&#8212;&#8212;&#8212;&#8212;&#8212;&#8212;&#8212;&#8212;&#8212;&#8212;&#8212;&#8212;<br \/>\nSast\u0101vda\u013ca: (Indigofera Argentia).<\/p>\n","protected":false},"excerpt":{"rendered":"<p>&#8211; Spilgta kr\u0101sa! &#8211; Kupli mati bez blaugzn\u0101m! &#8211; Stipras matu saknes! Indijas basma ATRKOLOR stimul\u0113 matu aug\u0161anu un uzlabo to strukt\u016bru, stiprina matu saknes un nov\u0113r\u0161 blaugznu veido\u0161anos, pie\u0161\u0137irot J\u016bsu matiem pies\u0101tin\u0101tu mirdzumu. IETEICAMS: No \u0137\u012bmisk\u0101s kr\u0101so\u0161anas noguru\u0161iem matiem. LIETO\u0160ANA: nokr\u0101sojiet matus ar hennu ARTKOLOR saska ar instrukciju uz paci\u0146as. T\u0101d\u0101 pa\u0161\u0101 veid\u0101 sagatavojiet [&#8230;]\n","protected":false},"featured_media":79554,"template":"","meta":[],"product_cat":[1659],"product_tag":[],"class_list":{"0":"post-32927","1":"product","2":"type-product","3":"status-publish","4":"has-post-thumbnail","6":"product_brand-malina-akcija","7":"product_cat-1659","9":"first","10":"outofstock","11":"taxable","12":"shipping-taxable","13":"product-type-simple"},"_links":{"self":[{"href":"https:\/\/e.kosmolat.eu\/lv\/wp-json\/wp\/v2\/product\/32927","targetHints":{"allow":["GET"]}}],"collection":[{"href":"https:\/\/e.kosmolat.eu\/lv\/wp-json\/wp\/v2\/product"}],"about":[{"href":"https:\/\/e.kosmolat.eu\/lv\/wp-json\/wp\/v2\/types\/product"}],"wp:featuredmedia":[{"embeddable":true,"href":"https:\/\/e.kosmolat.eu\/lv\/wp-json\/wp\/v2\/media\/79554"}],"wp:attachment":[{"href":"https:\/\/e.kosmolat.eu\/lv\/wp-json\/wp\/v2\/media?parent=32927"}],"wp:term":[{"taxonomy":"product_cat","embeddable":true,"href":"https:\/\/e.kosmolat.eu\/lv\/wp-json\/wp\/v2\/product_cat?post=32927"},{"taxonomy":"product_tag","embeddable":true,"href":"https:\/\/e.kosmolat.eu\/lv\/wp-json\/wp\/v2\/product_tag?post=32927"}],"curies":[{"name":"wp","href":"https:\/\/api.w.org\/{rel}","templated":true}]}}