{"id":32923,"date":"2023-12-21T17:50:36","date_gmt":"2023-12-21T17:50:36","guid":{"rendered":"https:\/\/e.kosmolat.eu\/product\/mf-zobu-pasta-berniem-perlu-smaids-1-8g-60-ml\/"},"modified":"2025-09-19T16:18:45","modified_gmt":"2025-09-19T16:18:45","slug":"mf-zobu-pasta-berniem-perlu-smaids-1-8g-60-ml","status":"publish","type":"product","link":"https:\/\/e.kosmolat.eu\/lv\/product\/mf-zobu-pasta-berniem-perlu-smaids-1-8g-60-ml\/","title":{"rendered":"MF Zobu pasta b\u0113rniem &#8220;P\u0113r\u013cu smaids&#8221; 1-8g., 60 ml"},"content":{"rendered":"<p>Pastiprin\u0101ta aizsardz\u012bba pret kariesu. Dro\u0161a net\u012b\u0161as nor\u012b\u0161anas gad\u012bjum\u0101.\n<\/p>\n<h4>Lieto\u0161ana:<br \/>\n<\/h4>\n<p>nelielu zobu pastas daudzumu zir\u0146a lielum\u0101 izspiest uz zobu birstes, t\u012b\u0157\u012bt zobus 2-3 min\u016btes 2 reizes dien\u0101.\n<\/p>\n<p>B\u0113rniem vecum\u0101 l\u012bdz se\u0161iem gadiem: lietot pastu zir\u0146a lielum\u0101 un t\u012br\u012bt zobus pieaugu\u0161\u0101 uzraudz\u012bb\u0101, lai samazin\u0101tu nor\u012b\u0161anas iesp\u0113ju. Ja lietojat citus fluoru saturo\u0161us produktus, konsult\u0113jieties ar zob\u0101rstu vai \u0101rstu. BR\u012aDIN\u0100JUMS: Satur n\u0101trija monofluorfosf\u0101tu. Fluor\u012bdu masas da\u013ca 0,03%.\n<\/p>\n<p>Nav \u0101rstniecisks l\u012bdzeklis. Lieto\u0161ana neatbr\u012bvo no stomatologa apmekl\u0113\u0161anas. Produkcija ir paredz\u0113ta zobu, smaganu un mutes dobuma uztur\u0113\u0161anai norm\u0101l\u0101 st\u0101vokl\u012b.\u00a0<\/p>\n<p>Satur n\u0101trija monofluorfosf\u0101tu &#8211; 0,05%.<\/p>\n","protected":false},"excerpt":{"rendered":"<p>Pastiprin\u0101ta aizsardz\u012bba pret kariesu. Dro\u0161a net\u012b\u0161as nor\u012b\u0161anas gad\u012bjum\u0101. Lieto\u0161ana: nelielu zobu pastas daudzumu zir\u0146a lielum\u0101 izspiest uz zobu birstes, t\u012b\u0157\u012bt zobus 2-3 min\u016btes 2 reizes dien\u0101. B\u0113rniem vecum\u0101 l\u012bdz se\u0161iem gadiem: lietot pastu zir\u0146a lielum\u0101 un t\u012br\u012bt zobus pieaugu\u0161\u0101 uzraudz\u012bb\u0101, lai samazin\u0101tu nor\u012b\u0161anas iesp\u0113ju. Ja lietojat citus fluoru saturo\u0161us produktus, konsult\u0113jieties ar zob\u0101rstu vai \u0101rstu. [&#8230;]\n","protected":false},"featured_media":79546,"template":"","meta":[],"product_cat":[1338],"product_tag":[],"class_list":{"0":"post-32923","1":"product","2":"type-product","3":"status-publish","4":"has-post-thumbnail","6":"product_brand-unilever-rus","7":"product_cat-1338","9":"first","10":"outofstock","11":"taxable","12":"shipping-taxable","13":"product-type-simple"},"_links":{"self":[{"href":"https:\/\/e.kosmolat.eu\/lv\/wp-json\/wp\/v2\/product\/32923","targetHints":{"allow":["GET"]}}],"collection":[{"href":"https:\/\/e.kosmolat.eu\/lv\/wp-json\/wp\/v2\/product"}],"about":[{"href":"https:\/\/e.kosmolat.eu\/lv\/wp-json\/wp\/v2\/types\/product"}],"wp:featuredmedia":[{"embeddable":true,"href":"https:\/\/e.kosmolat.eu\/lv\/wp-json\/wp\/v2\/media\/79546"}],"wp:attachment":[{"href":"https:\/\/e.kosmolat.eu\/lv\/wp-json\/wp\/v2\/media?parent=32923"}],"wp:term":[{"taxonomy":"product_cat","embeddable":true,"href":"https:\/\/e.kosmolat.eu\/lv\/wp-json\/wp\/v2\/product_cat?post=32923"},{"taxonomy":"product_tag","embeddable":true,"href":"https:\/\/e.kosmolat.eu\/lv\/wp-json\/wp\/v2\/product_tag?post=32923"}],"curies":[{"name":"wp","href":"https:\/\/api.w.org\/{rel}","templated":true}]}}