{"id":32919,"date":"2023-12-21T17:50:14","date_gmt":"2023-12-21T17:50:14","guid":{"rendered":"https:\/\/e.kosmolat.eu\/product\/cl-krems-kopsana-kajam-intensiva-barosana-75-ml\/"},"modified":"2024-08-06T09:50:50","modified_gmt":"2024-08-06T09:50:50","slug":"cl-krems-kopsana-kajam-intensiva-barosana-75-ml","status":"publish","type":"product","link":"https:\/\/e.kosmolat.eu\/lv\/product\/cl-krems-kopsana-kajam-intensiva-barosana-75-ml\/","title":{"rendered":"CL Kr\u0113ms-kop\u0161ana k\u0101j\u0101m &#8220;Intens\u012bva baro\u0161ana&#8221;, 75 ml"},"content":{"rendered":"<p>Smilts\u0113rk\u0161\u0137u e\u013c\u013ca. Baro\u0161ana 24 stundas.<br \/>\nMoment\u0101li ies\u016bcas. Nov\u0113r\u0161 raupj\u0101s p\u0113du \u0101das galven\u0101s probl\u0113mas. <\/p>\n<p>Satur Fito-e\u013c\u013cu kompleksu:\n<\/p>\n<p><b>Smilts\u0113rk\u0161\u0137u e\u013c\u013ca <\/b>&#8211; veicina mikroplaisu sadz\u012b\u0161anu; <\/p>\n<p><b><br \/>\nLavandas e\u013c\u013ca <\/b>&#8211; atsl\u0101bina un m\u012bkstina \u0101du;\n<\/p>\n<p><b>T\u0113jas koka e\u013c\u013ca <\/b>&#8211; piem\u012bt bakteric\u012bdas \u012bpa\u0161\u012bbas;\n<\/p>\n<p><b>Me\u017eroz\u012b\u0161u e\u013c\u013ca<\/b> &#8211; intens\u012bvi baro \u0101du.\n<\/p>\n<h4>\n<p>Lieto\u0161ana: <\/h4>\n<p>uzkl\u0101t kr\u0113mu uz sausas t\u012bras k\u0101ju \u0101das, viegli mas\u0113t, l\u012bdz piln\u012bb\u0101 uzs\u016bcas.<\/p>\n<p>P\u0113c atv\u0113r\u0161anas izlietot 6 m\u0113ne\u0161u laik\u0101.<\/p>\n","protected":false},"excerpt":{"rendered":"<p>Smilts\u0113rk\u0161\u0137u e\u013c\u013ca. Baro\u0161ana 24 stundas. Moment\u0101li ies\u016bcas. Nov\u0113r\u0161 raupj\u0101s p\u0113du \u0101das galven\u0101s probl\u0113mas. Satur Fito-e\u013c\u013cu kompleksu: Smilts\u0113rk\u0161\u0137u e\u013c\u013ca &#8211; veicina mikroplaisu sadz\u012b\u0161anu; Lavandas e\u013c\u013ca &#8211; atsl\u0101bina un m\u012bkstina \u0101du; T\u0113jas koka e\u013c\u013ca &#8211; piem\u012bt bakteric\u012bdas \u012bpa\u0161\u012bbas; Me\u017eroz\u012b\u0161u e\u013c\u013ca &#8211; intens\u012bvi baro \u0101du. Lieto\u0161ana: uzkl\u0101t kr\u0113mu uz sausas t\u012bras k\u0101ju \u0101das, viegli mas\u0113t, l\u012bdz piln\u012bb\u0101 uzs\u016bcas. [&#8230;]\n","protected":false},"featured_media":4362,"template":"","meta":[],"product_cat":[1999],"product_tag":[],"class_list":{"0":"post-32919","1":"product","2":"type-product","3":"status-publish","4":"has-post-thumbnail","6":"product_brand-unilever-rus","7":"product_cat-bez-kategorijas","9":"first","10":"outofstock","11":"taxable","12":"shipping-taxable","13":"product-type-simple"},"_links":{"self":[{"href":"https:\/\/e.kosmolat.eu\/lv\/wp-json\/wp\/v2\/product\/32919","targetHints":{"allow":["GET"]}}],"collection":[{"href":"https:\/\/e.kosmolat.eu\/lv\/wp-json\/wp\/v2\/product"}],"about":[{"href":"https:\/\/e.kosmolat.eu\/lv\/wp-json\/wp\/v2\/types\/product"}],"wp:featuredmedia":[{"embeddable":true,"href":"https:\/\/e.kosmolat.eu\/lv\/wp-json\/wp\/v2\/media\/4362"}],"wp:attachment":[{"href":"https:\/\/e.kosmolat.eu\/lv\/wp-json\/wp\/v2\/media?parent=32919"}],"wp:term":[{"taxonomy":"product_cat","embeddable":true,"href":"https:\/\/e.kosmolat.eu\/lv\/wp-json\/wp\/v2\/product_cat?post=32919"},{"taxonomy":"product_tag","embeddable":true,"href":"https:\/\/e.kosmolat.eu\/lv\/wp-json\/wp\/v2\/product_tag?post=32919"}],"curies":[{"name":"wp","href":"https:\/\/api.w.org\/{rel}","templated":true}]}}