{"id":32911,"date":"2023-12-21T17:49:22","date_gmt":"2023-12-21T17:49:22","guid":{"rendered":"https:\/\/e.kosmolat.eu\/product\/cz-dienas-sejas-krems-no-60-50-ml\/"},"modified":"2025-09-19T17:06:54","modified_gmt":"2025-09-19T17:06:54","slug":"cz-dienas-sejas-krems-no-60-50-ml","status":"publish","type":"product","link":"https:\/\/e.kosmolat.eu\/lv\/product\/cz-dienas-sejas-krems-no-60-50-ml\/","title":{"rendered":"CZ Dienas Sejas kr\u0113ms no 60+, 50 ml"},"content":{"rendered":"<p>Samazina izteiktas grumbas. Izl\u012bdzina \u0101das toni, padarot \u0101das pigment\u0101ciju maz\u0101k paman\u0101mu. <\/p>\n<p>Lamin\u0101rijas ekstrakts stimul\u0113 kolag\u0113na sint\u0113zi, piem\u012bt detoksa efekts. Bio-e\u013c\u013cu komplekss bag\u0101t\u012bgi baro, pies\u0101tina \u0101du ar vitam\u012bniem, nodro\u0161ina UV aizsardz\u012bbu. <\/p>\n<p>Magnolijas ekstrakts sniedz antioksidantu iedarb\u012bbu. <\/p>\n<h4>Lieto\u0161ana: <\/h4>\n<p>uzkl\u0101jiet kr\u0113mu uz t\u012bras sausas sejas \u0101das, vienm\u0113r\u012bgi izsm\u0113r\u0113jiet, pamas\u0113jiet.<\/p>\n","protected":false},"excerpt":{"rendered":"<p>Samazina izteiktas grumbas. Izl\u012bdzina \u0101das toni, padarot \u0101das pigment\u0101ciju maz\u0101k paman\u0101mu. Lamin\u0101rijas ekstrakts stimul\u0113 kolag\u0113na sint\u0113zi, piem\u012bt detoksa efekts. Bio-e\u013c\u013cu komplekss bag\u0101t\u012bgi baro, pies\u0101tina \u0101du ar vitam\u012bniem, nodro\u0161ina UV aizsardz\u012bbu. Magnolijas ekstrakts sniedz antioksidantu iedarb\u012bbu. Lieto\u0161ana: uzkl\u0101jiet kr\u0113mu uz t\u012bras sausas sejas \u0101das, vienm\u0113r\u012bgi izsm\u0113r\u0113jiet, pamas\u0113jiet.<\/p>\n","protected":false},"featured_media":80470,"template":"","meta":[],"product_cat":[1320],"product_tag":[],"class_list":{"0":"post-32911","1":"product","2":"type-product","3":"status-publish","4":"has-post-thumbnail","6":"product_brand-unilever-rus","7":"product_cat-sejas-kremi","9":"first","10":"outofstock","11":"taxable","12":"shipping-taxable","13":"product-type-simple"},"_links":{"self":[{"href":"https:\/\/e.kosmolat.eu\/lv\/wp-json\/wp\/v2\/product\/32911","targetHints":{"allow":["GET"]}}],"collection":[{"href":"https:\/\/e.kosmolat.eu\/lv\/wp-json\/wp\/v2\/product"}],"about":[{"href":"https:\/\/e.kosmolat.eu\/lv\/wp-json\/wp\/v2\/types\/product"}],"wp:featuredmedia":[{"embeddable":true,"href":"https:\/\/e.kosmolat.eu\/lv\/wp-json\/wp\/v2\/media\/80470"}],"wp:attachment":[{"href":"https:\/\/e.kosmolat.eu\/lv\/wp-json\/wp\/v2\/media?parent=32911"}],"wp:term":[{"taxonomy":"product_cat","embeddable":true,"href":"https:\/\/e.kosmolat.eu\/lv\/wp-json\/wp\/v2\/product_cat?post=32911"},{"taxonomy":"product_tag","embeddable":true,"href":"https:\/\/e.kosmolat.eu\/lv\/wp-json\/wp\/v2\/product_tag?post=32911"}],"curies":[{"name":"wp","href":"https:\/\/api.w.org\/{rel}","templated":true}]}}