{"id":32883,"date":"2023-12-21T17:47:37","date_gmt":"2023-12-21T17:47:37","guid":{"rendered":"https:\/\/e.kosmolat.eu\/product\/nagu-skeres\/"},"modified":"2025-09-19T16:15:05","modified_gmt":"2025-09-19T16:15:05","slug":"nagu-skeres","status":"publish","type":"product","link":"https:\/\/e.kosmolat.eu\/lv\/product\/nagu-skeres\/","title":{"rendered":"Nagu \u0161\u0137\u0113res"},"content":{"rendered":"<p>NULL<\/p>\n","protected":false},"excerpt":{"rendered":"<p>NULL<\/p>\n","protected":false},"featured_media":79478,"template":"","meta":[],"product_cat":[1755],"product_tag":[],"class_list":{"0":"post-32883","1":"product","2":"type-product","3":"status-publish","4":"has-post-thumbnail","6":"product_brand-donegal-sp-zo-o-_pl","7":"product_cat-roku-kopsanas-aksesuari","9":"first","10":"outofstock","11":"taxable","12":"shipping-taxable","13":"product-type-simple"},"_links":{"self":[{"href":"https:\/\/e.kosmolat.eu\/lv\/wp-json\/wp\/v2\/product\/32883","targetHints":{"allow":["GET"]}}],"collection":[{"href":"https:\/\/e.kosmolat.eu\/lv\/wp-json\/wp\/v2\/product"}],"about":[{"href":"https:\/\/e.kosmolat.eu\/lv\/wp-json\/wp\/v2\/types\/product"}],"wp:featuredmedia":[{"embeddable":true,"href":"https:\/\/e.kosmolat.eu\/lv\/wp-json\/wp\/v2\/media\/79478"}],"wp:attachment":[{"href":"https:\/\/e.kosmolat.eu\/lv\/wp-json\/wp\/v2\/media?parent=32883"}],"wp:term":[{"taxonomy":"product_cat","embeddable":true,"href":"https:\/\/e.kosmolat.eu\/lv\/wp-json\/wp\/v2\/product_cat?post=32883"},{"taxonomy":"product_tag","embeddable":true,"href":"https:\/\/e.kosmolat.eu\/lv\/wp-json\/wp\/v2\/product_tag?post=32883"}],"curies":[{"name":"wp","href":"https:\/\/api.w.org\/{rel}","templated":true}]}}