{"id":32879,"date":"2023-12-21T17:43:05","date_gmt":"2023-12-21T17:43:05","guid":{"rendered":"https:\/\/e.kosmolat.eu\/product\/cimds-masazai-9687\/"},"modified":"2025-09-19T17:01:01","modified_gmt":"2025-09-19T17:01:01","slug":"cimds-masazai-9687","status":"publish","type":"product","link":"https:\/\/e.kosmolat.eu\/lv\/product\/cimds-masazai-9687\/","title":{"rendered":"Cimds mas\u0101\u017eai 9687"},"content":{"rendered":"<p>Mas\u0113jo\u0161s mazg\u0101\u0161an\u0101s cimds.<\/p>\n","protected":false},"excerpt":{"rendered":"<p>Mas\u0113jo\u0161s mazg\u0101\u0161an\u0101s cimds.<\/p>\n","protected":false},"featured_media":80346,"template":"","meta":[],"product_cat":[1827],"product_tag":[],"class_list":{"0":"post-32879","1":"product","2":"type-product","3":"status-publish","4":"has-post-thumbnail","6":"product_brand-donegal-sp-zo-o-_pl","7":"product_cat-kermena-kopsanas-aksesuari","9":"first","10":"outofstock","11":"taxable","12":"shipping-taxable","13":"product-type-simple"},"_links":{"self":[{"href":"https:\/\/e.kosmolat.eu\/lv\/wp-json\/wp\/v2\/product\/32879","targetHints":{"allow":["GET"]}}],"collection":[{"href":"https:\/\/e.kosmolat.eu\/lv\/wp-json\/wp\/v2\/product"}],"about":[{"href":"https:\/\/e.kosmolat.eu\/lv\/wp-json\/wp\/v2\/types\/product"}],"wp:featuredmedia":[{"embeddable":true,"href":"https:\/\/e.kosmolat.eu\/lv\/wp-json\/wp\/v2\/media\/80346"}],"wp:attachment":[{"href":"https:\/\/e.kosmolat.eu\/lv\/wp-json\/wp\/v2\/media?parent=32879"}],"wp:term":[{"taxonomy":"product_cat","embeddable":true,"href":"https:\/\/e.kosmolat.eu\/lv\/wp-json\/wp\/v2\/product_cat?post=32879"},{"taxonomy":"product_tag","embeddable":true,"href":"https:\/\/e.kosmolat.eu\/lv\/wp-json\/wp\/v2\/product_tag?post=32879"}],"curies":[{"name":"wp","href":"https:\/\/api.w.org\/{rel}","templated":true}]}}