{"id":32875,"date":"2023-12-21T17:42:48","date_gmt":"2023-12-21T17:42:48","guid":{"rendered":"https:\/\/e.kosmolat.eu\/product\/cimds-mazgasanai-un-masazai-9446\/"},"modified":"2026-04-09T16:24:34","modified_gmt":"2026-04-09T16:24:34","slug":"cimds-mazgasanai-un-masazai-9446","status":"publish","type":"product","link":"https:\/\/e.kosmolat.eu\/lv\/product\/cimds-mazgasanai-un-masazai-9446\/","title":{"rendered":"Cimds mazg\u0101\u0161anai un mas\u0101\u017eai 9446"},"content":{"rendered":"<p>\u0136erme\u0146a kop&scaron;anai, mas\u0113&scaron;anai un mazg\u0101&scaron;anai. Maigi mas\u0113t \u0101du apm\u0113ram 3-6 min. P\u0113c tam uzkl\u0101t uz \u0101das kr\u0113mu p\u0113c izv\u0113les. P\u012blinga efekts, pal\u012bdz mazin\u0101t celul\u012btu. Stimul\u0113 asinsriti, pastiprina kosm\u0113tisko produktu iedarb\u012bbu. T\u012bra \u0137erme\u0146a poras, no\u0146emot atmiru&scaron;\u0101s \u0101das &scaron;\u016bnas.<\/p>\n","protected":false},"excerpt":{"rendered":"<p>\u0136erme\u0146a kop&scaron;anai, mas\u0113&scaron;anai un mazg\u0101&scaron;anai. Maigi mas\u0113t \u0101du apm\u0113ram 3-6 min. P\u0113c tam uzkl\u0101t uz \u0101das kr\u0113mu p\u0113c izv\u0113les. P\u012blinga efekts, pal\u012bdz mazin\u0101t celul\u012btu. Stimul\u0113 asinsriti, pastiprina kosm\u0113tisko produktu iedarb\u012bbu. T\u012bra \u0137erme\u0146a poras, no\u0146emot atmiru&scaron;\u0101s \u0101das &scaron;\u016bnas.<\/p>\n","protected":false},"featured_media":80006,"template":"","meta":[],"product_cat":[1827],"product_tag":[],"class_list":{"0":"post-32875","1":"product","2":"type-product","3":"status-publish","4":"has-post-thumbnail","6":"product_brand-donegal-sp-zo-o-_pl","7":"product_cat-kermena-kopsanas-aksesuari","9":"first","10":"instock","11":"taxable","12":"shipping-taxable","13":"product-type-simple"},"_links":{"self":[{"href":"https:\/\/e.kosmolat.eu\/lv\/wp-json\/wp\/v2\/product\/32875","targetHints":{"allow":["GET"]}}],"collection":[{"href":"https:\/\/e.kosmolat.eu\/lv\/wp-json\/wp\/v2\/product"}],"about":[{"href":"https:\/\/e.kosmolat.eu\/lv\/wp-json\/wp\/v2\/types\/product"}],"wp:featuredmedia":[{"embeddable":true,"href":"https:\/\/e.kosmolat.eu\/lv\/wp-json\/wp\/v2\/media\/80006"}],"wp:attachment":[{"href":"https:\/\/e.kosmolat.eu\/lv\/wp-json\/wp\/v2\/media?parent=32875"}],"wp:term":[{"taxonomy":"product_cat","embeddable":true,"href":"https:\/\/e.kosmolat.eu\/lv\/wp-json\/wp\/v2\/product_cat?post=32875"},{"taxonomy":"product_tag","embeddable":true,"href":"https:\/\/e.kosmolat.eu\/lv\/wp-json\/wp\/v2\/product_tag?post=32875"}],"curies":[{"name":"wp","href":"https:\/\/api.w.org\/{rel}","templated":true}]}}