{"id":32871,"date":"2023-12-21T17:42:34","date_gmt":"2023-12-21T17:42:34","guid":{"rendered":"https:\/\/e.kosmolat.eu\/product\/dusas-cepurite-9298\/"},"modified":"2026-04-09T16:41:18","modified_gmt":"2026-04-09T16:41:18","slug":"dusas-cepurite-9298","status":"publish","type":"product","link":"https:\/\/e.kosmolat.eu\/lv\/product\/dusas-cepurite-9298\/","title":{"rendered":"Du\u0161as cepur\u012bte 9298"},"content":{"rendered":"<p>Du\u0161as cepur\u012bte.<\/p>\n<p>SVAR\u012aGI! Cepur\u012btes kr\u0101sa var at\u0161\u0137irties.<\/p>\n","protected":false},"excerpt":{"rendered":"<p>Du\u0161as cepur\u012bte. SVAR\u012aGI! Cepur\u012btes kr\u0101sa var at\u0161\u0137irties.<\/p>\n","protected":false},"featured_media":80338,"template":"","meta":[],"product_cat":[1668],"product_tag":[],"class_list":{"0":"post-32871","1":"product","2":"type-product","3":"status-publish","4":"has-post-thumbnail","6":"product_brand-donegal-sp-zo-o-_pl","7":"product_cat-1668","9":"first","10":"instock","11":"taxable","12":"shipping-taxable","13":"product-type-simple"},"_links":{"self":[{"href":"https:\/\/e.kosmolat.eu\/lv\/wp-json\/wp\/v2\/product\/32871","targetHints":{"allow":["GET"]}}],"collection":[{"href":"https:\/\/e.kosmolat.eu\/lv\/wp-json\/wp\/v2\/product"}],"about":[{"href":"https:\/\/e.kosmolat.eu\/lv\/wp-json\/wp\/v2\/types\/product"}],"wp:featuredmedia":[{"embeddable":true,"href":"https:\/\/e.kosmolat.eu\/lv\/wp-json\/wp\/v2\/media\/80338"}],"wp:attachment":[{"href":"https:\/\/e.kosmolat.eu\/lv\/wp-json\/wp\/v2\/media?parent=32871"}],"wp:term":[{"taxonomy":"product_cat","embeddable":true,"href":"https:\/\/e.kosmolat.eu\/lv\/wp-json\/wp\/v2\/product_cat?post=32871"},{"taxonomy":"product_tag","embeddable":true,"href":"https:\/\/e.kosmolat.eu\/lv\/wp-json\/wp\/v2\/product_tag?post=32871"}],"curies":[{"name":"wp","href":"https:\/\/api.w.org\/{rel}","templated":true}]}}