{"id":32867,"date":"2023-12-21T17:42:21","date_gmt":"2023-12-21T17:42:21","guid":{"rendered":"https:\/\/e.kosmolat.eu\/product\/suklis-puderim-9082\/"},"modified":"2026-04-21T06:57:41","modified_gmt":"2026-04-21T06:57:41","slug":"suklis-puderim-9082","status":"publish","type":"product","link":"https:\/\/e.kosmolat.eu\/lv\/product\/suklis-puderim-9082\/","title":{"rendered":"S\u016bklis p\u016bderim 9082"},"content":{"rendered":"<p>Kosm\u0113tisk\u0101 p\u016bka.<\/p>\n","protected":false},"excerpt":{"rendered":"<p>Kosm\u0113tisk\u0101 p\u016bka.<\/p>\n","protected":false},"featured_media":79994,"template":"","meta":[],"product_cat":[1999],"product_tag":[],"class_list":{"0":"post-32867","1":"product","2":"type-product","3":"status-publish","4":"has-post-thumbnail","6":"product_brand-donegal-sp-zo-o-_pl","7":"product_cat-bez-kategorijas","9":"first","10":"instock","11":"taxable","12":"shipping-taxable","13":"product-type-simple"},"_links":{"self":[{"href":"https:\/\/e.kosmolat.eu\/lv\/wp-json\/wp\/v2\/product\/32867","targetHints":{"allow":["GET"]}}],"collection":[{"href":"https:\/\/e.kosmolat.eu\/lv\/wp-json\/wp\/v2\/product"}],"about":[{"href":"https:\/\/e.kosmolat.eu\/lv\/wp-json\/wp\/v2\/types\/product"}],"wp:featuredmedia":[{"embeddable":true,"href":"https:\/\/e.kosmolat.eu\/lv\/wp-json\/wp\/v2\/media\/79994"}],"wp:attachment":[{"href":"https:\/\/e.kosmolat.eu\/lv\/wp-json\/wp\/v2\/media?parent=32867"}],"wp:term":[{"taxonomy":"product_cat","embeddable":true,"href":"https:\/\/e.kosmolat.eu\/lv\/wp-json\/wp\/v2\/product_cat?post=32867"},{"taxonomy":"product_tag","embeddable":true,"href":"https:\/\/e.kosmolat.eu\/lv\/wp-json\/wp\/v2\/product_tag?post=32867"}],"curies":[{"name":"wp","href":"https:\/\/api.w.org\/{rel}","templated":true}]}}