{"id":32863,"date":"2023-12-21T17:42:08","date_gmt":"2023-12-21T17:42:08","guid":{"rendered":"https:\/\/e.kosmolat.eu\/product\/skidrums-nagu-lakas-nonemsanai-9149\/"},"modified":"2026-04-09T16:23:17","modified_gmt":"2026-04-09T16:23:17","slug":"skidrums-nagu-lakas-nonemsanai-9149","status":"publish","type":"product","link":"https:\/\/e.kosmolat.eu\/lv\/product\/skidrums-nagu-lakas-nonemsanai-9149\/","title":{"rendered":"\u0160\u0137idrums nagu lakas no\u0146em\u0161anai 9149"},"content":{"rendered":"<p>Bez acetona.<\/p>\n<p>BR\u012aDIN\u0100JUMS: L\u012bdzeklis ir ugunsnedro&scaron;s! Glab\u0101t atsevi&scaron;\u0137i no sildo&scaron;\u0101m iek\u0101rt\u0101m! Sarg\u0101t no b\u0113rniem!<\/p>\n","protected":false},"excerpt":{"rendered":"<p>Bez acetona. BR\u012aDIN\u0100JUMS: L\u012bdzeklis ir ugunsnedro&scaron;s! Glab\u0101t atsevi&scaron;\u0137i no sildo&scaron;\u0101m iek\u0101rt\u0101m! Sarg\u0101t no b\u0113rniem!<\/p>\n","protected":false},"featured_media":79990,"template":"","meta":[],"product_cat":[1526],"product_tag":[],"class_list":{"0":"post-32863","1":"product","2":"type-product","3":"status-publish","4":"has-post-thumbnail","6":"product_brand-donegal-sp-zo-o-_pl","7":"product_cat-nagu-lakas-nonemeji","9":"first","10":"instock","11":"taxable","12":"shipping-taxable","13":"product-type-simple"},"_links":{"self":[{"href":"https:\/\/e.kosmolat.eu\/lv\/wp-json\/wp\/v2\/product\/32863","targetHints":{"allow":["GET"]}}],"collection":[{"href":"https:\/\/e.kosmolat.eu\/lv\/wp-json\/wp\/v2\/product"}],"about":[{"href":"https:\/\/e.kosmolat.eu\/lv\/wp-json\/wp\/v2\/types\/product"}],"wp:featuredmedia":[{"embeddable":true,"href":"https:\/\/e.kosmolat.eu\/lv\/wp-json\/wp\/v2\/media\/79990"}],"wp:attachment":[{"href":"https:\/\/e.kosmolat.eu\/lv\/wp-json\/wp\/v2\/media?parent=32863"}],"wp:term":[{"taxonomy":"product_cat","embeddable":true,"href":"https:\/\/e.kosmolat.eu\/lv\/wp-json\/wp\/v2\/product_cat?post=32863"},{"taxonomy":"product_tag","embeddable":true,"href":"https:\/\/e.kosmolat.eu\/lv\/wp-json\/wp\/v2\/product_tag?post=32863"}],"curies":[{"name":"wp","href":"https:\/\/api.w.org\/{rel}","templated":true}]}}