{"id":32859,"date":"2023-12-21T17:41:55","date_gmt":"2023-12-21T17:41:55","guid":{"rendered":"https:\/\/e.kosmolat.eu\/product\/ota-krasas-uzklasanai-9720\/"},"modified":"2026-04-09T16:23:06","modified_gmt":"2026-04-09T16:23:06","slug":"ota-krasas-uzklasanai-9720","status":"publish","type":"product","link":"https:\/\/e.kosmolat.eu\/lv\/product\/ota-krasas-uzklasanai-9720\/","title":{"rendered":"Ota kr\u0101sas uzkl\u0101\u0161anai 9720"},"content":{"rendered":"","protected":false},"excerpt":{"rendered":"","protected":false},"featured_media":79986,"template":"","meta":[],"product_cat":[1668],"product_tag":[],"class_list":{"0":"post-32859","1":"product","2":"type-product","3":"status-publish","4":"has-post-thumbnail","6":"product_brand-donegal-sp-zo-o-_pl","7":"product_cat-1668","9":"first","10":"instock","11":"taxable","12":"shipping-taxable","13":"product-type-simple"},"_links":{"self":[{"href":"https:\/\/e.kosmolat.eu\/lv\/wp-json\/wp\/v2\/product\/32859","targetHints":{"allow":["GET"]}}],"collection":[{"href":"https:\/\/e.kosmolat.eu\/lv\/wp-json\/wp\/v2\/product"}],"about":[{"href":"https:\/\/e.kosmolat.eu\/lv\/wp-json\/wp\/v2\/types\/product"}],"wp:featuredmedia":[{"embeddable":true,"href":"https:\/\/e.kosmolat.eu\/lv\/wp-json\/wp\/v2\/media\/79986"}],"wp:attachment":[{"href":"https:\/\/e.kosmolat.eu\/lv\/wp-json\/wp\/v2\/media?parent=32859"}],"wp:term":[{"taxonomy":"product_cat","embeddable":true,"href":"https:\/\/e.kosmolat.eu\/lv\/wp-json\/wp\/v2\/product_cat?post=32859"},{"taxonomy":"product_tag","embeddable":true,"href":"https:\/\/e.kosmolat.eu\/lv\/wp-json\/wp\/v2\/product_tag?post=32859"}],"curies":[{"name":"wp","href":"https:\/\/api.w.org\/{rel}","templated":true}]}}