{"id":32847,"date":"2023-12-21T17:41:16","date_gmt":"2023-12-21T17:41:16","guid":{"rendered":"https:\/\/e.kosmolat.eu\/product\/nagu-vile-1020\/"},"modified":"2025-09-19T17:01:47","modified_gmt":"2025-09-19T17:01:47","slug":"nagu-vile-1020","status":"publish","type":"product","link":"https:\/\/e.kosmolat.eu\/lv\/product\/nagu-vile-1020\/","title":{"rendered":"Nagu v\u012ble 1020"},"content":{"rendered":"<p>Nagu v\u012bl\u012bte. Met\u0101lisk\u0101.<\/p>\n","protected":false},"excerpt":{"rendered":"<p>Nagu v\u012bl\u012bte. Met\u0101lisk\u0101.<\/p>\n","protected":false},"featured_media":80362,"template":"","meta":[],"product_cat":[1539],"product_tag":[],"class_list":{"0":"post-32847","1":"product","2":"type-product","3":"status-publish","4":"has-post-thumbnail","6":"product_brand-donegal-sp-zo-o-_pl","7":"product_cat-instrumenti-manikiram-un-pedikiram","9":"first","10":"outofstock","11":"taxable","12":"shipping-taxable","13":"product-type-simple"},"_links":{"self":[{"href":"https:\/\/e.kosmolat.eu\/lv\/wp-json\/wp\/v2\/product\/32847","targetHints":{"allow":["GET"]}}],"collection":[{"href":"https:\/\/e.kosmolat.eu\/lv\/wp-json\/wp\/v2\/product"}],"about":[{"href":"https:\/\/e.kosmolat.eu\/lv\/wp-json\/wp\/v2\/types\/product"}],"wp:featuredmedia":[{"embeddable":true,"href":"https:\/\/e.kosmolat.eu\/lv\/wp-json\/wp\/v2\/media\/80362"}],"wp:attachment":[{"href":"https:\/\/e.kosmolat.eu\/lv\/wp-json\/wp\/v2\/media?parent=32847"}],"wp:term":[{"taxonomy":"product_cat","embeddable":true,"href":"https:\/\/e.kosmolat.eu\/lv\/wp-json\/wp\/v2\/product_cat?post=32847"},{"taxonomy":"product_tag","embeddable":true,"href":"https:\/\/e.kosmolat.eu\/lv\/wp-json\/wp\/v2\/product_tag?post=32847"}],"curies":[{"name":"wp","href":"https:\/\/api.w.org\/{rel}","templated":true}]}}