{"id":32831,"date":"2023-12-21T17:40:23","date_gmt":"2023-12-21T17:40:23","guid":{"rendered":"https:\/\/e.kosmolat.eu\/product\/nagu-vile-9682\/"},"modified":"2025-09-19T17:02:31","modified_gmt":"2025-09-19T17:02:31","slug":"nagu-vile-9682","status":"publish","type":"product","link":"https:\/\/e.kosmolat.eu\/lv\/product\/nagu-vile-9682\/","title":{"rendered":"Nagu v\u012ble 9682"},"content":{"rendered":"<p>Nagu v\u012bl\u012bte. Smil\u0161pap\u012bra.<\/p>\n","protected":false},"excerpt":{"rendered":"<p>Nagu v\u012bl\u012bte. Smil\u0161pap\u012bra.<\/p>\n","protected":false},"featured_media":80374,"template":"","meta":[],"product_cat":[1539],"product_tag":[],"class_list":{"0":"post-32831","1":"product","2":"type-product","3":"status-publish","4":"has-post-thumbnail","6":"product_brand-donegal-sp-zo-o-_pl","7":"product_cat-instrumenti-manikiram-un-pedikiram","9":"first","10":"outofstock","11":"taxable","12":"shipping-taxable","13":"product-type-simple"},"_links":{"self":[{"href":"https:\/\/e.kosmolat.eu\/lv\/wp-json\/wp\/v2\/product\/32831","targetHints":{"allow":["GET"]}}],"collection":[{"href":"https:\/\/e.kosmolat.eu\/lv\/wp-json\/wp\/v2\/product"}],"about":[{"href":"https:\/\/e.kosmolat.eu\/lv\/wp-json\/wp\/v2\/types\/product"}],"wp:featuredmedia":[{"embeddable":true,"href":"https:\/\/e.kosmolat.eu\/lv\/wp-json\/wp\/v2\/media\/80374"}],"wp:attachment":[{"href":"https:\/\/e.kosmolat.eu\/lv\/wp-json\/wp\/v2\/media?parent=32831"}],"wp:term":[{"taxonomy":"product_cat","embeddable":true,"href":"https:\/\/e.kosmolat.eu\/lv\/wp-json\/wp\/v2\/product_cat?post=32831"},{"taxonomy":"product_tag","embeddable":true,"href":"https:\/\/e.kosmolat.eu\/lv\/wp-json\/wp\/v2\/product_tag?post=32831"}],"curies":[{"name":"wp","href":"https:\/\/api.w.org\/{rel}","templated":true}]}}