{"id":32787,"date":"2023-12-21T17:38:10","date_gmt":"2023-12-21T17:38:10","guid":{"rendered":"https:\/\/e.kosmolat.eu\/product\/matu-kemme-9085\/"},"modified":"2025-09-19T16:40:09","modified_gmt":"2025-09-19T16:40:09","slug":"matu-kemme-9085","status":"publish","type":"product","link":"https:\/\/e.kosmolat.eu\/lv\/product\/matu-kemme-9085\/","title":{"rendered":"Matu \u0137emme 9085"},"content":{"rendered":"<p>Izgatavota no plastmasas.&nbsp;Iztur\u012bga, elast\u012bga.<\/p>\n<p>Neboj\u0101jas matu kop&scaron;anas l\u012bdzek\u013cu iedarb\u012bb\u0101. Karstumiztur\u012bga.<\/p>\n","protected":false},"excerpt":{"rendered":"<p>Izgatavota no plastmasas.&nbsp;Iztur\u012bga, elast\u012bga. Neboj\u0101jas matu kop&scaron;anas l\u012bdzek\u013cu iedarb\u012bb\u0101. Karstumiztur\u012bga.<\/p>\n","protected":false},"featured_media":79870,"template":"","meta":[],"product_cat":[1667],"product_tag":[],"class_list":{"0":"post-32787","1":"product","2":"type-product","3":"status-publish","4":"has-post-thumbnail","6":"product_brand-donegal-sp-zo-o-_pl","7":"product_cat-aksesuari-matiem","9":"first","10":"outofstock","11":"taxable","12":"shipping-taxable","13":"product-type-simple"},"_links":{"self":[{"href":"https:\/\/e.kosmolat.eu\/lv\/wp-json\/wp\/v2\/product\/32787","targetHints":{"allow":["GET"]}}],"collection":[{"href":"https:\/\/e.kosmolat.eu\/lv\/wp-json\/wp\/v2\/product"}],"about":[{"href":"https:\/\/e.kosmolat.eu\/lv\/wp-json\/wp\/v2\/types\/product"}],"wp:featuredmedia":[{"embeddable":true,"href":"https:\/\/e.kosmolat.eu\/lv\/wp-json\/wp\/v2\/media\/79870"}],"wp:attachment":[{"href":"https:\/\/e.kosmolat.eu\/lv\/wp-json\/wp\/v2\/media?parent=32787"}],"wp:term":[{"taxonomy":"product_cat","embeddable":true,"href":"https:\/\/e.kosmolat.eu\/lv\/wp-json\/wp\/v2\/product_cat?post=32787"},{"taxonomy":"product_tag","embeddable":true,"href":"https:\/\/e.kosmolat.eu\/lv\/wp-json\/wp\/v2\/product_tag?post=32787"}],"curies":[{"name":"wp","href":"https:\/\/api.w.org\/{rel}","templated":true}]}}