{"id":32751,"date":"2023-12-21T17:36:00","date_gmt":"2023-12-21T17:36:00","guid":{"rendered":"https:\/\/e.kosmolat.eu\/product\/smarzu-ekstrakts-nr-21-dilis-classic-collection-30-ml\/"},"modified":"2025-09-19T16:38:07","modified_gmt":"2025-09-19T16:38:07","slug":"smarzu-ekstrakts-nr-21-dilis-classic-collection-30-ml","status":"publish","type":"product","link":"https:\/\/e.kosmolat.eu\/lv\/product\/smarzu-ekstrakts-nr-21-dilis-classic-collection-30-ml\/","title":{"rendered":"Smar\u017eu ekstrakts Nr.21 Dilis Classic Collection, 30 ml"},"content":{"rendered":"<p>Galven\u0101s notis: za\u013cie ceri\u0146i, mandar\u012bns, niedre un piparm\u0113tra.\n<\/p>\n<p>Sirds notis: violets, pipari, \u016bdensroze, baltais persiks, amarils un roze.\n<\/p>\n<p>Pamatnotis: vani\u013ca un ciedrs.\n<\/p>\n<p>UZGLAB\u0100\u0160ANAS NOSAC\u012aJUMI: parfim\u0113rijas izstr\u0101d\u0101jumus nedr\u012bkst glab\u0101t tie\u0161as saules gaismas iedarb\u012bb\u0101 un sildo\u0161u iek\u0101rtu tuvum\u0101. Neizsmidzin\u0101t atkl\u0101tas liesmas tuvum\u0101. \u0100r\u0113jai lieto\u0161anai. Izvair\u012bties no nok\u013c\u016b\u0161anas ac\u012bs.\n<\/p>\n<p>Uzglab\u0101t temperat\u016br\u0101 no +5\u00b0C l\u012bdz +25\u00b0C.<\/p>\n","protected":false},"excerpt":{"rendered":"<p>Galven\u0101s notis: za\u013cie ceri\u0146i, mandar\u012bns, niedre un piparm\u0113tra. Sirds notis: violets, pipari, \u016bdensroze, baltais persiks, amarils un roze. Pamatnotis: vani\u013ca un ciedrs. UZGLAB\u0100\u0160ANAS NOSAC\u012aJUMI: parfim\u0113rijas izstr\u0101d\u0101jumus nedr\u012bkst glab\u0101t tie\u0161as saules gaismas iedarb\u012bb\u0101 un sildo\u0161u iek\u0101rtu tuvum\u0101. Neizsmidzin\u0101t atkl\u0101tas liesmas tuvum\u0101. \u0100r\u0113jai lieto\u0161anai. Izvair\u012bties no nok\u013c\u016b\u0161anas ac\u012bs. Uzglab\u0101t temperat\u016br\u0101 no +5\u00b0C l\u012bdz +25\u00b0C.<\/p>\n","protected":false},"featured_media":79830,"template":"","meta":[],"product_cat":[1445],"product_tag":[],"class_list":{"0":"post-32751","1":"product","2":"type-product","3":"status-publish","4":"has-post-thumbnail","6":"product_brand-dilis-kosmetik_by","7":"product_cat-sieviesu-smarzas-un-tualetes-udeni","9":"first","10":"outofstock","11":"taxable","12":"shipping-taxable","13":"product-type-simple"},"_links":{"self":[{"href":"https:\/\/e.kosmolat.eu\/lv\/wp-json\/wp\/v2\/product\/32751","targetHints":{"allow":["GET"]}}],"collection":[{"href":"https:\/\/e.kosmolat.eu\/lv\/wp-json\/wp\/v2\/product"}],"about":[{"href":"https:\/\/e.kosmolat.eu\/lv\/wp-json\/wp\/v2\/types\/product"}],"wp:featuredmedia":[{"embeddable":true,"href":"https:\/\/e.kosmolat.eu\/lv\/wp-json\/wp\/v2\/media\/79830"}],"wp:attachment":[{"href":"https:\/\/e.kosmolat.eu\/lv\/wp-json\/wp\/v2\/media?parent=32751"}],"wp:term":[{"taxonomy":"product_cat","embeddable":true,"href":"https:\/\/e.kosmolat.eu\/lv\/wp-json\/wp\/v2\/product_cat?post=32751"},{"taxonomy":"product_tag","embeddable":true,"href":"https:\/\/e.kosmolat.eu\/lv\/wp-json\/wp\/v2\/product_tag?post=32751"}],"curies":[{"name":"wp","href":"https:\/\/api.w.org\/{rel}","templated":true}]}}