{"id":32743,"date":"2023-12-21T17:35:24","date_gmt":"2023-12-21T17:35:24","guid":{"rendered":"https:\/\/e.kosmolat.eu\/product\/smarzu-ekstrakts-nr-16-dilis-classic-collection-30-ml\/"},"modified":"2025-09-19T16:37:42","modified_gmt":"2025-09-19T16:37:42","slug":"smarzu-ekstrakts-nr-16-dilis-classic-collection-30-ml","status":"publish","type":"product","link":"https:\/\/e.kosmolat.eu\/lv\/product\/smarzu-ekstrakts-nr-16-dilis-classic-collection-30-ml\/","title":{"rendered":"Smar\u017eu ekstrakts Nr.16 Dilis Classic Collection, 30 ml"},"content":{"rendered":"<p><strong>Galven\u0101s notis: <\/strong>peonija, persiku zieds, t\u0113jas lapa.<\/p>\n<p><strong>Sirds notis: <\/strong>za\u013cie ceri\u0146i, dzintars, muskuss.<\/p>\n<p><strong>B\u0101zes notis: <\/strong>\u0137\u012bnie&scaron;u osmantuss, ptitgrain, ciedrs.<\/p>\n<p><strong>Uzglab\u0101&scaron;anas nosac\u012bjumi:<\/strong> parfim\u0113rijas izstr\u0101d\u0101jumus nedr\u012bkst glab\u0101t tie&scaron;as saules gaismas iedarb\u012bb\u0101 un sildo&scaron;u iek\u0101rtu tuvum\u0101. Neizsmidzin\u0101t atkl\u0101tas liesmas tuvum\u0101. \u0100r\u0113jai lieto&scaron;anai.<\/p>\n<p>Uzglab\u0101t temperat\u016br\u0101 no +5 &deg;C l\u012bdz +25 &deg;C.<\/p>\n","protected":false},"excerpt":{"rendered":"<p>Galven\u0101s notis: peonija, persiku zieds, t\u0113jas lapa. Sirds notis: za\u013cie ceri\u0146i, dzintars, muskuss. B\u0101zes notis: \u0137\u012bnie&scaron;u osmantuss, ptitgrain, ciedrs. Uzglab\u0101&scaron;anas nosac\u012bjumi: parfim\u0113rijas izstr\u0101d\u0101jumus nedr\u012bkst glab\u0101t tie&scaron;as saules gaismas iedarb\u012bb\u0101 un sildo&scaron;u iek\u0101rtu tuvum\u0101. Neizsmidzin\u0101t atkl\u0101tas liesmas tuvum\u0101. \u0100r\u0113jai lieto&scaron;anai. Uzglab\u0101t temperat\u016br\u0101 no +5 &deg;C l\u012bdz +25 &deg;C.<\/p>\n","protected":false},"featured_media":79822,"template":"","meta":[],"product_cat":[1445],"product_tag":[],"class_list":{"0":"post-32743","1":"product","2":"type-product","3":"status-publish","4":"has-post-thumbnail","6":"product_brand-dilis-kosmetik_by","7":"product_cat-sieviesu-smarzas-un-tualetes-udeni","9":"first","10":"outofstock","11":"taxable","12":"shipping-taxable","13":"product-type-simple"},"_links":{"self":[{"href":"https:\/\/e.kosmolat.eu\/lv\/wp-json\/wp\/v2\/product\/32743","targetHints":{"allow":["GET"]}}],"collection":[{"href":"https:\/\/e.kosmolat.eu\/lv\/wp-json\/wp\/v2\/product"}],"about":[{"href":"https:\/\/e.kosmolat.eu\/lv\/wp-json\/wp\/v2\/types\/product"}],"wp:featuredmedia":[{"embeddable":true,"href":"https:\/\/e.kosmolat.eu\/lv\/wp-json\/wp\/v2\/media\/79822"}],"wp:attachment":[{"href":"https:\/\/e.kosmolat.eu\/lv\/wp-json\/wp\/v2\/media?parent=32743"}],"wp:term":[{"taxonomy":"product_cat","embeddable":true,"href":"https:\/\/e.kosmolat.eu\/lv\/wp-json\/wp\/v2\/product_cat?post=32743"},{"taxonomy":"product_tag","embeddable":true,"href":"https:\/\/e.kosmolat.eu\/lv\/wp-json\/wp\/v2\/product_tag?post=32743"}],"curies":[{"name":"wp","href":"https:\/\/api.w.org\/{rel}","templated":true}]}}