{"id":32715,"date":"2023-12-21T17:33:08","date_gmt":"2023-12-21T17:33:08","guid":{"rendered":"https:\/\/e.kosmolat.eu\/product\/krems-bernu-pret-salu-70-ml\/"},"modified":"2026-04-09T16:15:58","modified_gmt":"2026-04-09T16:15:58","slug":"krems-bernu-pret-salu-70-ml","status":"publish","type":"product","link":"https:\/\/e.kosmolat.eu\/lv\/product\/krems-bernu-pret-salu-70-ml\/","title":{"rendered":"Kr\u0113ms &#8220;B\u0113rnu&#8221; pret salu, 70 ml"},"content":{"rendered":"<p>Aizsarg\u0101 \u0101du no apk\u0101rt\u0113j\u0101s vides agres\u012bvaj\u0101m iedarb\u012bb\u0101m (sals, v\u0113j&scaron;, mitrums) pastaigas laik\u0101 aukst\u0101 gadalaik\u0101. Piem\u012bt pretiekaisuma, antiseptiska un dzied\u0113jo&scaron;a iedarb\u012bba. Nodro&scaron;ina mazu\u013ca \u0101das maigumu un elast\u012bbu. Kr\u0113ms ir piem\u0113rots ar\u012b pieaugu&scaron;ajiem.<\/p>\n<p><strong>Lieto&scaron;ana:<\/strong> pirms ie&scaron;anas lauk\u0101 uzkl\u0101t kr\u0113mu uz atkl\u0101t\u0101m \u0101das viet\u0101m.<\/p>\n<p><strong>Piesardz\u012bbas pas\u0101kumi:<\/strong> tikai \u0101r\u012bgai lieto&scaron;anai.<\/p>\n<p>Uzglab\u0101t temperat\u016br\u0101 no 0 &deg;C l\u012bdz +25 &deg;C.<\/p>\n","protected":false},"excerpt":{"rendered":"<p>Aizsarg\u0101 \u0101du no apk\u0101rt\u0113j\u0101s vides agres\u012bvaj\u0101m iedarb\u012bb\u0101m (sals, v\u0113j&scaron;, mitrums) pastaigas laik\u0101 aukst\u0101 gadalaik\u0101. Piem\u012bt pretiekaisuma, antiseptiska un dzied\u0113jo&scaron;a iedarb\u012bba. Nodro&scaron;ina mazu\u013ca \u0101das maigumu un elast\u012bbu. Kr\u0113ms ir piem\u0113rots ar\u012b pieaugu&scaron;ajiem. Lieto&scaron;ana: pirms ie&scaron;anas lauk\u0101 uzkl\u0101t kr\u0113mu uz atkl\u0101t\u0101m \u0101das viet\u0101m. Piesardz\u012bbas pas\u0101kumi: tikai \u0101r\u012bgai lieto&scaron;anai. Uzglab\u0101t temperat\u016br\u0101 no 0 &deg;C l\u012bdz +25 &deg;C.<\/p>\n","protected":false},"featured_media":79790,"template":"","meta":[],"product_cat":[1361],"product_tag":[],"class_list":{"0":"post-32715","1":"product","2":"type-product","3":"status-publish","4":"has-post-thumbnail","6":"product_brand-fitodoktor_ua","7":"product_cat-adas-kopsanas-kosmetika","9":"first","10":"instock","11":"taxable","12":"shipping-taxable","13":"product-type-simple"},"_links":{"self":[{"href":"https:\/\/e.kosmolat.eu\/lv\/wp-json\/wp\/v2\/product\/32715","targetHints":{"allow":["GET"]}}],"collection":[{"href":"https:\/\/e.kosmolat.eu\/lv\/wp-json\/wp\/v2\/product"}],"about":[{"href":"https:\/\/e.kosmolat.eu\/lv\/wp-json\/wp\/v2\/types\/product"}],"wp:featuredmedia":[{"embeddable":true,"href":"https:\/\/e.kosmolat.eu\/lv\/wp-json\/wp\/v2\/media\/79790"}],"wp:attachment":[{"href":"https:\/\/e.kosmolat.eu\/lv\/wp-json\/wp\/v2\/media?parent=32715"}],"wp:term":[{"taxonomy":"product_cat","embeddable":true,"href":"https:\/\/e.kosmolat.eu\/lv\/wp-json\/wp\/v2\/product_cat?post=32715"},{"taxonomy":"product_tag","embeddable":true,"href":"https:\/\/e.kosmolat.eu\/lv\/wp-json\/wp\/v2\/product_tag?post=32715"}],"curies":[{"name":"wp","href":"https:\/\/api.w.org\/{rel}","templated":true}]}}