{"id":32711,"date":"2023-12-21T17:32:46","date_gmt":"2023-12-21T17:32:46","guid":{"rendered":"https:\/\/e.kosmolat.eu\/product\/dr-s-cucumber-normaliz-pien-kosm-nonemsanai-200-ml\/"},"modified":"2026-04-20T12:56:54","modified_gmt":"2026-04-20T12:56:54","slug":"dr-s-cucumber-normaliz-pien-kosm-nonemsanai-200-ml","status":"publish","type":"product","link":"https:\/\/e.kosmolat.eu\/lv\/product\/dr-s-cucumber-normaliz-pien-kosm-nonemsanai-200-ml\/","title":{"rendered":"&#8220;Dr.S.Cucumber&#8221; Normaliz. pien. kosm. no\u0146em\u0161anai, 200 ml"},"content":{"rendered":"<ul>\n<li><span style=\"line-height: 1.42857;\">Mat\u0113jo\u0161s efekts<\/span><\/li>\n<li>Norm\u0101lai \u0101dai un \u0101dai ar noslieci uz taukainumu<\/li>\n<li>Att\u012bra \u0101du<\/li>\n<li>Mazina aps\u0101rtumus<\/li>\n<li>0% miner\u0101le\u013c\u013cu, parab\u0113nu, alerg\u0113nu<\/li>\n<\/ul>\n<p>Pieni\u0146s maigi att\u012bra \u0101du no dekorat\u012bv\u0101s kosm\u0113tikas un net\u012brumiem, kuri tiek uzkr\u0101ti dienas garum\u0101. Nekairina \u0101du. Gur\u0137a ekstrakts mitrina un toniz\u0113, nozmaliz\u0113 tauku dziedzeru darb\u012bbu. Kli\u0146\u0123er\u012btes ekstrakts un allanto\u012bns sniedz nomierino\u0161u iedarb\u012bbu uz \u0101das. Ide\u0101ls ikdienas l\u012bdzeklis.<\/p>\n<h4>Lieto\u0161ana:<\/h4>\n<p>uzkl\u0101t uz spon\u017ea un viegl\u0101m mas\u0113jo\u0161\u0101m kust\u012bb\u0101m no\u0146emt kosm\u0113tiku un net\u012brumus.<\/p>\n","protected":false},"excerpt":{"rendered":"<p>Mat\u0113jo\u0161s efekts Norm\u0101lai \u0101dai un \u0101dai ar noslieci uz taukainumu Att\u012bra \u0101du Mazina aps\u0101rtumus 0% miner\u0101le\u013c\u013cu, parab\u0113nu, alerg\u0113nu Pieni\u0146s maigi att\u012bra \u0101du no dekorat\u012bv\u0101s kosm\u0113tikas un net\u012brumiem, kuri tiek uzkr\u0101ti dienas garum\u0101. Nekairina \u0101du. Gur\u0137a ekstrakts mitrina un toniz\u0113, nozmaliz\u0113 tauku dziedzeru darb\u012bbu. Kli\u0146\u0123er\u012btes ekstrakts un allanto\u012bns sniedz nomierino\u0161u iedarb\u012bbu uz \u0101das. Ide\u0101ls ikdienas l\u012bdzeklis. [&#8230;]\n","protected":false},"featured_media":78978,"template":"","meta":[],"product_cat":[1572],"product_tag":[],"class_list":{"0":"post-32711","1":"product","2":"type-product","3":"status-publish","4":"has-post-thumbnail","6":"product_brand-elfa_ua","7":"product_cat-pienini-un-ellas","9":"first","10":"instock","11":"taxable","12":"shipping-taxable","13":"product-type-simple"},"_links":{"self":[{"href":"https:\/\/e.kosmolat.eu\/lv\/wp-json\/wp\/v2\/product\/32711","targetHints":{"allow":["GET"]}}],"collection":[{"href":"https:\/\/e.kosmolat.eu\/lv\/wp-json\/wp\/v2\/product"}],"about":[{"href":"https:\/\/e.kosmolat.eu\/lv\/wp-json\/wp\/v2\/types\/product"}],"wp:featuredmedia":[{"embeddable":true,"href":"https:\/\/e.kosmolat.eu\/lv\/wp-json\/wp\/v2\/media\/78978"}],"wp:attachment":[{"href":"https:\/\/e.kosmolat.eu\/lv\/wp-json\/wp\/v2\/media?parent=32711"}],"wp:term":[{"taxonomy":"product_cat","embeddable":true,"href":"https:\/\/e.kosmolat.eu\/lv\/wp-json\/wp\/v2\/product_cat?post=32711"},{"taxonomy":"product_tag","embeddable":true,"href":"https:\/\/e.kosmolat.eu\/lv\/wp-json\/wp\/v2\/product_tag?post=32711"}],"curies":[{"name":"wp","href":"https:\/\/api.w.org\/{rel}","templated":true}]}}