{"id":32707,"date":"2023-12-21T17:32:24","date_gmt":"2023-12-21T17:32:24","guid":{"rendered":"https:\/\/e.kosmolat.eu\/product\/i_dr-s-cucumber-mazgasanas-zeleja-pilings-200-ml\/"},"modified":"2026-04-23T13:31:42","modified_gmt":"2026-04-23T13:31:42","slug":"dr-s-cucumber-mazgasanas-zeleja-pilings-200-ml","status":"publish","type":"product","link":"https:\/\/e.kosmolat.eu\/lv\/product\/dr-s-cucumber-mazgasanas-zeleja-pilings-200-ml\/","title":{"rendered":"&#8220;Dr.S.Cucumber&#8221; Mazg\u0101\u0161an\u0101s \u017eeleja-p\u012blings, 200 ml"},"content":{"rendered":"<ul>\n<li><span style=\"line-height: 1.42857;\">Mat\u0113jo\u0161s efekts<\/span><\/li>\n<li>Norm\u0101lai un \u0101dai tendentai uz taukainumu<\/li>\n<li>Att\u012bra poras<\/li>\n<li>Izl\u012bdzina sejas toni<\/li>\n<li>0% SLES, SLS, parab\u0113nu un alerg\u0113nu.<\/li>\n<\/ul>\n<p>Maig\u0101 \u017eeleja-p\u012blings nodro\u0161ina \u0101das nepiecie\u0161amu kop\u0161anu. R\u016bp\u012bgi likvid\u0113jot apragoju\u0161\u0101s \u0161\u016bnas kop\u0101 ar liekiem \u0101das taukiem, \u017eeleja-p\u012blings nov\u0113r\u0161 poru aizsprosto\u0161anos un l\u012bdz ar to aizkav\u0113 iekaisuma procesu ra\u0161anos. Gur\u0137a un balt\u0101s t\u0113jas ekstrakti mitrina un toniz\u0113, kontrol\u0113 tauku dziedzeru darb\u012bbu, sa\u0161aurina poras. Allanot\u012bns nomierina. Ikdienas att\u012br\u012b\u0161ana nodro\u0161ina \u0101dai svaigu, koptu izskatu.<\/p>\n<h4>Lieto\u0161ana:<\/h4>\n<p>mas\u0101\u017eas kust\u012bb\u0101m uzkl\u0101t uz mitr\u0101s \u0101das, nomazg\u0101t ar \u016bdeni.<\/p>\n","protected":false},"excerpt":{"rendered":"<p>Mat\u0113jo\u0161s efekts Norm\u0101lai un \u0101dai tendentai uz taukainumu Att\u012bra poras Izl\u012bdzina sejas toni 0% SLES, SLS, parab\u0113nu un alerg\u0113nu. Maig\u0101 \u017eeleja-p\u012blings nodro\u0161ina \u0101das nepiecie\u0161amu kop\u0161anu. R\u016bp\u012bgi likvid\u0113jot apragoju\u0161\u0101s \u0161\u016bnas kop\u0101 ar liekiem \u0101das taukiem, \u017eeleja-p\u012blings nov\u0113r\u0161 poru aizsprosto\u0161anos un l\u012bdz ar to aizkav\u0113 iekaisuma procesu ra\u0161anos. Gur\u0137a un balt\u0101s t\u0113jas ekstrakti mitrina un toniz\u0113, kontrol\u0113 [&#8230;]\n","protected":false},"featured_media":78962,"template":"","meta":[],"product_cat":[1575],"product_tag":[],"class_list":{"0":"post-32707","1":"product","2":"type-product","3":"status-publish","4":"has-post-thumbnail","6":"product_brand-elfa_ua","7":"product_cat-zelejas","9":"first","10":"outofstock","11":"taxable","12":"shipping-taxable","13":"product-type-simple"},"_links":{"self":[{"href":"https:\/\/e.kosmolat.eu\/lv\/wp-json\/wp\/v2\/product\/32707","targetHints":{"allow":["GET"]}}],"collection":[{"href":"https:\/\/e.kosmolat.eu\/lv\/wp-json\/wp\/v2\/product"}],"about":[{"href":"https:\/\/e.kosmolat.eu\/lv\/wp-json\/wp\/v2\/types\/product"}],"wp:featuredmedia":[{"embeddable":true,"href":"https:\/\/e.kosmolat.eu\/lv\/wp-json\/wp\/v2\/media\/78962"}],"wp:attachment":[{"href":"https:\/\/e.kosmolat.eu\/lv\/wp-json\/wp\/v2\/media?parent=32707"}],"wp:term":[{"taxonomy":"product_cat","embeddable":true,"href":"https:\/\/e.kosmolat.eu\/lv\/wp-json\/wp\/v2\/product_cat?post=32707"},{"taxonomy":"product_tag","embeddable":true,"href":"https:\/\/e.kosmolat.eu\/lv\/wp-json\/wp\/v2\/product_tag?post=32707"}],"curies":[{"name":"wp","href":"https:\/\/api.w.org\/{rel}","templated":true}]}}