{"id":32703,"date":"2023-12-21T17:31:59","date_gmt":"2023-12-21T17:31:59","guid":{"rendered":"https:\/\/e.kosmolat.eu\/product\/dr-s-cucumber-mazgasanas-putas-150-ml\/"},"modified":"2026-04-21T06:35:27","modified_gmt":"2026-04-21T06:35:27","slug":"dr-s-cucumber-mazgasanas-putas-150-ml","status":"publish","type":"product","link":"https:\/\/e.kosmolat.eu\/lv\/product\/dr-s-cucumber-mazgasanas-putas-150-ml\/","title":{"rendered":"&#8220;Dr.S.Cucumber&#8221; Mazg\u0101\u0161an\u0101s putas, 150 ml"},"content":{"rendered":"<p>Att\u012bra poras, no\u0146em kosm\u0113tiku. Satur gur\u0137a, balt\u0101s t\u0113jas, pundurpalmas ekstraktus un&nbsp;alanto\u012bnu.<\/p>\n<p>Putas maigi no\u0146em kosm\u0113tiku, net\u012brumus, liekos taukus. Mitrina un nomierina \u0101du, regul\u0113 tauku dziedzeru darb\u012bbu. Satur antiseptiskas un nomierino&scaron;as sast\u0101vda\u013cas, kas viegli iek\u013c\u016bst por\u0101s. P\u0113c mazg\u0101&scaron;an\u0101s rodas viegla v\u0113suma un svaiguma saj\u016bta, kas ir \u012bpa&scaron;i pat\u012bkami taukainai \u0101dai.<\/p>\n<p><strong>Lieto&scaron;anai:&nbsp;<\/strong>uzkl\u0101t uz mitras \u0101das, noskalot ar \u016bdeni.<\/p>\n","protected":false},"excerpt":{"rendered":"<p>Att\u012bra poras, no\u0146em kosm\u0113tiku. Satur gur\u0137a, balt\u0101s t\u0113jas, pundurpalmas ekstraktus un&nbsp;alanto\u012bnu. Putas maigi no\u0146em kosm\u0113tiku, net\u012brumus, liekos taukus. Mitrina un nomierina \u0101du, regul\u0113 tauku dziedzeru darb\u012bbu. Satur antiseptiskas un nomierino&scaron;as sast\u0101vda\u013cas, kas viegli iek\u013c\u016bst por\u0101s. P\u0113c mazg\u0101&scaron;an\u0101s rodas viegla v\u0113suma un svaiguma saj\u016bta, kas ir \u012bpa&scaron;i pat\u012bkami taukainai \u0101dai. Lieto&scaron;anai:&nbsp;uzkl\u0101t uz mitras \u0101das, noskalot ar [&#8230;]\n","protected":false},"featured_media":78958,"template":"","meta":[],"product_cat":[1833],"product_tag":[],"class_list":{"0":"post-32703","1":"product","2":"type-product","3":"status-publish","4":"has-post-thumbnail","6":"product_brand-elfa_ua","7":"product_cat-putas-sejas-mazgasanai","9":"first","10":"instock","11":"taxable","12":"shipping-taxable","13":"product-type-simple"},"_links":{"self":[{"href":"https:\/\/e.kosmolat.eu\/lv\/wp-json\/wp\/v2\/product\/32703","targetHints":{"allow":["GET"]}}],"collection":[{"href":"https:\/\/e.kosmolat.eu\/lv\/wp-json\/wp\/v2\/product"}],"about":[{"href":"https:\/\/e.kosmolat.eu\/lv\/wp-json\/wp\/v2\/types\/product"}],"wp:featuredmedia":[{"embeddable":true,"href":"https:\/\/e.kosmolat.eu\/lv\/wp-json\/wp\/v2\/media\/78958"}],"wp:attachment":[{"href":"https:\/\/e.kosmolat.eu\/lv\/wp-json\/wp\/v2\/media?parent=32703"}],"wp:term":[{"taxonomy":"product_cat","embeddable":true,"href":"https:\/\/e.kosmolat.eu\/lv\/wp-json\/wp\/v2\/product_cat?post=32703"},{"taxonomy":"product_tag","embeddable":true,"href":"https:\/\/e.kosmolat.eu\/lv\/wp-json\/wp\/v2\/product_tag?post=32703"}],"curies":[{"name":"wp","href":"https:\/\/api.w.org\/{rel}","templated":true}]}}