{"id":32687,"date":"2023-12-21T17:29:54","date_gmt":"2023-12-21T17:29:54","guid":{"rendered":"https:\/\/e.kosmolat.eu\/product\/i_se-kids-pienins-pec-saulosanas-200-ml\/"},"modified":"2025-09-19T16:30:55","modified_gmt":"2025-09-19T16:30:55","slug":"i_se-kids-pienins-pec-saulosanas-200-ml","status":"publish","type":"product","link":"https:\/\/e.kosmolat.eu\/lv\/product\/i_se-kids-pienins-pec-saulosanas-200-ml\/","title":{"rendered":"I_&#8221;SE Kids&#8221; Pieni\u0146\u0161 p\u0113c sau\u013co\u0161an\u0101s, 200 ml"},"content":{"rendered":"<p>Ar alanto\u012bnu un D-pantenolu. Speci\u0101li paredz\u0113ts jut\u012bgai un b\u0113rnu \u0101dai. \u0100tri m\u012bkstina, nov\u0113r\u0161 aps\u0101rtumu un p\u0101rm\u0113r\u012bgas apdeg\u0161anas simptomus. Nomierina un mitrina \u0101du, re\u0123ener\u0113 t\u0101s audus. <\/p>\n<p>LIETO\u0160ANA: P\u0113c sau\u013co\u0161an\u0101s vai peld\u0113\u0161an\u0101s vienm\u0113r\u012bgi uzkl\u0101t uz \u0137erme\u0146a virsmas.<\/p>\n<p>UZGLAB\u0100\u0160ANAS TEMPERAT\u016aRA: No +5 l\u012bdz +25\u00b0\u0421.<\/p>\n","protected":false},"excerpt":{"rendered":"<p>Ar alanto\u012bnu un D-pantenolu. Speci\u0101li paredz\u0113ts jut\u012bgai un b\u0113rnu \u0101dai. \u0100tri m\u012bkstina, nov\u0113r\u0161 aps\u0101rtumu un p\u0101rm\u0113r\u012bgas apdeg\u0161anas simptomus. Nomierina un mitrina \u0101du, re\u0123ener\u0113 t\u0101s audus. LIETO\u0160ANA: P\u0113c sau\u013co\u0161an\u0101s vai peld\u0113\u0161an\u0101s vienm\u0113r\u012bgi uzkl\u0101t uz \u0137erme\u0146a virsmas. UZGLAB\u0100\u0160ANAS TEMPERAT\u016aRA: No +5 l\u012bdz +25\u00b0\u0421.<\/p>\n","protected":false},"featured_media":79718,"template":"","meta":[],"product_cat":[1361],"product_tag":[],"class_list":{"0":"post-32687","1":"product","2":"type-product","3":"status-publish","4":"has-post-thumbnail","6":"product_brand-elfa_ua","7":"product_cat-adas-kopsanas-kosmetika","9":"first","10":"outofstock","11":"taxable","12":"shipping-taxable","13":"product-type-simple"},"_links":{"self":[{"href":"https:\/\/e.kosmolat.eu\/lv\/wp-json\/wp\/v2\/product\/32687","targetHints":{"allow":["GET"]}}],"collection":[{"href":"https:\/\/e.kosmolat.eu\/lv\/wp-json\/wp\/v2\/product"}],"about":[{"href":"https:\/\/e.kosmolat.eu\/lv\/wp-json\/wp\/v2\/types\/product"}],"wp:featuredmedia":[{"embeddable":true,"href":"https:\/\/e.kosmolat.eu\/lv\/wp-json\/wp\/v2\/media\/79718"}],"wp:attachment":[{"href":"https:\/\/e.kosmolat.eu\/lv\/wp-json\/wp\/v2\/media?parent=32687"}],"wp:term":[{"taxonomy":"product_cat","embeddable":true,"href":"https:\/\/e.kosmolat.eu\/lv\/wp-json\/wp\/v2\/product_cat?post=32687"},{"taxonomy":"product_tag","embeddable":true,"href":"https:\/\/e.kosmolat.eu\/lv\/wp-json\/wp\/v2\/product_tag?post=32687"}],"curies":[{"name":"wp","href":"https:\/\/api.w.org\/{rel}","templated":true}]}}