{"id":32683,"date":"2023-12-21T17:29:34","date_gmt":"2023-12-21T17:29:34","guid":{"rendered":"https:\/\/e.kosmolat.eu\/product\/dd-bernu-krems-klingerite-42-ml\/"},"modified":"2026-04-22T10:36:10","modified_gmt":"2026-04-22T10:36:10","slug":"dd-bernu-krems-klingerite-42-ml","status":"publish","type":"product","link":"https:\/\/e.kosmolat.eu\/lv\/product\/dd-bernu-krems-klingerite-42-ml\/","title":{"rendered":"&#8220;DD&#8221; B\u0113rnu kr\u0113ms &#8220;Kli\u0146\u0123er\u012bte&#8221;, 42 ml"},"content":{"rendered":"<p>M\u012bkstina un mitrina b\u0113rna \u0101du, nomierina aps\u0101rtumu. Ies\u016bcas \u0101d\u0101, neatst\u0101jot taukain\u012bbu, rada vieglu aizsargsl\u0101ni.<\/p>\n<p><strong>Lieto&scaron;ana: <\/strong>uzkl\u0101t uz sausas, t\u012bras \u0101das.<\/p>\n<p><strong>Uzglab\u0101&scaron;anas temperat\u016bra:<\/strong> +5 &deg;C&nbsp;l\u012bdz +25 &deg;C.<\/p>\n","protected":false},"excerpt":{"rendered":"<p>M\u012bkstina un mitrina b\u0113rna \u0101du, nomierina aps\u0101rtumu. Ies\u016bcas \u0101d\u0101, neatst\u0101jot taukain\u012bbu, rada vieglu aizsargsl\u0101ni. Lieto&scaron;ana: uzkl\u0101t uz sausas, t\u012bras \u0101das. Uzglab\u0101&scaron;anas temperat\u016bra: +5 &deg;C&nbsp;l\u012bdz +25 &deg;C.<\/p>\n","protected":false},"featured_media":79698,"template":"","meta":[],"product_cat":[1999],"product_tag":[],"class_list":{"0":"post-32683","1":"product","2":"type-product","3":"status-publish","4":"has-post-thumbnail","6":"product_brand-elfa_ua","7":"product_cat-bez-kategorijas","9":"first","10":"instock","11":"taxable","12":"shipping-taxable","13":"product-type-simple"},"_links":{"self":[{"href":"https:\/\/e.kosmolat.eu\/lv\/wp-json\/wp\/v2\/product\/32683","targetHints":{"allow":["GET"]}}],"collection":[{"href":"https:\/\/e.kosmolat.eu\/lv\/wp-json\/wp\/v2\/product"}],"about":[{"href":"https:\/\/e.kosmolat.eu\/lv\/wp-json\/wp\/v2\/types\/product"}],"wp:featuredmedia":[{"embeddable":true,"href":"https:\/\/e.kosmolat.eu\/lv\/wp-json\/wp\/v2\/media\/79698"}],"wp:attachment":[{"href":"https:\/\/e.kosmolat.eu\/lv\/wp-json\/wp\/v2\/media?parent=32683"}],"wp:term":[{"taxonomy":"product_cat","embeddable":true,"href":"https:\/\/e.kosmolat.eu\/lv\/wp-json\/wp\/v2\/product_cat?post=32683"},{"taxonomy":"product_tag","embeddable":true,"href":"https:\/\/e.kosmolat.eu\/lv\/wp-json\/wp\/v2\/product_tag?post=32683"}],"curies":[{"name":"wp","href":"https:\/\/api.w.org\/{rel}","templated":true}]}}