{"id":32679,"date":"2023-12-21T17:29:15","date_gmt":"2023-12-21T17:29:15","guid":{"rendered":"https:\/\/e.kosmolat.eu\/product\/dd-dadzu-ella-pret-blaugznam-100-ml\/"},"modified":"2026-04-11T18:48:08","modified_gmt":"2026-04-11T18:48:08","slug":"i_the-dr-hc-dadzu-ella-pret-blaugznam-ar-tejas-koku-un-rozmarinu-100-ml","status":"publish","type":"product","link":"https:\/\/e.kosmolat.eu\/lv\/product\/i_the-dr-hc-dadzu-ella-pret-blaugznam-ar-tejas-koku-un-rozmarinu-100-ml\/","title":{"rendered":"I_The Dr. H&#038;C Dad\u017eu e\u013c\u013ca pret blaugzn\u0101m ar t\u0113jas koku un rozmar\u012bnu, 100 ml"},"content":{"rendered":"<p>Dad\u017eu e\u013c\u013ca savienojum\u0101 ar rozmar\u012bna un t\u0113jas koka \u0113terisk\u0101m e\u013c\u013c\u0101m c\u012bn\u0101s pret blaugzn\u0101m. E\u013c\u013ca iek\u013c\u016bst galvas \u0101d\u0101, stiprina matus, nov\u0113r\u0161 taukainumu un nepat\u012bkamas saj\u016btas.<\/p>\n<p><strong>Lieto\u0161ana:<\/strong>&nbsp;dad\u017eu e\u013c\u013cu (siltu) uzkl\u0101t uz matu sakn\u0113m, p\u0113c 20-30 min\u016btes matus noskalot ar \u0161amp\u016bnu. Proced\u016bru atk\u0101rtot 1-2 reizes ned\u0113\u013c\u0101.<\/p>\n<p><strong>Piesardz\u012bbas pas\u0101kumi:<\/strong>&nbsp;Ja iek\u013c\u016bst ac\u012bs noskalot ar \u016bdeni.<\/p>\n","protected":false},"excerpt":{"rendered":"<p>Dad\u017eu e\u013c\u013ca savienojum\u0101 ar rozmar\u012bna un t\u0113jas koka \u0113terisk\u0101m e\u013c\u013c\u0101m c\u012bn\u0101s pret blaugzn\u0101m. E\u013c\u013ca iek\u013c\u016bst galvas \u0101d\u0101, stiprina matus, nov\u0113r\u0161 taukainumu un nepat\u012bkamas saj\u016btas. Lieto\u0161ana:&nbsp;dad\u017eu e\u013c\u013cu (siltu) uzkl\u0101t uz matu sakn\u0113m, p\u0113c 20-30 min\u016btes matus noskalot ar \u0161amp\u016bnu. Proced\u016bru atk\u0101rtot 1-2 reizes ned\u0113\u013c\u0101. Piesardz\u012bbas pas\u0101kumi:&nbsp;Ja iek\u013c\u016bst ac\u012bs noskalot ar \u016bdeni.<\/p>\n","protected":false},"featured_media":79694,"template":"","meta":[],"product_cat":[1343],"product_tag":[],"class_list":{"0":"post-32679","1":"product","2":"type-product","3":"status-publish","4":"has-post-thumbnail","6":"product_brand-elfa_ua","7":"product_cat-citi-matu-kopsanas-produkti","9":"first","10":"outofstock","11":"taxable","12":"shipping-taxable","13":"product-type-simple"},"_links":{"self":[{"href":"https:\/\/e.kosmolat.eu\/lv\/wp-json\/wp\/v2\/product\/32679","targetHints":{"allow":["GET"]}}],"collection":[{"href":"https:\/\/e.kosmolat.eu\/lv\/wp-json\/wp\/v2\/product"}],"about":[{"href":"https:\/\/e.kosmolat.eu\/lv\/wp-json\/wp\/v2\/types\/product"}],"wp:featuredmedia":[{"embeddable":true,"href":"https:\/\/e.kosmolat.eu\/lv\/wp-json\/wp\/v2\/media\/79694"}],"wp:attachment":[{"href":"https:\/\/e.kosmolat.eu\/lv\/wp-json\/wp\/v2\/media?parent=32679"}],"wp:term":[{"taxonomy":"product_cat","embeddable":true,"href":"https:\/\/e.kosmolat.eu\/lv\/wp-json\/wp\/v2\/product_cat?post=32679"},{"taxonomy":"product_tag","embeddable":true,"href":"https:\/\/e.kosmolat.eu\/lv\/wp-json\/wp\/v2\/product_tag?post=32679"}],"curies":[{"name":"wp","href":"https:\/\/api.w.org\/{rel}","templated":true}]}}