{"id":32675,"date":"2023-12-21T17:28:53","date_gmt":"2023-12-21T17:28:53","guid":{"rendered":"https:\/\/e.kosmolat.eu\/product\/dd-dadzu-ella-stimulejosa-100-ml\/"},"modified":"2026-04-21T06:35:54","modified_gmt":"2026-04-21T06:35:54","slug":"the-dr-hc-matu-augs-stimul-dadzu-ella-ar-sark-pip-100-ml","status":"publish","type":"product","link":"https:\/\/e.kosmolat.eu\/lv\/product\/the-dr-hc-matu-augs-stimul-dadzu-ella-ar-sark-pip-100-ml\/","title":{"rendered":"The Dr. H&#038;C Matu aug\u0161. stimul. dad\u017eu e\u013cla ar sark. pip., 100 ml"},"content":{"rendered":"<p>Efekt\u012bvs l\u012bdzeklis matu stiprin\u0101&scaron;anai un aug&scaron;anas veicin\u0101&scaron;anai. Tas stimul\u0113 asins mikrocirkul\u0101ciju, pal\u012bdzot dad\u017eu e\u013c\u013cas v\u0113rt\u012bgaj\u0101m viel\u0101m \u0101tr\u0101k nok\u013c\u016bt matu sakn\u0113s. Mati augs \u0101tr\u0101k, k\u013c\u016bs kupl\u0101ki, stipr\u0101ki un mirdzo&scaron;\u0101ki.<\/p>\n<p><strong>Lieto&scaron;ana: <\/strong>dad\u017eu e\u013c\u013cu (siltu) uzkl\u0101t uz matu sakn\u0113m, p\u0113c 20-30 min\u016bt\u0113m matus izmazg\u0101t ar &scaron;amp\u016bnu. Atk\u0101rtot proced\u016bru 1-2 reizes ned\u0113\u013c\u0101.<\/p>\n<p><strong>Uzman\u012bbu: <\/strong>Izvair\u012bties no iek\u013c\u016b&scaron;anas ac\u012bs! Ja iek\u013c\u016bst ac\u012bs,izskalot ar lielu daudzumu \u016bdens!<\/p>\n<p>Uzglab\u0101t temperat\u016br\u0101 no +5 &deg;C&nbsp;l\u012bdz +25 &deg;C.<\/p>\n","protected":false},"excerpt":{"rendered":"<p>Efekt\u012bvs l\u012bdzeklis matu stiprin\u0101&scaron;anai un aug&scaron;anas veicin\u0101&scaron;anai. Tas stimul\u0113 asins mikrocirkul\u0101ciju, pal\u012bdzot dad\u017eu e\u013c\u013cas v\u0113rt\u012bgaj\u0101m viel\u0101m \u0101tr\u0101k nok\u013c\u016bt matu sakn\u0113s. Mati augs \u0101tr\u0101k, k\u013c\u016bs kupl\u0101ki, stipr\u0101ki un mirdzo&scaron;\u0101ki. Lieto&scaron;ana: dad\u017eu e\u013c\u013cu (siltu) uzkl\u0101t uz matu sakn\u0113m, p\u0113c 20-30 min\u016bt\u0113m matus izmazg\u0101t ar &scaron;amp\u016bnu. Atk\u0101rtot proced\u016bru 1-2 reizes ned\u0113\u013c\u0101. Uzman\u012bbu: Izvair\u012bties no iek\u013c\u016b&scaron;anas ac\u012bs! Ja iek\u013c\u016bst [&#8230;]\n","protected":false},"featured_media":79030,"template":"","meta":[],"product_cat":[1343],"product_tag":[],"class_list":{"0":"post-32675","1":"product","2":"type-product","3":"status-publish","4":"has-post-thumbnail","6":"product_brand-elfa_ua","7":"product_cat-citi-matu-kopsanas-produkti","9":"first","10":"instock","11":"taxable","12":"shipping-taxable","13":"product-type-simple"},"_links":{"self":[{"href":"https:\/\/e.kosmolat.eu\/lv\/wp-json\/wp\/v2\/product\/32675","targetHints":{"allow":["GET"]}}],"collection":[{"href":"https:\/\/e.kosmolat.eu\/lv\/wp-json\/wp\/v2\/product"}],"about":[{"href":"https:\/\/e.kosmolat.eu\/lv\/wp-json\/wp\/v2\/types\/product"}],"wp:featuredmedia":[{"embeddable":true,"href":"https:\/\/e.kosmolat.eu\/lv\/wp-json\/wp\/v2\/media\/79030"}],"wp:attachment":[{"href":"https:\/\/e.kosmolat.eu\/lv\/wp-json\/wp\/v2\/media?parent=32675"}],"wp:term":[{"taxonomy":"product_cat","embeddable":true,"href":"https:\/\/e.kosmolat.eu\/lv\/wp-json\/wp\/v2\/product_cat?post=32675"},{"taxonomy":"product_tag","embeddable":true,"href":"https:\/\/e.kosmolat.eu\/lv\/wp-json\/wp\/v2\/product_tag?post=32675"}],"curies":[{"name":"wp","href":"https:\/\/api.w.org\/{rel}","templated":true}]}}