{"id":32671,"date":"2023-12-21T17:28:33","date_gmt":"2023-12-21T17:28:33","guid":{"rendered":"https:\/\/e.kosmolat.eu\/product\/dd-dadzu-ella-pret-matu-izkrisanu-100-ml\/"},"modified":"2026-04-23T13:25:58","modified_gmt":"2026-04-23T13:25:58","slug":"the-dr-hc-dadzu-ella-pret-matu-izkrisanu-100-ml","status":"publish","type":"product","link":"https:\/\/e.kosmolat.eu\/lv\/product\/the-dr-hc-dadzu-ella-pret-matu-izkrisanu-100-ml\/","title":{"rendered":"The Dr. H&#038;C Dad\u017eu e\u013c\u013ca pret matu izkri\u0161anu, 100 ml"},"content":{"rendered":"<p>Dab\u012bga dad\u017eu e\u013c\u013ca, unik\u0101la seboregul\u0113jo\u0161\u0101 tehnolo\u0123ija, sp\u0113c\u012bga stiprino\u0161a iedarb\u012bba. E\u013c\u013ca lieliski ies\u016bcas galvas \u0101d\u0101 un aptur nov\u0101jin\u0101tu matu izkri\u0161anu. Atjauno matu vitalit\u0101ti un sp\u012bdumu, nov\u0113r\u0161ot bl\u0101vumu un matu gali\u0146u \u0161\u0137el\u0161anos. T\u0101 maig\u0101s iedzarb\u012bbas rezult\u0101t\u0101 mati k\u013c\u016bst stipri, biezi, grezni.<\/p>\n<p><strong>Lieto\u0161ana:<\/strong> dad\u017eu e\u013c\u013cu (siltu) uzkl\u0101t uz matu sakn\u0113m, uzvilkt matu cepur\u012bti, p\u0113c 20-30 min\u016bt\u0113m matus nomazg\u0101t ar \u0161amp\u016bnu. Proced\u016bru atk\u0101rtot 1-2 reizes ned\u0113\u013c\u0101.<\/p>\n","protected":false},"excerpt":{"rendered":"<p>Dab\u012bga dad\u017eu e\u013c\u013ca, unik\u0101la seboregul\u0113jo\u0161\u0101 tehnolo\u0123ija, sp\u0113c\u012bga stiprino\u0161a iedarb\u012bba. E\u013c\u013ca lieliski ies\u016bcas galvas \u0101d\u0101 un aptur nov\u0101jin\u0101tu matu izkri\u0161anu. Atjauno matu vitalit\u0101ti un sp\u012bdumu, nov\u0113r\u0161ot bl\u0101vumu un matu gali\u0146u \u0161\u0137el\u0161anos. T\u0101 maig\u0101s iedzarb\u012bbas rezult\u0101t\u0101 mati k\u013c\u016bst stipri, biezi, grezni. Lieto\u0161ana: dad\u017eu e\u013c\u013cu (siltu) uzkl\u0101t uz matu sakn\u0113m, uzvilkt matu cepur\u012bti, p\u0113c 20-30 min\u016bt\u0113m matus nomazg\u0101t [&#8230;]\n","protected":false},"featured_media":79026,"template":"","meta":[],"product_cat":[1343],"product_tag":[],"class_list":{"0":"post-32671","1":"product","2":"type-product","3":"status-publish","4":"has-post-thumbnail","6":"product_brand-elfa_ua","7":"product_cat-citi-matu-kopsanas-produkti","9":"first","10":"instock","11":"taxable","12":"shipping-taxable","13":"product-type-simple"},"_links":{"self":[{"href":"https:\/\/e.kosmolat.eu\/lv\/wp-json\/wp\/v2\/product\/32671","targetHints":{"allow":["GET"]}}],"collection":[{"href":"https:\/\/e.kosmolat.eu\/lv\/wp-json\/wp\/v2\/product"}],"about":[{"href":"https:\/\/e.kosmolat.eu\/lv\/wp-json\/wp\/v2\/types\/product"}],"wp:featuredmedia":[{"embeddable":true,"href":"https:\/\/e.kosmolat.eu\/lv\/wp-json\/wp\/v2\/media\/79026"}],"wp:attachment":[{"href":"https:\/\/e.kosmolat.eu\/lv\/wp-json\/wp\/v2\/media?parent=32671"}],"wp:term":[{"taxonomy":"product_cat","embeddable":true,"href":"https:\/\/e.kosmolat.eu\/lv\/wp-json\/wp\/v2\/product_cat?post=32671"},{"taxonomy":"product_tag","embeddable":true,"href":"https:\/\/e.kosmolat.eu\/lv\/wp-json\/wp\/v2\/product_tag?post=32671"}],"curies":[{"name":"wp","href":"https:\/\/api.w.org\/{rel}","templated":true}]}}