{"id":32663,"date":"2023-12-21T17:27:58","date_gmt":"2023-12-21T17:27:58","guid":{"rendered":"https:\/\/e.kosmolat.eu\/product\/dd-krems-kajam-zirgkastanis-un-lauka-kosa-250-ml\/"},"modified":"2026-04-23T11:42:12","modified_gmt":"2026-04-23T11:42:12","slug":"dd-krems-kajam-zirgkastanis-un-lauka-kosa-250-ml","status":"publish","type":"product","link":"https:\/\/e.kosmolat.eu\/lv\/product\/dd-krems-kajam-zirgkastanis-un-lauka-kosa-250-ml\/","title":{"rendered":"&#8220;DD&#8221; Kr\u0113ms k\u0101j\u0101m &#8220;Zirgkastanis un lauka kosa&#8221;, 250 ml"},"content":{"rendered":"<p>Zirgkasta\u0146a &#8211; varokizes profilakse.\u00a0<\/p>\n<p>Sast\u0101vs ir bag\u0101tin\u0101ts ar zirgkasta\u0146as un lauku kosas. Kr\u0113ms m\u012bkstina, baro, aizsarg\u0101 \u0101du pret sausumu, samazina noguruma saj\u016btu un smagumu k\u0101j\u0101s. Zirgkasta\u0146as ekstrakts ir efekt\u012bvs dab\u012bgs &#8220;venotoni\u0137is&#8221;, kosas ekstraktam piem\u012bt nomierino\u0161a iedarb\u012bba. Regul\u0101ra kr\u0113ma lieto\u0161ana iev\u0113rojami uzlabo noguru\u0161u k\u0101ju st\u0101vokliun atgrie\u017e komforta saj\u016btu uz ilgu laiku.<\/p>\n<h4>Lieto\u0161ana:\u00a0<\/h4>\n<p>uzkl\u0101t uz t\u012bras sausas k\u0101ju \u0101das.<\/p>\n","protected":false},"excerpt":{"rendered":"<p>Zirgkasta\u0146a &#8211; varokizes profilakse.\u00a0 Sast\u0101vs ir bag\u0101tin\u0101ts ar zirgkasta\u0146as un lauku kosas. Kr\u0113ms m\u012bkstina, baro, aizsarg\u0101 \u0101du pret sausumu, samazina noguruma saj\u016btu un smagumu k\u0101j\u0101s. Zirgkasta\u0146as ekstrakts ir efekt\u012bvs dab\u012bgs &#8220;venotoni\u0137is&#8221;, kosas ekstraktam piem\u012bt nomierino\u0161a iedarb\u012bba. Regul\u0101ra kr\u0113ma lieto\u0161ana iev\u0113rojami uzlabo noguru\u0161u k\u0101ju st\u0101vokliun atgrie\u017e komforta saj\u016btu uz ilgu laiku. Lieto\u0161ana:\u00a0 uzkl\u0101t uz t\u012bras sausas [&#8230;]\n","protected":false},"featured_media":79746,"template":"","meta":[],"product_cat":[1761],"product_tag":[],"class_list":{"0":"post-32663","1":"product","2":"type-product","3":"status-publish","4":"has-post-thumbnail","6":"product_brand-elfa_ua","7":"product_cat-kaju-kopsanas-kosmetika","9":"first","10":"instock","11":"taxable","12":"shipping-taxable","13":"product-type-simple"},"_links":{"self":[{"href":"https:\/\/e.kosmolat.eu\/lv\/wp-json\/wp\/v2\/product\/32663","targetHints":{"allow":["GET"]}}],"collection":[{"href":"https:\/\/e.kosmolat.eu\/lv\/wp-json\/wp\/v2\/product"}],"about":[{"href":"https:\/\/e.kosmolat.eu\/lv\/wp-json\/wp\/v2\/types\/product"}],"wp:featuredmedia":[{"embeddable":true,"href":"https:\/\/e.kosmolat.eu\/lv\/wp-json\/wp\/v2\/media\/79746"}],"wp:attachment":[{"href":"https:\/\/e.kosmolat.eu\/lv\/wp-json\/wp\/v2\/media?parent=32663"}],"wp:term":[{"taxonomy":"product_cat","embeddable":true,"href":"https:\/\/e.kosmolat.eu\/lv\/wp-json\/wp\/v2\/product_cat?post=32663"},{"taxonomy":"product_tag","embeddable":true,"href":"https:\/\/e.kosmolat.eu\/lv\/wp-json\/wp\/v2\/product_tag?post=32663"}],"curies":[{"name":"wp","href":"https:\/\/api.w.org\/{rel}","templated":true}]}}