{"id":32659,"date":"2023-12-21T17:27:39","date_gmt":"2023-12-21T17:27:39","guid":{"rendered":"https:\/\/e.kosmolat.eu\/product\/dd-krems-kajam-ozola-miza-un-valrieksta-ekstrakts-250-ml\/"},"modified":"2026-04-22T13:31:42","modified_gmt":"2026-04-22T13:31:42","slug":"dd-krems-kajam-ozola-miza-un-valrieksta-ekstrakts-250-ml","status":"publish","type":"product","link":"https:\/\/e.kosmolat.eu\/lv\/product\/dd-krems-kajam-ozola-miza-un-valrieksta-ekstrakts-250-ml\/","title":{"rendered":"&#8220;DD&#8221; Kr\u0113ms k\u0101j\u0101m &#8220;Ozola miza un valrieksta ekstrakts&#8221;, 250 ml"},"content":{"rendered":"<p>Ozolu miza &#8211; profilakse: sv\u012b\u0161ana, plaisas uz p\u0113d\u0101m.<\/p>\n<p>Kr\u0113ms pal\u012bdz saglab\u0101t \u0101du vesel\u012bgu, gludu, z\u012bdainu. Ide\u0101li apvieno sev\u012b sast\u0101vda\u013cas, kuras no\u0146em k\u0101ju nogurumu un samazina sv\u012b\u0161anu. Ozolu mizai, pateicoties tan\u012bnam, piem\u012bt savelko\u0161a iedarb\u012bba. Valrieksts bie\u017ei tiek lietots k\u0101 toniz\u0113jo\u0161s l\u012bdzeklis.<\/p>\n<p>Lieto\u0161ana: uzkl\u0101t uz t\u012bras sausas k\u0101ju \u0101das.\u00a0<\/p>\n","protected":false},"excerpt":{"rendered":"<p>Ozolu miza &#8211; profilakse: sv\u012b\u0161ana, plaisas uz p\u0113d\u0101m. Kr\u0113ms pal\u012bdz saglab\u0101t \u0101du vesel\u012bgu, gludu, z\u012bdainu. Ide\u0101li apvieno sev\u012b sast\u0101vda\u013cas, kuras no\u0146em k\u0101ju nogurumu un samazina sv\u012b\u0161anu. Ozolu mizai, pateicoties tan\u012bnam, piem\u012bt savelko\u0161a iedarb\u012bba. Valrieksts bie\u017ei tiek lietots k\u0101 toniz\u0113jo\u0161s l\u012bdzeklis. Lieto\u0161ana: uzkl\u0101t uz t\u012bras sausas k\u0101ju \u0101das.\u00a0<\/p>\n","protected":false},"featured_media":79742,"template":"","meta":[],"product_cat":[1999],"product_tag":[],"class_list":{"0":"post-32659","1":"product","2":"type-product","3":"status-publish","4":"has-post-thumbnail","6":"product_brand-elfa_ua","7":"product_cat-bez-kategorijas","9":"first","10":"instock","11":"taxable","12":"shipping-taxable","13":"product-type-simple"},"_links":{"self":[{"href":"https:\/\/e.kosmolat.eu\/lv\/wp-json\/wp\/v2\/product\/32659","targetHints":{"allow":["GET"]}}],"collection":[{"href":"https:\/\/e.kosmolat.eu\/lv\/wp-json\/wp\/v2\/product"}],"about":[{"href":"https:\/\/e.kosmolat.eu\/lv\/wp-json\/wp\/v2\/types\/product"}],"wp:featuredmedia":[{"embeddable":true,"href":"https:\/\/e.kosmolat.eu\/lv\/wp-json\/wp\/v2\/media\/79742"}],"wp:attachment":[{"href":"https:\/\/e.kosmolat.eu\/lv\/wp-json\/wp\/v2\/media?parent=32659"}],"wp:term":[{"taxonomy":"product_cat","embeddable":true,"href":"https:\/\/e.kosmolat.eu\/lv\/wp-json\/wp\/v2\/product_cat?post=32659"},{"taxonomy":"product_tag","embeddable":true,"href":"https:\/\/e.kosmolat.eu\/lv\/wp-json\/wp\/v2\/product_tag?post=32659"}],"curies":[{"name":"wp","href":"https:\/\/api.w.org\/{rel}","templated":true}]}}