{"id":32655,"date":"2023-12-21T17:27:17","date_gmt":"2023-12-21T17:27:17","guid":{"rendered":"https:\/\/e.kosmolat.eu\/product\/dd-krems-pedu-plaisu-profilaksei-42-ml\/"},"modified":"2026-04-22T10:33:37","modified_gmt":"2026-04-22T10:33:37","slug":"the-dr-hc-krems-pedu-plaisu-profilaksei-42-ml","status":"publish","type":"product","link":"https:\/\/e.kosmolat.eu\/lv\/product\/the-dr-hc-krems-pedu-plaisu-profilaksei-42-ml\/","title":{"rendered":"The Dr. H&#038;C Kr\u0113ms p\u0113du plaisu profilaksei, 42 ml"},"content":{"rendered":"<p>Kr\u0113ms ar zelta st\u012bgas ekstraktu saglab\u0101 p\u0113du \u0101du vesel\u012bgu, m\u012bkstu, bez s\u0101p\u012bg\u0101m plais\u0101m. Zelta st\u012bgas sulai piem\u012bt aizsarg\u0101jo&scaron;a, nomierino&scaron;a un atjaunojo&scaron;a iedarb\u012bba, pal\u012bdz \u0101das boj\u0101jumu gad\u012bjum\u0101. Kr\u0113ms mitrina p\u0113du \u0101du, padarot to gludu un maigu.<\/p>\n<p><strong>Lieto&scaron;ana:&nbsp;<\/strong>uzkl\u0101t uz t\u012bras sausas p\u0113du \u0101das.&nbsp;<\/p>\n<p>Uzglab\u0101t temperat\u016br\u0101 no +5 &deg;\u0421 l\u012bdz +25 &deg;\u0421.<\/p>\n","protected":false},"excerpt":{"rendered":"<p>Kr\u0113ms ar zelta st\u012bgas ekstraktu saglab\u0101 p\u0113du \u0101du vesel\u012bgu, m\u012bkstu, bez s\u0101p\u012bg\u0101m plais\u0101m. Zelta st\u012bgas sulai piem\u012bt aizsarg\u0101jo&scaron;a, nomierino&scaron;a un atjaunojo&scaron;a iedarb\u012bba, pal\u012bdz \u0101das boj\u0101jumu gad\u012bjum\u0101. Kr\u0113ms mitrina p\u0113du \u0101du, padarot to gludu un maigu. Lieto&scaron;ana:&nbsp;uzkl\u0101t uz t\u012bras sausas p\u0113du \u0101das.&nbsp; Uzglab\u0101t temperat\u016br\u0101 no +5 &deg;\u0421 l\u012bdz +25 &deg;\u0421.<\/p>\n","protected":false},"featured_media":79046,"template":"","meta":[],"product_cat":[1999],"product_tag":[],"class_list":{"0":"post-32655","1":"product","2":"type-product","3":"status-publish","4":"has-post-thumbnail","6":"product_brand-elfa_ua","7":"product_cat-bez-kategorijas","9":"first","10":"instock","11":"taxable","12":"shipping-taxable","13":"product-type-simple"},"_links":{"self":[{"href":"https:\/\/e.kosmolat.eu\/lv\/wp-json\/wp\/v2\/product\/32655","targetHints":{"allow":["GET"]}}],"collection":[{"href":"https:\/\/e.kosmolat.eu\/lv\/wp-json\/wp\/v2\/product"}],"about":[{"href":"https:\/\/e.kosmolat.eu\/lv\/wp-json\/wp\/v2\/types\/product"}],"wp:featuredmedia":[{"embeddable":true,"href":"https:\/\/e.kosmolat.eu\/lv\/wp-json\/wp\/v2\/media\/79046"}],"wp:attachment":[{"href":"https:\/\/e.kosmolat.eu\/lv\/wp-json\/wp\/v2\/media?parent=32655"}],"wp:term":[{"taxonomy":"product_cat","embeddable":true,"href":"https:\/\/e.kosmolat.eu\/lv\/wp-json\/wp\/v2\/product_cat?post=32655"},{"taxonomy":"product_tag","embeddable":true,"href":"https:\/\/e.kosmolat.eu\/lv\/wp-json\/wp\/v2\/product_tag?post=32655"}],"curies":[{"name":"wp","href":"https:\/\/api.w.org\/{rel}","templated":true}]}}