{"id":32651,"date":"2023-12-21T17:26:55","date_gmt":"2023-12-21T17:26:55","guid":{"rendered":"https:\/\/e.kosmolat.eu\/product\/dd-krems-varzacu-pedu-saciet-profilaksei-42-ml\/"},"modified":"2026-04-23T11:41:59","modified_gmt":"2026-04-23T11:41:59","slug":"the-dr-hc-krems-varzacu-pedu-saciet-profilaksei-42-ml","status":"publish","type":"product","link":"https:\/\/e.kosmolat.eu\/lv\/product\/the-dr-hc-krems-varzacu-pedu-saciet-profilaksei-42-ml\/","title":{"rendered":"The Dr. H&#038;C Kr\u0113ms var\u017eacu, p\u0113du saciet. profilaksei, 42 ml"},"content":{"rendered":"<p>Ar bi&scaron;u vasku un balt\u0101 v\u012btola mizas ekstraktu. Dermatolo\u0123iski p\u0101rbaud\u012bts.<\/p>\n<p><strong>Lieto&scaron;ana:<\/strong> uzkl\u0101t uz t\u012bras, sausas p\u0113du \u0101das.<\/p>\n<p><strong>Piesardz\u012bbas pas\u0101kumi:<\/strong> iesp\u0113jama paaugstin\u0101ta individu\u0101l\u0101 jut\u012bba pret atsevi&scaron;\u0137\u0101m sast\u0101vda\u013c\u0101m.<\/p>\n<p>Uzglab\u0101t temperat\u016br\u0101 no +5&deg;C l\u012bdz +25&deg;C.<br \/>\n&nbsp;<\/p>\n","protected":false},"excerpt":{"rendered":"<p>Ar bi&scaron;u vasku un balt\u0101 v\u012btola mizas ekstraktu. Dermatolo\u0123iski p\u0101rbaud\u012bts. Lieto&scaron;ana: uzkl\u0101t uz t\u012bras, sausas p\u0113du \u0101das. Piesardz\u012bbas pas\u0101kumi: iesp\u0113jama paaugstin\u0101ta individu\u0101l\u0101 jut\u012bba pret atsevi&scaron;\u0137\u0101m sast\u0101vda\u013c\u0101m. Uzglab\u0101t temperat\u016br\u0101 no +5&deg;C l\u012bdz +25&deg;C. &nbsp;<\/p>\n","protected":false},"featured_media":79042,"template":"","meta":[],"product_cat":[1761],"product_tag":[],"class_list":{"0":"post-32651","1":"product","2":"type-product","3":"status-publish","4":"has-post-thumbnail","6":"product_brand-elfa_ua","7":"product_cat-kaju-kopsanas-kosmetika","9":"first","10":"instock","11":"taxable","12":"shipping-taxable","13":"product-type-simple"},"_links":{"self":[{"href":"https:\/\/e.kosmolat.eu\/lv\/wp-json\/wp\/v2\/product\/32651","targetHints":{"allow":["GET"]}}],"collection":[{"href":"https:\/\/e.kosmolat.eu\/lv\/wp-json\/wp\/v2\/product"}],"about":[{"href":"https:\/\/e.kosmolat.eu\/lv\/wp-json\/wp\/v2\/types\/product"}],"wp:featuredmedia":[{"embeddable":true,"href":"https:\/\/e.kosmolat.eu\/lv\/wp-json\/wp\/v2\/media\/79042"}],"wp:attachment":[{"href":"https:\/\/e.kosmolat.eu\/lv\/wp-json\/wp\/v2\/media?parent=32651"}],"wp:term":[{"taxonomy":"product_cat","embeddable":true,"href":"https:\/\/e.kosmolat.eu\/lv\/wp-json\/wp\/v2\/product_cat?post=32651"},{"taxonomy":"product_tag","embeddable":true,"href":"https:\/\/e.kosmolat.eu\/lv\/wp-json\/wp\/v2\/product_tag?post=32651"}],"curies":[{"name":"wp","href":"https:\/\/api.w.org\/{rel}","templated":true}]}}