{"id":32647,"date":"2023-12-21T17:26:33","date_gmt":"2023-12-21T17:26:33","guid":{"rendered":"https:\/\/e.kosmolat.eu\/product\/dd-sejas-krems-medus-un-smiltserkskis-250-ml\/"},"modified":"2026-04-22T14:06:30","modified_gmt":"2026-04-22T14:06:30","slug":"dd-sejas-krems-medus-un-smiltserkskis-250-ml","status":"publish","type":"product","link":"https:\/\/e.kosmolat.eu\/lv\/product\/dd-sejas-krems-medus-un-smiltserkskis-250-ml\/","title":{"rendered":"&#8220;DD&#8221; Sejas kr\u0113ms &#8220;Medus un smilts\u0113rk\u0161\u0137is&#8221;, 250 ml"},"content":{"rendered":"<p>Multivitam\u012bnu kr\u0113ms ar aizsarg\u0101jo&scaron;\u0101m \u012bpa&scaron;\u012bb\u0101m. Univers\u0101ls vitam\u012bnu kr\u0113ms atjauno \u0101das elast\u012bbu, tvirtumu, no\u0146em noguruma p\u0113das. Lieliski apvieno sev\u012b lieliskus smilts\u0113rk&scaron;\u0137u un medus v\u0113rt\u012bgu vielu kompleksu. Smilts\u0113rk&scaron;\u0137is m\u012bkstina \u0101du un re\u0123ener\u0113 s\u012bkas grumbi\u0146as. Medus baro un mitrina, sniedz pretiekaisuma iedarb\u012bbu.<\/p>\n<p><strong>Lieto&scaron;ana:<\/strong> uzkl\u0101t kr\u0113mu uz t\u012bras sausas \u0101das. Lietot sejai, kaklam, \u0137ermenim.<\/p>\n<p><strong>Piesardz\u012bbas pas\u0101kumi:<\/strong> paaugstin\u0101ta individu\u0101la jut\u012bba uz atsevi&scaron;\u0137\u0101m<\/p>\n","protected":false},"excerpt":{"rendered":"<p>Multivitam\u012bnu kr\u0113ms ar aizsarg\u0101jo&scaron;\u0101m \u012bpa&scaron;\u012bb\u0101m. Univers\u0101ls vitam\u012bnu kr\u0113ms atjauno \u0101das elast\u012bbu, tvirtumu, no\u0146em noguruma p\u0113das. Lieliski apvieno sev\u012b lieliskus smilts\u0113rk&scaron;\u0137u un medus v\u0113rt\u012bgu vielu kompleksu. Smilts\u0113rk&scaron;\u0137is m\u012bkstina \u0101du un re\u0123ener\u0113 s\u012bkas grumbi\u0146as. Medus baro un mitrina, sniedz pretiekaisuma iedarb\u012bbu. Lieto&scaron;ana: uzkl\u0101t kr\u0113mu uz t\u012bras sausas \u0101das. Lietot sejai, kaklam, \u0137ermenim. Piesardz\u012bbas pas\u0101kumi: paaugstin\u0101ta individu\u0101la jut\u012bba [&#8230;]\n","protected":false},"featured_media":79670,"template":"","meta":[],"product_cat":[1999],"product_tag":[],"class_list":{"0":"post-32647","1":"product","2":"type-product","3":"status-publish","4":"has-post-thumbnail","6":"product_brand-elfa_ua","7":"product_cat-bez-kategorijas","9":"first","10":"instock","11":"taxable","12":"shipping-taxable","13":"product-type-simple"},"_links":{"self":[{"href":"https:\/\/e.kosmolat.eu\/lv\/wp-json\/wp\/v2\/product\/32647","targetHints":{"allow":["GET"]}}],"collection":[{"href":"https:\/\/e.kosmolat.eu\/lv\/wp-json\/wp\/v2\/product"}],"about":[{"href":"https:\/\/e.kosmolat.eu\/lv\/wp-json\/wp\/v2\/types\/product"}],"wp:featuredmedia":[{"embeddable":true,"href":"https:\/\/e.kosmolat.eu\/lv\/wp-json\/wp\/v2\/media\/79670"}],"wp:attachment":[{"href":"https:\/\/e.kosmolat.eu\/lv\/wp-json\/wp\/v2\/media?parent=32647"}],"wp:term":[{"taxonomy":"product_cat","embeddable":true,"href":"https:\/\/e.kosmolat.eu\/lv\/wp-json\/wp\/v2\/product_cat?post=32647"},{"taxonomy":"product_tag","embeddable":true,"href":"https:\/\/e.kosmolat.eu\/lv\/wp-json\/wp\/v2\/product_tag?post=32647"}],"curies":[{"name":"wp","href":"https:\/\/api.w.org\/{rel}","templated":true}]}}