{"id":32643,"date":"2023-12-21T17:26:12","date_gmt":"2023-12-21T17:26:12","guid":{"rendered":"https:\/\/e.kosmolat.eu\/product\/dd-sejas-krems-alveja-un-zensens-250-ml\/"},"modified":"2026-04-20T07:46:10","modified_gmt":"2026-04-20T07:46:10","slug":"the-dr-hc-sejas-krems-alveja-un-zensens-3-in-1-250-ml","status":"publish","type":"product","link":"https:\/\/e.kosmolat.eu\/lv\/product\/the-dr-hc-sejas-krems-alveja-un-zensens-3-in-1-250-ml\/","title":{"rendered":"The Dr. H&#038;C Sejas kr\u0113ms &#8220;Alveja un \u017ee\u0146\u0161e\u0146s&#8221; 3 in 1, 250 ml"},"content":{"rendered":"<p>Intens\u012bv\u0101 mitrin\u0101&scaron;ana. \u017de\u0146&scaron;e\u0146s kav\u0113 priek&scaron;laic\u012bgu \u0101das noveco&scaron;anu. Univers\u0101ls kr\u0113ms paredz\u0113ts visiem \u0101das tipiem, \u012bpa&scaron;i sausai \u0101dai. Satur alveju &#8211; dab\u012bga mitrino&scaron;a sast\u0101vda\u013ca, kur&scaron; kav\u0113 p\u0101rm\u0113r\u012bgu sausin\u0101&scaron;anu, rezult\u0101t\u0101 \u0101da saglab\u0101 svaigumu un tvirtumu. \u017de\u0146&scaron;e\u0146s toniz\u0113 un stimul\u0113 &scaron;\u016bnu atjauno&scaron;anas procesu, lieliski mitrina, kav\u0113 priek&scaron;laic\u012bgu noveco&scaron;anu.&nbsp;<\/p>\n<p><strong>Lieto&scaron;ana: <\/strong>uzkl\u0101t kr\u0113mu uz sausas t\u012bras \u0101das. Lietot sejai, kaklam un \u0137ermenim.<\/p>\n<p><strong>Br\u012bdin\u0101jums<\/strong><strong>:<\/strong> satur A vitam\u012bnu. L\u016bgums pirms lieto&scaron;anas p\u0101rdom\u0101t savu dienas devu.<\/p>\n<p><strong>Piesardz\u012bbas pas\u0101kumi:<\/strong> paaugstin\u0101ta individu\u0101l\u0101 jut\u012bba uz atsevi&scaron;\u0137\u0101m sast\u0101vda\u013c\u0101m.&nbsp;<\/p>\n","protected":false},"excerpt":{"rendered":"<p>Intens\u012bv\u0101 mitrin\u0101&scaron;ana. \u017de\u0146&scaron;e\u0146s kav\u0113 priek&scaron;laic\u012bgu \u0101das noveco&scaron;anu. Univers\u0101ls kr\u0113ms paredz\u0113ts visiem \u0101das tipiem, \u012bpa&scaron;i sausai \u0101dai. Satur alveju &#8211; dab\u012bga mitrino&scaron;a sast\u0101vda\u013ca, kur&scaron; kav\u0113 p\u0101rm\u0113r\u012bgu sausin\u0101&scaron;anu, rezult\u0101t\u0101 \u0101da saglab\u0101 svaigumu un tvirtumu. \u017de\u0146&scaron;e\u0146s toniz\u0113 un stimul\u0113 &scaron;\u016bnu atjauno&scaron;anas procesu, lieliski mitrina, kav\u0113 priek&scaron;laic\u012bgu noveco&scaron;anu.&nbsp; Lieto&scaron;ana: uzkl\u0101t kr\u0113mu uz sausas t\u012bras \u0101das. Lietot sejai, kaklam un [&#8230;]\n","protected":false},"featured_media":79666,"template":"","meta":[],"product_cat":[1323],"product_tag":[],"class_list":{"0":"post-32643","1":"product","2":"type-product","3":"status-publish","4":"has-post-thumbnail","6":"product_brand-elfa_ua","7":"product_cat-1323","9":"first","10":"instock","11":"taxable","12":"shipping-taxable","13":"product-type-simple"},"_links":{"self":[{"href":"https:\/\/e.kosmolat.eu\/lv\/wp-json\/wp\/v2\/product\/32643","targetHints":{"allow":["GET"]}}],"collection":[{"href":"https:\/\/e.kosmolat.eu\/lv\/wp-json\/wp\/v2\/product"}],"about":[{"href":"https:\/\/e.kosmolat.eu\/lv\/wp-json\/wp\/v2\/types\/product"}],"wp:featuredmedia":[{"embeddable":true,"href":"https:\/\/e.kosmolat.eu\/lv\/wp-json\/wp\/v2\/media\/79666"}],"wp:attachment":[{"href":"https:\/\/e.kosmolat.eu\/lv\/wp-json\/wp\/v2\/media?parent=32643"}],"wp:term":[{"taxonomy":"product_cat","embeddable":true,"href":"https:\/\/e.kosmolat.eu\/lv\/wp-json\/wp\/v2\/product_cat?post=32643"},{"taxonomy":"product_tag","embeddable":true,"href":"https:\/\/e.kosmolat.eu\/lv\/wp-json\/wp\/v2\/product_tag?post=32643"}],"curies":[{"name":"wp","href":"https:\/\/api.w.org\/{rel}","templated":true}]}}